{"id":3193,"date":"2024-09-25T15:27:01","date_gmt":"2024-09-25T12:27:01","guid":{"rendered":"https:\/\/lankakauppaihana.fi\/?post_type=product&#038;p=3193"},"modified":"2026-03-18T13:21:40","modified_gmt":"2026-03-18T11:21:40","slug":"symfonie-vaihtopaat-10cm","status":"publish","type":"product","link":"https:\/\/lankakauppaihana.fi\/index.php\/product\/symfonie-vaihtopaat-10cm\/","title":{"rendered":"Symfonie vaihtop\u00e4\u00e4t 10cm"},"content":{"rendered":"","protected":false},"excerpt":{"rendered":"<p>Knitpron Symfonie-sarjan py\u00f6r\u00f6puikon vaihtop\u00e4\u00e4t ovat monille tutut kuvioinnistaan. Symfonie-vaihtop\u00e4\u00e4t on valmistettu koivusta, ja niiden pinta on laminoitu liukkaaksi. Symfonie-vaihtop\u00e4\u00e4t ovat eritt\u00e4in kevyet ja niiden k\u00e4rki on sormiyst\u00e4v\u00e4llinen (eli ei ter\u00e4v\u00e4).<\/p>\n<p>Knitpron kaikki vaihtop\u00e4\u00e4t sopivat kaikkien Knitpro-kaapeleiden kanssa yhteen, eli jos haluat eritt\u00e4in sujuvan neulomiskokemuksen, suosittelemme Symfonie-vaihtop\u00e4iden kanssa k\u00e4ytett\u00e4v\u00e4ksi 360-astetta akselinsa ymp\u00e4ri py\u00f6riv\u00e4\u00e4 <a href=\"https:\/\/lankakauppaihana.fi\/index.php\/product-category\/puikotjamuuttarvikkeet\/knitpro\/kaapelit-knitpro\/\">Swivel-kaapelia<\/a>, joka on ohuenohut ja eritt\u00e4in taipuisa! &lt;3<\/p>\n","protected":false},"featured_media":3205,"template":"","meta":{"_monsterinsights_skip_tracking":false,"_monsterinsights_sitenote_active":false,"_monsterinsights_sitenote_note":"","_monsterinsights_sitenote_category":0,"_uf_show_specific_survey":0,"_uf_disable_surveys":false},"product_brand":[],"product_cat":[58],"product_tag":[392,393,394],"class_list":{"0":"post-3193","1":"product","2":"type-product","3":"status-publish","4":"has-post-thumbnail","6":"product_cat-vaihtopaat-knitpro","7":"product_tag-knitpro","8":"product_tag-mindful","9":"product_tag-vaihtopaat","11":"first","12":"instock","13":"taxable","14":"shipping-taxable","15":"purchasable","16":"product-type-variable"},"_links":{"self":[{"href":"https:\/\/lankakauppaihana.fi\/index.php\/wp-json\/wp\/v2\/product\/3193","targetHints":{"allow":["GET"]}}],"collection":[{"href":"https:\/\/lankakauppaihana.fi\/index.php\/wp-json\/wp\/v2\/product"}],"about":[{"href":"https:\/\/lankakauppaihana.fi\/index.php\/wp-json\/wp\/v2\/types\/product"}],"wp:featuredmedia":[{"embeddable":true,"href":"https:\/\/lankakauppaihana.fi\/index.php\/wp-json\/wp\/v2\/media\/3205"}],"wp:attachment":[{"href":"https:\/\/lankakauppaihana.fi\/index.php\/wp-json\/wp\/v2\/media?parent=3193"}],"wp:term":[{"taxonomy":"product_brand","embeddable":true,"href":"https:\/\/lankakauppaihana.fi\/index.php\/wp-json\/wp\/v2\/product_brand?post=3193"},{"taxonomy":"product_cat","embeddable":true,"href":"https:\/\/lankakauppaihana.fi\/index.php\/wp-json\/wp\/v2\/product_cat?post=3193"},{"taxonomy":"product_tag","embeddable":true,"href":"https:\/\/lankakauppaihana.fi\/index.php\/wp-json\/wp\/v2\/product_tag?post=3193"}],"curies":[{"name":"wp","href":"https:\/\/api.w.org\/{rel}","templated":true}]}}