{"id":3211,"date":"2024-09-25T16:34:42","date_gmt":"2024-09-25T13:34:42","guid":{"rendered":"https:\/\/lankakauppaihana.fi\/?post_type=product&#038;p=3211"},"modified":"2025-04-09T17:31:01","modified_gmt":"2025-04-09T14:31:01","slug":"raggi-cloud-pink-lounge","status":"publish","type":"product","link":"https:\/\/lankakauppaihana.fi\/index.php\/product\/raggi-cloud-pink-lounge\/","title":{"rendered":"Raggi Cloud Pink Lounge"},"content":{"rendered":"","protected":false},"excerpt":{"rendered":"<p>J\u00e4rbo Raggi on paksu ja kest\u00e4v\u00e4 sukkalanka, jota neulot puikoilla 4\u00bd.<\/p>\n<p>Raggi sis\u00e4lt\u00e4\u00e4 70% villaa ja 30% nailonia.<br \/>\nRaggin juoksevuus on 150m\/100g.<br \/>\nKer\u00e4n koko 100g.<\/p>\n<p>Kehr\u00e4tty Turkissa.<\/p>\n","protected":false},"featured_media":3217,"template":"","meta":{"_monsterinsights_skip_tracking":false,"_monsterinsights_sitenote_active":false,"_monsterinsights_sitenote_note":"","_monsterinsights_sitenote_category":0,"_uf_show_specific_survey":0,"_uf_disable_surveys":false},"product_brand":[],"product_cat":[234,158,73],"product_tag":[72,79,75,68],"class_list":{"0":"post-3211","1":"product","2":"type-product","3":"status-publish","4":"has-post-thumbnail","6":"product_cat-raggi4","7":"product_cat-raggi3","8":"product_cat-raggi","9":"product_tag-jarbo","10":"product_tag-paksusukkalanka","11":"product_tag-raggi","12":"product_tag-sukkalanka","14":"first","15":"instock","16":"taxable","17":"shipping-taxable","18":"purchasable","19":"product-type-simple"},"_links":{"self":[{"href":"https:\/\/lankakauppaihana.fi\/index.php\/wp-json\/wp\/v2\/product\/3211","targetHints":{"allow":["GET"]}}],"collection":[{"href":"https:\/\/lankakauppaihana.fi\/index.php\/wp-json\/wp\/v2\/product"}],"about":[{"href":"https:\/\/lankakauppaihana.fi\/index.php\/wp-json\/wp\/v2\/types\/product"}],"wp:featuredmedia":[{"embeddable":true,"href":"https:\/\/lankakauppaihana.fi\/index.php\/wp-json\/wp\/v2\/media\/3217"}],"wp:attachment":[{"href":"https:\/\/lankakauppaihana.fi\/index.php\/wp-json\/wp\/v2\/media?parent=3211"}],"wp:term":[{"taxonomy":"product_brand","embeddable":true,"href":"https:\/\/lankakauppaihana.fi\/index.php\/wp-json\/wp\/v2\/product_brand?post=3211"},{"taxonomy":"product_cat","embeddable":true,"href":"https:\/\/lankakauppaihana.fi\/index.php\/wp-json\/wp\/v2\/product_cat?post=3211"},{"taxonomy":"product_tag","embeddable":true,"href":"https:\/\/lankakauppaihana.fi\/index.php\/wp-json\/wp\/v2\/product_tag?post=3211"}],"curies":[{"name":"wp","href":"https:\/\/api.w.org\/{rel}","templated":true}]}}