{"id":3238,"date":"2025-11-05T10:48:39","date_gmt":"2025-11-05T08:48:39","guid":{"rendered":"https:\/\/lankakauppaihana.fi\/?post_type=product&#038;p=3238"},"modified":"2025-12-03T12:40:13","modified_gmt":"2025-12-03T10:40:13","slug":"sadepaivan-paita-pdf-ohje","status":"publish","type":"product","link":"https:\/\/lankakauppaihana.fi\/index.php\/product\/sadepaivan-paita-pdf-ohje\/","title":{"rendered":"Sadep\u00e4iv\u00e4n paita (pdf-ohje)"},"content":{"rendered":"<p>S\/M-kokoista Sadep\u00e4iv\u00e4n paitaa varten tarvitset:<\/p>\n<p>&#8211; 2x50g ker\u00e4\u00e4 \/ 100g Arctic Banana <a href=\"https:\/\/lankakauppaihana.fi\/index.php\/product-category\/valmistajat\/arctic-banana\/flyinbanana\/\">Flyin&#8217; Banana<\/a> (700m\/100g)<br \/>\n&#8211; 4x25g ker\u00e4\u00e4 \/ 100g <a href=\"https:\/\/lankakauppaihana.fi\/index.php\/product-category\/tuotteet\/langat\/vahvuus\/lace-vahvuus\/mohairluxe4\/\">Lang Yarns Mohair Luxe<\/a> (700m\/100g)<\/p>\n<p>&#8230;TAI 2 eri lace- tai light fingering -vahvuista (noin 500-800m\/100g) lankaa 700+700 metri\u00e4.<br \/>\nL-kokoinen neule nappaa kumpaakin lankaa noin 1000 metri\u00e4, XL-kokoinen noin 1200-1300 metri\u00e4.<\/p>\n<p>&#8211; 40cm ja 80-100cm py\u00f6r\u00f6puikot kokoa 3\u00bd<br \/>\n&#8211; 40cm ja 80-100cm py\u00f6r\u00f6puikot kokoa 5<br \/>\n&#8211; silmukkamerkkej\u00e4<br \/>\n&#8211; silmukkakaapelit hihoille<\/p>\n<p><em>Ohje on s\u00e4hk\u00f6inen ladattava pdf-tiedosto, jonka saat k\u00e4ytt\u00f6\u00f6si automaattisesti heti maksettuasi tuotteen.<\/em><\/p>\n<p>Muita lankavaihtoehtoja toiseksi (p\u00f6rr\u00f6)langaksi:<\/p>\n<p>&#8211; <a href=\"https:\/\/lankakauppaihana.fi\/index.php\/product-category\/valmistajat\/isager\/silkmohair\/\">Isager Silk Mohair<\/a> (Jos haluat k\u00e4ytt\u00e4\u00e4 kaikki 4x25g ker\u00e4\u00e4, tarvitset 100g silkkimohairin lis\u00e4ksi 120g Flyin&#8217; Bananaa.) Huomioithan, ett\u00e4 Isagerin silkkimohairilla neulottaessa paidasta ei tule yht\u00e4 p\u00f6rr\u00f6inen kuin Mohair Luxea k\u00e4ytett\u00e4ess\u00e4.<\/p>\n<p>&#8211; <a href=\"https:\/\/lankakauppaihana.fi\/index.php\/product-category\/tuotteet\/langat\/materiaalit\/silkki\/zen4\/\">Lang Yarns Zen<\/a>, jolloin saat p\u00f6rr\u00f6isen luonnonkuituisen paidan ILMAN mohairia ja sen tuomaa kiiltoa. (Jos haluat k\u00e4ytt\u00e4\u00e4 kaikki 4x25g ker\u00e4\u00e4 Zeni\u00e4, tarvitset Flyin&#8217; Bananaa noin 120-130g.)<\/p>\n<p>Muita lankavaihtoehtoja toiseksi (pohja)langaksi:<\/p>\n<p>&#8211; <a href=\"https:\/\/lankakauppaihana.fi\/index.php\/product-category\/valmistajat\/idankehraamo\/ikpitsilanka\/\">Id\u00e4n Kehr\u00e4\u00e4m\u00f6n pitsilanka<\/a> (sama juoksevuus kuin Flyin&#8217; Bananalla eli 100g lankaa riitt\u00e4\u00e4 S\/M-kokoiseen paitaan)<br \/>\n&#8211; <a href=\"https:\/\/lankakauppaihana.fi\/index.php\/product-category\/tuotteet\/langat\/materiaalit\/villa\/merinovilla\/merino400\/\">Lang Yarns Merino400<\/a><br \/>\n&#8211; <a href=\"https:\/\/lankakauppaihana.fi\/index.php\/product-category\/valmistajat\/isager\/tvinni\/\">Isager Tvinni<\/a><br \/>\n&#8211; <a href=\"https:\/\/lankakauppaihana.fi\/index.php\/product-category\/valmistajat\/isager\/highland2\/\">Isager Highland<\/a><\/p>\n","protected":false},"excerpt":{"rendered":"<p align=\"LEFT\">Sadep\u00e4iv\u00e4n paita on unelmankevyt &#8211; S\/M-kokoinen paita painaa vain 200g! Paita sopii hyvin sek\u00e4 arkeen ett\u00e4 juhlaan, ja keveytens\u00e4 puolesta se ei ole liian kuuma edes kes\u00e4iltoihin.<\/p>\n<p>Sadep\u00e4iv\u00e4n paita neulotaan ylh\u00e4\u00e4lt\u00e4 alas kahdesta ohuesta langasta yht\u00e4 aikaa isoilla koon 5 puikoilla. Neulos on 3,5-koon puikoilla neulottavia kierteisi\u00e4 lyhyit\u00e4 resoreita lukuunottamatta sile\u00e4\u00e4 neulosta. Paita on muotoiltu lyhennetyill\u00e4 kerroksilla, eli jos et ole viel\u00e4 k\u00e4ytt\u00e4nyt niit\u00e4, nyt on hyv\u00e4 mahdollisuus oppia niiden tuoma hy\u00f6ty! &lt;3 Ohje on kuitenkin todella simppeli, ja se sopii my\u00f6s ensimm\u00e4ist\u00e4 villapaitaansa neuloville \ud83d\ude42<\/p>\n<p>Malli on kropattu eli lyhyt, mutta voit neuloa siit\u00e4 pidemm\u00e4nkin. Voit my\u00f6s neuloa mallista t-paita- tai 3\/4-hihaisen!<\/p>\n<p>Ohje sis\u00e4lt\u00e4\u00e4 koot S, M, L ja XL. Voit kuitenkin helposti tehd\u00e4 paidasta isommankin! Ylh\u00e4\u00e4lt\u00e4 alas neulottaessa voit sovittaa paitaa miss\u00e4 tahansa ty\u00f6n vaiheessa, jolloin ohjeen sis\u00e4lt\u00e4mill\u00e4 neuvoilla voit muokata paitaa omille yksil\u00f6llisille mitoillesi paremmin istuvaksi \ud83d\ude42<\/p>\n<p align=\"LEFT\">\n","protected":false},"featured_media":3242,"template":"","meta":{"_monsterinsights_skip_tracking":false,"_monsterinsights_sitenote_active":false,"_monsterinsights_sitenote_note":"","_monsterinsights_sitenote_category":0,"_uf_show_specific_survey":0,"_uf_disable_surveys":false},"product_brand":[],"product_cat":[61,94],"product_tag":[],"class_list":{"0":"post-3238","1":"product","2":"type-product","3":"status-publish","4":"has-post-thumbnail","6":"product_cat-neuleohjeet","7":"product_cat-uutuudet","9":"first","10":"instock","11":"downloadable","12":"virtual","13":"taxable","14":"purchasable","15":"product-type-simple"},"_links":{"self":[{"href":"https:\/\/lankakauppaihana.fi\/index.php\/wp-json\/wp\/v2\/product\/3238","targetHints":{"allow":["GET"]}}],"collection":[{"href":"https:\/\/lankakauppaihana.fi\/index.php\/wp-json\/wp\/v2\/product"}],"about":[{"href":"https:\/\/lankakauppaihana.fi\/index.php\/wp-json\/wp\/v2\/types\/product"}],"wp:featuredmedia":[{"embeddable":true,"href":"https:\/\/lankakauppaihana.fi\/index.php\/wp-json\/wp\/v2\/media\/3242"}],"wp:attachment":[{"href":"https:\/\/lankakauppaihana.fi\/index.php\/wp-json\/wp\/v2\/media?parent=3238"}],"wp:term":[{"taxonomy":"product_brand","embeddable":true,"href":"https:\/\/lankakauppaihana.fi\/index.php\/wp-json\/wp\/v2\/product_brand?post=3238"},{"taxonomy":"product_cat","embeddable":true,"href":"https:\/\/lankakauppaihana.fi\/index.php\/wp-json\/wp\/v2\/product_cat?post=3238"},{"taxonomy":"product_tag","embeddable":true,"href":"https:\/\/lankakauppaihana.fi\/index.php\/wp-json\/wp\/v2\/product_tag?post=3238"}],"curies":[{"name":"wp","href":"https:\/\/api.w.org\/{rel}","templated":true}]}}