{"id":3297,"date":"2025-09-24T12:24:35","date_gmt":"2025-09-24T09:24:35","guid":{"rendered":"https:\/\/lankakauppaihana.fi\/?post_type=product&#038;p=3297"},"modified":"2025-09-25T13:14:26","modified_gmt":"2025-09-25T10:14:26","slug":"jawoll-sukkalanka-0069-tumma-farkunsininen","status":"publish","type":"product","link":"https:\/\/lankakauppaihana.fi\/index.php\/product\/jawoll-sukkalanka-0069-tumma-farkunsininen\/","title":{"rendered":"Jawoll-sukkalanka 0069 tumma farkunsininen"},"content":{"rendered":"","protected":false},"excerpt":{"rendered":"<p>Lang Yarns Jawoll on kest\u00e4v\u00e4 fingering-vahvuinen (420m\/100g) sukkalanka, jossa on 75% (corriedale)villaa ja 25% nylonia.<br \/>\nNeulot Jawollia puikoilla 2\u00bd-3\u00bd, ja voit pest\u00e4 sen 40\u00b0C hienopesuohjelmalla.<\/p>\n<p>Jawoll-ker\u00e4n sis\u00e4ll\u00e4 on saman s\u00e4vyinen 5g painoinen lankarulla,\u00a0 jolla voit vahvistaa esimerkiksi sukkiesi kantap\u00e4\u00e4t \ud83d\ude42<\/p>\n<p>Ker\u00e4n koko 50g.<\/p>\n","protected":false},"featured_media":3866,"template":"","meta":{"_monsterinsights_skip_tracking":false,"_monsterinsights_sitenote_active":false,"_monsterinsights_sitenote_note":"","_monsterinsights_sitenote_category":0,"_uf_show_specific_survey":0,"_uf_disable_surveys":false},"product_brand":[],"product_cat":[176,147,154,62],"product_tag":[69,68],"class_list":{"0":"post-3297","1":"product","2":"type-product","3":"status-publish","4":"has-post-thumbnail","6":"product_cat-jawoll4","7":"product_cat-jawoll-corriedale","8":"product_cat-jawoll3","9":"product_cat-jawoll","10":"product_tag-ohut-sukkalanka","11":"product_tag-sukkalanka","13":"first","14":"instock","15":"taxable","16":"shipping-taxable","17":"purchasable","18":"product-type-simple"},"_links":{"self":[{"href":"https:\/\/lankakauppaihana.fi\/index.php\/wp-json\/wp\/v2\/product\/3297","targetHints":{"allow":["GET"]}}],"collection":[{"href":"https:\/\/lankakauppaihana.fi\/index.php\/wp-json\/wp\/v2\/product"}],"about":[{"href":"https:\/\/lankakauppaihana.fi\/index.php\/wp-json\/wp\/v2\/types\/product"}],"wp:featuredmedia":[{"embeddable":true,"href":"https:\/\/lankakauppaihana.fi\/index.php\/wp-json\/wp\/v2\/media\/3866"}],"wp:attachment":[{"href":"https:\/\/lankakauppaihana.fi\/index.php\/wp-json\/wp\/v2\/media?parent=3297"}],"wp:term":[{"taxonomy":"product_brand","embeddable":true,"href":"https:\/\/lankakauppaihana.fi\/index.php\/wp-json\/wp\/v2\/product_brand?post=3297"},{"taxonomy":"product_cat","embeddable":true,"href":"https:\/\/lankakauppaihana.fi\/index.php\/wp-json\/wp\/v2\/product_cat?post=3297"},{"taxonomy":"product_tag","embeddable":true,"href":"https:\/\/lankakauppaihana.fi\/index.php\/wp-json\/wp\/v2\/product_tag?post=3297"}],"curies":[{"name":"wp","href":"https:\/\/api.w.org\/{rel}","templated":true}]}}