{"id":3312,"date":"2024-11-14T13:16:26","date_gmt":"2024-11-14T11:16:26","guid":{"rendered":"https:\/\/lankakauppaihana.fi\/?post_type=product&#038;p=3312"},"modified":"2025-09-06T13:48:44","modified_gmt":"2025-09-06T10:48:44","slug":"flyin-banana-081-kaarna","status":"publish","type":"product","link":"https:\/\/lankakauppaihana.fi\/index.php\/product\/flyin-banana-081-kaarna\/","title":{"rendered":"Flyin&#8217; Banana, <br>081 Kaarna"},"content":{"rendered":"","protected":false},"excerpt":{"rendered":"<div class=\"woocommerce-product-details__short-description\">\n<div class=\"woocommerce-product-details__short-description\">\n<p><strong>100% suomalainen villa\u00a0<\/strong> * * * <strong>lace<\/strong> (700m\/100g)* * * <strong>puikot: 1-2<\/strong><\/p>\n<p>Arctic Bananan Flyin\u2019 Banana on seitinohut pitsilanka, joka on p\u00e4\u00e4asiassa suomenlampaan villaa &lt;3<\/p>\n<p>Flyin\u2019 Banana on yksis\u00e4ikeinen karstalanka, jota neulotaan yleens\u00e4 toisen langan kanssa yht\u00e4 aikaa.<br \/>\nYhdess\u00e4 silkkimohairin kanssa voit neuloa sit\u00e4 puikoilla 3-6.<\/p>\n<p>Ker\u00e4n koko on 50g ja siin\u00e4 on noin 350m lankaa (juoksevuus ~700m\/100g).<\/p>\n<p>Langan koostumus: 100% kotimainen villa<br \/>\nPesu: k\u00e4sinpesu (Eth\u00e4n k\u00e4yt\u00e4 huuhteluainetta!)<\/p>\n<p>Kehr\u00e4tty Suomessa, k\u00e4sinv\u00e4rj\u00e4tty Rovaniemell\u00e4 \ud83d\ude42<\/p>\n<p>Neulo t\u00e4st\u00e4 vaikka:<br \/>\n<a href=\"https:\/\/lankakauppaihana.fi\/index.php\/product\/sadepaivan-paita-pdf-ohje\/\">Sadep\u00e4iv\u00e4n paita<\/a><\/p>\n<\/div>\n<\/div>\n","protected":false},"featured_media":3313,"template":"","meta":{"_monsterinsights_skip_tracking":false,"_monsterinsights_sitenote_active":false,"_monsterinsights_sitenote_note":"","_monsterinsights_sitenote_category":0,"_uf_show_specific_survey":0,"_uf_disable_surveys":false},"product_brand":[],"product_cat":[33,270,271,273],"product_tag":[129,274,193,192],"class_list":{"0":"post-3312","1":"product","2":"type-product","3":"status-publish","4":"has-post-thumbnail","6":"product_cat-flyinbanana","7":"product_cat-flyinbanana2","8":"product_cat-flyinbanana3","9":"product_cat-flyinbanana4","10":"product_tag-arctic-banana","11":"product_tag-flyin-banana","12":"product_tag-kotimainen-villa","13":"product_tag-pitsilanka","15":"first","16":"outofstock","17":"taxable","18":"shipping-taxable","19":"purchasable","20":"product-type-simple"},"_links":{"self":[{"href":"https:\/\/lankakauppaihana.fi\/index.php\/wp-json\/wp\/v2\/product\/3312","targetHints":{"allow":["GET"]}}],"collection":[{"href":"https:\/\/lankakauppaihana.fi\/index.php\/wp-json\/wp\/v2\/product"}],"about":[{"href":"https:\/\/lankakauppaihana.fi\/index.php\/wp-json\/wp\/v2\/types\/product"}],"wp:featuredmedia":[{"embeddable":true,"href":"https:\/\/lankakauppaihana.fi\/index.php\/wp-json\/wp\/v2\/media\/3313"}],"wp:attachment":[{"href":"https:\/\/lankakauppaihana.fi\/index.php\/wp-json\/wp\/v2\/media?parent=3312"}],"wp:term":[{"taxonomy":"product_brand","embeddable":true,"href":"https:\/\/lankakauppaihana.fi\/index.php\/wp-json\/wp\/v2\/product_brand?post=3312"},{"taxonomy":"product_cat","embeddable":true,"href":"https:\/\/lankakauppaihana.fi\/index.php\/wp-json\/wp\/v2\/product_cat?post=3312"},{"taxonomy":"product_tag","embeddable":true,"href":"https:\/\/lankakauppaihana.fi\/index.php\/wp-json\/wp\/v2\/product_tag?post=3312"}],"curies":[{"name":"wp","href":"https:\/\/api.w.org\/{rel}","templated":true}]}}