{"id":3476,"date":"2026-01-21T11:59:31","date_gmt":"2026-01-21T09:59:31","guid":{"rendered":"https:\/\/lankakauppaihana.fi\/?post_type=product&#038;p=3476"},"modified":"2026-01-21T13:08:51","modified_gmt":"2026-01-21T11:08:51","slug":"silk-mohair-64-kirkas-oranssi","status":"publish","type":"product","link":"https:\/\/lankakauppaihana.fi\/index.php\/product\/silk-mohair-64-kirkas-oranssi\/","title":{"rendered":"Silk Mohair, 64 kirkas oranssi"},"content":{"rendered":"","protected":false},"excerpt":{"rendered":"<div class=\"woocommerce-product-details__short-description\">\n<p><strong>75% mohair (kid) \/\/ 25% silkki\u00a0 <\/strong>* * *<strong> lace<\/strong> (848m\/100g) * * * <strong>puikot: 3-3\u00bd<\/strong><\/p>\n<p>Isagerin Silk Mohair on pehmoinen silkkimohairlanka, joka on nimens\u00e4 mukaisesti valmistettu silkist\u00e4 sek\u00e4 kid-mohairista (nuoren angoravuohen toinen kerint\u00e4).<br \/>\nSilk Mohair on Isagerin muidenkin lankojen tapaan laadukas lanka, josta ei irtoa juurikaan ylim\u00e4\u00e4r\u00e4ist\u00e4 karvaa neuloessa eik\u00e4 k\u00e4yt\u00f6ss\u00e4.<\/p>\n<p>Silk Mohairin 25g ker\u00e4ss\u00e4 on 212 metri\u00e4 lankaa. Silk Mohairilla s\u00e4vyt\u00e4t upeasti yksiv\u00e4risen pohjalangan, ja lankayhdistelm\u00e4n valinnassa vain mielikuvitus on rajana! \ud83d\ude42<\/p>\n<p>Puikkosuositus:<br \/>\n-&gt; yksist\u00e4\u00e4n 3-3\u00bd<br \/>\n-&gt; Silk Mohair + sport\/fingering-vahvuinen lanka 4\u00bd-6<br \/>\n-&gt; Silk Mohair + aran-vahvuinen lanka 7<\/p>\n<p>Lanka on kehr\u00e4tty Italiassa \ud83d\ude42<br \/>\nHell\u00e4varainen k\u00e4sinpesu. (Eth\u00e4n k\u00e4yt\u00e4 huuhteluainetta!)<\/p>\n<\/div>\n","protected":false},"featured_media":3481,"template":"","meta":{"_monsterinsights_skip_tracking":false,"_monsterinsights_sitenote_active":false,"_monsterinsights_sitenote_note":"","_monsterinsights_sitenote_category":0,"_uf_show_specific_survey":0,"_uf_disable_surveys":false},"product_brand":[],"product_cat":[293,94,294,295],"product_tag":[230,296,252],"class_list":{"0":"post-3476","1":"product","2":"type-product","3":"status-publish","4":"has-post-thumbnail","6":"product_cat-silkmohair","7":"product_cat-uutuudet","8":"product_cat-silkmohair-silkkimohair","9":"product_cat-silkmohair-lace-vahvuus","10":"product_tag-isager","11":"product_tag-silk-mohair","12":"product_tag-silkkimohair","14":"first","15":"instock","16":"taxable","17":"shipping-taxable","18":"purchasable","19":"product-type-simple"},"_links":{"self":[{"href":"https:\/\/lankakauppaihana.fi\/index.php\/wp-json\/wp\/v2\/product\/3476","targetHints":{"allow":["GET"]}}],"collection":[{"href":"https:\/\/lankakauppaihana.fi\/index.php\/wp-json\/wp\/v2\/product"}],"about":[{"href":"https:\/\/lankakauppaihana.fi\/index.php\/wp-json\/wp\/v2\/types\/product"}],"wp:featuredmedia":[{"embeddable":true,"href":"https:\/\/lankakauppaihana.fi\/index.php\/wp-json\/wp\/v2\/media\/3481"}],"wp:attachment":[{"href":"https:\/\/lankakauppaihana.fi\/index.php\/wp-json\/wp\/v2\/media?parent=3476"}],"wp:term":[{"taxonomy":"product_brand","embeddable":true,"href":"https:\/\/lankakauppaihana.fi\/index.php\/wp-json\/wp\/v2\/product_brand?post=3476"},{"taxonomy":"product_cat","embeddable":true,"href":"https:\/\/lankakauppaihana.fi\/index.php\/wp-json\/wp\/v2\/product_cat?post=3476"},{"taxonomy":"product_tag","embeddable":true,"href":"https:\/\/lankakauppaihana.fi\/index.php\/wp-json\/wp\/v2\/product_tag?post=3476"}],"curies":[{"name":"wp","href":"https:\/\/api.w.org\/{rel}","templated":true}]}}