{"id":3678,"date":"2025-09-10T14:11:14","date_gmt":"2025-09-10T11:11:14","guid":{"rendered":"https:\/\/lankakauppaihana.fi\/?post_type=product&#038;p=3678"},"modified":"2026-03-26T15:59:51","modified_gmt":"2026-03-26T13:59:51","slug":"yearsocks-04fuksia","status":"publish","type":"product","link":"https:\/\/lankakauppaihana.fi\/index.php\/product\/yearsocks-04fuksia\/","title":{"rendered":"Year Socks, 04 fuksia"},"content":{"rendered":"","protected":false},"excerpt":{"rendered":"<p><strong>75% villa \/\/ 25% nailon<\/strong> * * * <strong>fingering<\/strong> (400m\/100g)* * * <strong>puikot: 2\u00bd-3\u00bd<\/strong><\/p>\n<p>Pro Lanan Year Socks on yksis\u00e4ikeinen fingering-vahvuinen sukkalanka. Neulot siit\u00e4 esimerkiksi upeat kirjoneulesukat, joissa tausta liukuv\u00e4rj\u00e4ytyy hitaasti s\u00e4vyst\u00e4 toiseen &lt;3<\/p>\n<p>Year Socksia neulot puikoilla 2\u00bd-3\u00bd.<br \/>\nKer\u00e4n koko on 100g ja siin\u00e4 on noin 400m lankaa (juoksevuus ~400m\/100g).<\/p>\n<p>Langan koostumus: 75% villa \/\/ 25% nailon \/\/ 2% polyesteri<br \/>\nPesu: 40C\u00b0 hienopesu (Eth\u00e4n k\u00e4yt\u00e4 huuhteluainetta!)<br \/>\nNeuletiheys: 29&#215;38<\/p>\n","protected":false},"featured_media":3682,"template":"","meta":{"_monsterinsights_skip_tracking":false,"_monsterinsights_sitenote_active":false,"_monsterinsights_sitenote_note":"","_monsterinsights_sitenote_category":0,"_uf_show_specific_survey":0,"_uf_disable_surveys":false},"product_brand":[],"product_cat":[427,428,429,172],"product_tag":[69,430,68,432,431],"class_list":{"0":"post-3678","1":"product","2":"type-product","3":"status-publish","4":"has-post-thumbnail","6":"product_cat-prolana","7":"product_cat-woollyhugs-yearsocks","8":"product_cat-woollyhugs-yearsocks2","9":"product_cat-millecolorisocks2","10":"product_tag-ohut-sukkalanka","11":"product_tag-prolana","12":"product_tag-sukkalanka","13":"product_tag-woollyhugs","14":"product_tag-yearsocks","16":"first","17":"instock","18":"taxable","19":"shipping-taxable","20":"purchasable","21":"product-type-simple"},"_links":{"self":[{"href":"https:\/\/lankakauppaihana.fi\/index.php\/wp-json\/wp\/v2\/product\/3678","targetHints":{"allow":["GET"]}}],"collection":[{"href":"https:\/\/lankakauppaihana.fi\/index.php\/wp-json\/wp\/v2\/product"}],"about":[{"href":"https:\/\/lankakauppaihana.fi\/index.php\/wp-json\/wp\/v2\/types\/product"}],"wp:featuredmedia":[{"embeddable":true,"href":"https:\/\/lankakauppaihana.fi\/index.php\/wp-json\/wp\/v2\/media\/3682"}],"wp:attachment":[{"href":"https:\/\/lankakauppaihana.fi\/index.php\/wp-json\/wp\/v2\/media?parent=3678"}],"wp:term":[{"taxonomy":"product_brand","embeddable":true,"href":"https:\/\/lankakauppaihana.fi\/index.php\/wp-json\/wp\/v2\/product_brand?post=3678"},{"taxonomy":"product_cat","embeddable":true,"href":"https:\/\/lankakauppaihana.fi\/index.php\/wp-json\/wp\/v2\/product_cat?post=3678"},{"taxonomy":"product_tag","embeddable":true,"href":"https:\/\/lankakauppaihana.fi\/index.php\/wp-json\/wp\/v2\/product_tag?post=3678"}],"curies":[{"name":"wp","href":"https:\/\/api.w.org\/{rel}","templated":true}]}}