{"id":3704,"date":"2025-09-10T18:00:46","date_gmt":"2025-09-10T15:00:46","guid":{"rendered":"https:\/\/lankakauppaihana.fi\/?post_type=product&#038;p=3704"},"modified":"2025-09-10T18:04:02","modified_gmt":"2025-09-10T15:04:02","slug":"colin-28112-khaki","status":"publish","type":"product","link":"https:\/\/lankakauppaihana.fi\/index.php\/product\/colin-28112-khaki\/","title":{"rendered":"Colin, 28112 khaki"},"content":{"rendered":"","protected":false},"excerpt":{"rendered":"<p><strong>65% puuvilla \/\/ 35% pellava<\/strong> * * * <strong>sport<\/strong> (300m\/100g)* * * <strong>puikot: 3\u00bd<\/strong><\/p>\n<p>J\u00e4rbo Colin on kes\u00e4inen puuvilla-pellava-lanka, josta neulot keve\u00e4t kes\u00e4neuleet!<br \/>\nKer\u00e4n koko on 50g ja siin\u00e4 on noin 150m lankaa (juoksevuus ~300m\/100g).<\/p>\n<p>Langan koostumus: 65% puuvilla \/\/ 35% pellava<br \/>\nPesu: hell\u00e4varainen 40C\u00b0 hienopesu<br \/>\nNeuletiheys: 24\u00d732<\/p>\n<p>Kehr\u00e4tty Turkissa.<\/p>\n","protected":false},"featured_media":3696,"template":"","meta":{"_monsterinsights_skip_tracking":false,"_monsterinsights_sitenote_active":false,"_monsterinsights_sitenote_note":"","_monsterinsights_sitenote_category":0,"_uf_show_specific_survey":0,"_uf_disable_surveys":false},"product_brand":[],"product_cat":[233,133,135,134],"product_tag":[],"class_list":{"0":"post-3704","1":"product","2":"type-product","3":"status-publish","4":"has-post-thumbnail","6":"product_cat-colin5","7":"product_cat-colin2","8":"product_cat-colin4","9":"product_cat-colin3","11":"first","12":"instock","13":"sale","14":"taxable","15":"shipping-taxable","16":"purchasable","17":"product-type-simple"},"_links":{"self":[{"href":"https:\/\/lankakauppaihana.fi\/index.php\/wp-json\/wp\/v2\/product\/3704","targetHints":{"allow":["GET"]}}],"collection":[{"href":"https:\/\/lankakauppaihana.fi\/index.php\/wp-json\/wp\/v2\/product"}],"about":[{"href":"https:\/\/lankakauppaihana.fi\/index.php\/wp-json\/wp\/v2\/types\/product"}],"wp:featuredmedia":[{"embeddable":true,"href":"https:\/\/lankakauppaihana.fi\/index.php\/wp-json\/wp\/v2\/media\/3696"}],"wp:attachment":[{"href":"https:\/\/lankakauppaihana.fi\/index.php\/wp-json\/wp\/v2\/media?parent=3704"}],"wp:term":[{"taxonomy":"product_brand","embeddable":true,"href":"https:\/\/lankakauppaihana.fi\/index.php\/wp-json\/wp\/v2\/product_brand?post=3704"},{"taxonomy":"product_cat","embeddable":true,"href":"https:\/\/lankakauppaihana.fi\/index.php\/wp-json\/wp\/v2\/product_cat?post=3704"},{"taxonomy":"product_tag","embeddable":true,"href":"https:\/\/lankakauppaihana.fi\/index.php\/wp-json\/wp\/v2\/product_tag?post=3704"}],"curies":[{"name":"wp","href":"https:\/\/api.w.org\/{rel}","templated":true}]}}