{"id":3716,"date":"2025-09-11T15:32:56","date_gmt":"2025-09-11T12:32:56","guid":{"rendered":"https:\/\/lankakauppaihana.fi\/?post_type=product&#038;p=3716"},"modified":"2025-09-11T17:18:30","modified_gmt":"2025-09-11T14:18:30","slug":"alpaca-soxx-6-ply-0026-vaalea-beige","status":"publish","type":"product","link":"https:\/\/lankakauppaihana.fi\/index.php\/product\/alpaca-soxx-6-ply-0026-vaalea-beige\/","title":{"rendered":"Alpaca Soxx 6-ply <br>0026 vaalea beige"},"content":{"rendered":"","protected":false},"excerpt":{"rendered":"<div class=\"woocommerce-product-details__short-description\">\n<p><strong>70% alpakka \/\/ 30% nailon<\/strong> * * * <strong>dk \/ worsted<\/strong> (260m\/100g)* * * <strong>puikot: 3-4<\/strong><\/p>\n<p>Lang Yarns Alpaca Soxx 6-ply -sukkalanka hehkuu upean syviss\u00e4 s\u00e4vyiss\u00e4! &lt;3 T\u00e4m\u00e4 lanka on pehme\u00e4\u00e4 mutta kest\u00e4v\u00e4\u00e4, ja sopii erityisesti sellaisille, jotka eiv\u00e4t voi (syyst\u00e4 tai toisesta) k\u00e4ytt\u00e4\u00e4 tavallista lampaanvillaa, tai haluavat helli\u00e4 jalkojansa suloisen pehme\u00e4ll\u00e4 alpakanvillalla \ud83d\ude42<\/p>\n<p>Alpaca Soxx 6-ply on dk-vahvuinen easywash*-sukkalanka, jota neulot puikoilla 3-4.<br \/>\nKer\u00e4n koko on 150g ja siin\u00e4 on noin 390m lankaa (juoksevuus ~260m\/100g).<\/p>\n<p>Langan koostumus: 70% alpakka \/\/ 30% nailon<br \/>\nPesu: hell\u00e4varainen 30C\u00b0 hienopesu (Eth\u00e4n k\u00e4yt\u00e4 huuhteluainetta!)<br \/>\nNeuletiheys: 22\u00d733<\/p>\n<p><em>*Easywash on alpakan villakuiduille teht\u00e4v\u00e4 \u00d6kotex-sertifioitu entsyymik\u00e4sittely, jossa ei k\u00e4ytet\u00e4 ymp\u00e4rist\u00f6lle haitallisia kemikaaleja. Easywash on ymp\u00e4rist\u00f6yst\u00e4v\u00e4llisempi vaihtoehto tavallisemmalle Superwash-k\u00e4sittelylle, ja molempien tarkoitus on tehd\u00e4 villasta paremmin konepesua kest\u00e4v\u00e4\u00e4 \ud83d\ude42<\/em><\/p>\n<\/div>\n","protected":false},"featured_media":3725,"template":"","meta":{"_monsterinsights_skip_tracking":false,"_monsterinsights_sitenote_active":false,"_monsterinsights_sitenote_note":"","_monsterinsights_sitenote_category":0,"_uf_show_specific_survey":0,"_uf_disable_surveys":false},"product_brand":[],"product_cat":[169,136,138,137],"product_tag":[],"class_list":{"0":"post-3716","1":"product","2":"type-product","3":"status-publish","4":"has-post-thumbnail","6":"product_cat-alpacasoxx6ply5","7":"product_cat-alpacasoxx6ply","8":"product_cat-alpacasoxx6ply3","9":"product_cat-alpacasoxx6ply2","11":"first","12":"instock","13":"taxable","14":"shipping-taxable","15":"purchasable","16":"product-type-simple"},"_links":{"self":[{"href":"https:\/\/lankakauppaihana.fi\/index.php\/wp-json\/wp\/v2\/product\/3716","targetHints":{"allow":["GET"]}}],"collection":[{"href":"https:\/\/lankakauppaihana.fi\/index.php\/wp-json\/wp\/v2\/product"}],"about":[{"href":"https:\/\/lankakauppaihana.fi\/index.php\/wp-json\/wp\/v2\/types\/product"}],"wp:featuredmedia":[{"embeddable":true,"href":"https:\/\/lankakauppaihana.fi\/index.php\/wp-json\/wp\/v2\/media\/3725"}],"wp:attachment":[{"href":"https:\/\/lankakauppaihana.fi\/index.php\/wp-json\/wp\/v2\/media?parent=3716"}],"wp:term":[{"taxonomy":"product_brand","embeddable":true,"href":"https:\/\/lankakauppaihana.fi\/index.php\/wp-json\/wp\/v2\/product_brand?post=3716"},{"taxonomy":"product_cat","embeddable":true,"href":"https:\/\/lankakauppaihana.fi\/index.php\/wp-json\/wp\/v2\/product_cat?post=3716"},{"taxonomy":"product_tag","embeddable":true,"href":"https:\/\/lankakauppaihana.fi\/index.php\/wp-json\/wp\/v2\/product_tag?post=3716"}],"curies":[{"name":"wp","href":"https:\/\/api.w.org\/{rel}","templated":true}]}}