{"id":3887,"date":"2025-09-26T13:01:24","date_gmt":"2025-09-26T10:01:24","guid":{"rendered":"https:\/\/lankakauppaihana.fi\/?post_type=product&#038;p=3887"},"modified":"2026-03-26T16:00:31","modified_gmt":"2026-03-26T14:00:31","slug":"isagersockyarn-100-laivastonsininen","status":"publish","type":"product","link":"https:\/\/lankakauppaihana.fi\/index.php\/product\/isagersockyarn-100-laivastonsininen\/","title":{"rendered":"Isager Sock Yarn, <br>100 laivastonsininen"},"content":{"rendered":"<p>*<strong data-start=\"99\" data-end=\"112\">Easy Wash<\/strong> on ymp\u00e4rist\u00f6yst\u00e4v\u00e4llinen vaihtoehto perinteiselle kloorik\u00e4sittelylle, jota k\u00e4ytet\u00e4\u00e4n tekem\u00e4\u00e4n kuidusta konepest\u00e4v\u00e4\u00e4 ilman kutistumista. Easy Wash -menetelm\u00e4 perustuu Saksasta per\u00e4isin oleviin, ekologisiin hapettimiin ja t\u00e4ytt\u00e4\u00e4 REACH-, Oeko-Tex- ja ZDHC-standardien vaatimukset. Toisin kuin useimmat markkinoilla olevat konepest\u00e4v\u00e4t langat, t\u00e4m\u00e4 k\u00e4sittely ei aiheuta haitallisten kemikaalien p\u00e4\u00e4st\u00f6j\u00e4.<\/p>\n<p data-start=\"516\" data-end=\"876\">Langassa k\u00e4ytett\u00e4v\u00e4 <strong data-start=\"536\" data-end=\"562\">20 % kierr\u00e4tysnailon<\/strong> tuo lankaan tarvittavaa kest\u00e4vyytt\u00e4. ISAGER k\u00e4ytt\u00e4\u00e4 nyt ensimm\u00e4ist\u00e4 kertaa synteettist\u00e4 kuitua langassaan, koska pelk\u00e4st\u00e4\u00e4n luonnonkuiduista ei l\u00f6ytynyt tarpeeksi kest\u00e4v\u00e4\u00e4 vaihtoehtoa, joka silti tuntuisi yht\u00e4 pehme\u00e4lt\u00e4 ja miellytt\u00e4v\u00e4lt\u00e4. K\u00e4ytetty nailon on teollisuuden ylij\u00e4\u00e4m\u00e4\u00e4, joka muuten joutuisi j\u00e4tteeksi.<\/p>\n","protected":false},"excerpt":{"rendered":"<p><strong>40% easy-wash alpakka \/\/ 40% easy-wash merinovilla \/\/ 20% kierr\u00e4tetty nailon<\/strong>\u00a0* * * <strong>fingering<\/strong> (396m\/100g)* * * <strong>puikot: 2\u00bd-3<\/strong><\/p>\n<p>Isager Sock Yarn on jokaisen sukanneulojan unelmalanka! &lt;3 Se on korkealaatuinen sukkalanka, joka yhdist\u00e4\u00e4 luonnonkuitujen ylellisyyden kest\u00e4vyyteen ja k\u00e4yt\u00e4nn\u00f6llisyyteen. Isager Sock Yarn on suunniteltu erityisesti sukkia varten, mutta toimii erinomaisesti my\u00f6s muihin ohuisiin asusteisiin ja neuleisiin.<\/p>\n<p>Langassa yhdistyv\u00e4t ihanan pehme\u00e4 easy-wash* alpakka, hengitt\u00e4v\u00e4 easy-wash-merinovilla sek\u00e4 kulutusta kest\u00e4v\u00e4 (kierr\u00e4tetty) nailon. Lopputuloksena on lanka, joka tuntuu hyv\u00e4lt\u00e4 ihoa vasten, kest\u00e4\u00e4 k\u00e4ytt\u00f6\u00e4 ja n\u00e4ytt\u00e4\u00e4 kauniilta &lt;3<\/p>\n<p>Ker\u00e4n koko on 50g\u00a0 ja siin\u00e4 on 193 metri\u00e4 lankaa.<\/p>\n","protected":false},"featured_media":3882,"template":"","meta":{"_monsterinsights_skip_tracking":false,"_monsterinsights_sitenote_active":false,"_monsterinsights_sitenote_note":"","_monsterinsights_sitenote_category":0,"_uf_show_specific_survey":0,"_uf_disable_surveys":false},"product_brand":[],"product_cat":[435,436,437,438],"product_tag":[439,69,68],"class_list":{"0":"post-3887","1":"product","2":"type-product","3":"status-publish","4":"has-post-thumbnail","6":"product_cat-isagersockyarn","7":"product_cat-isagersockyarn-alpakka","8":"product_cat-isagersockyarn-fingering","9":"product_cat-isagersockyarn-isager","10":"product_tag-alpakkasukkalanka","11":"product_tag-ohut-sukkalanka","12":"product_tag-sukkalanka","14":"first","15":"instock","16":"taxable","17":"shipping-taxable","18":"purchasable","19":"product-type-simple"},"_links":{"self":[{"href":"https:\/\/lankakauppaihana.fi\/index.php\/wp-json\/wp\/v2\/product\/3887","targetHints":{"allow":["GET"]}}],"collection":[{"href":"https:\/\/lankakauppaihana.fi\/index.php\/wp-json\/wp\/v2\/product"}],"about":[{"href":"https:\/\/lankakauppaihana.fi\/index.php\/wp-json\/wp\/v2\/types\/product"}],"wp:featuredmedia":[{"embeddable":true,"href":"https:\/\/lankakauppaihana.fi\/index.php\/wp-json\/wp\/v2\/media\/3882"}],"wp:attachment":[{"href":"https:\/\/lankakauppaihana.fi\/index.php\/wp-json\/wp\/v2\/media?parent=3887"}],"wp:term":[{"taxonomy":"product_brand","embeddable":true,"href":"https:\/\/lankakauppaihana.fi\/index.php\/wp-json\/wp\/v2\/product_brand?post=3887"},{"taxonomy":"product_cat","embeddable":true,"href":"https:\/\/lankakauppaihana.fi\/index.php\/wp-json\/wp\/v2\/product_cat?post=3887"},{"taxonomy":"product_tag","embeddable":true,"href":"https:\/\/lankakauppaihana.fi\/index.php\/wp-json\/wp\/v2\/product_tag?post=3887"}],"curies":[{"name":"wp","href":"https:\/\/api.w.org\/{rel}","templated":true}]}}