{"id":3957,"date":"2025-09-27T13:42:36","date_gmt":"2025-09-27T10:42:36","guid":{"rendered":"https:\/\/lankakauppaihana.fi\/?post_type=product&#038;p=3957"},"modified":"2026-03-26T16:05:12","modified_gmt":"2026-03-26T14:05:12","slug":"merino400-0334-merensininen","status":"publish","type":"product","link":"https:\/\/lankakauppaihana.fi\/index.php\/product\/merino400-0334-merensininen\/","title":{"rendered":"Merino400, <br>0334 merensininen"},"content":{"rendered":"","protected":false},"excerpt":{"rendered":"<p><strong>100% merinovilla<\/strong>\u00a0* * * <strong>lace<\/strong> (800m\/100g)* * * <strong>puikot: 2\u00bd-3<\/strong><\/p>\n<p data-start=\"261\" data-end=\"585\"><strong data-start=\"261\" data-end=\"286\">Lang Yarns Merino 400<\/strong> on ylellisen pehme\u00e4, korkealaatuinen <strong data-start=\"324\" data-end=\"358\">100 % extrafine-merinovillasta<\/strong> valmistettu lanka, joka hurmaa keveydell\u00e4\u00e4n ja monik\u00e4ytt\u00f6isyydell\u00e4\u00e4n. Ohuen ja sile\u00e4n rakenteensa ansiosta se sopii t\u00e4ydellisesti hienostuneisiin, kevyisiin neuleisiin, vauvanvaatteisiin, pitsimalleihin ja kerrospukeutumiseen.<\/p>\n<p>T\u00e4ll\u00e4 langalla voit my\u00f6s korvata silkkimohairin! Merino400 -lankaa k\u00e4yt\u00e4t esimerkiksi <a href=\"https:\/\/lankakauppaihana.fi\/index.php\/product\/sadepaivan-paita-pdf-ohje\/\">Sadep\u00e4iv\u00e4n paidassa<\/a> toisena lankana silkkimohairin tilalla. Voit my\u00f6s neuloa Merino400:sta yhdess\u00e4 silkkimohairin kanssa (puikot kokoa 5), ja korvata sill\u00e4 esimerkiksi <a href=\"https:\/\/www.petiteknit.com\/en\/products\/kumulus-bluse?variant=39780612407351\">PetiteKnitin Cumulus<\/a> -paidan toisen silkkimohairs\u00e4ikeen.<\/p>\n<p data-start=\"587\" data-end=\"854\">Merino400 -langan merinovilla on mulesing-vapaata.<\/p>\n<p><em><strong>Kauppiaan huomio:<\/strong> <\/em><br \/>\nKer\u00e4n koko on 25g ja siin\u00e4 on vy\u00f6tteen mukaan 200m lankaa, mutta todellisuudessa metrim\u00e4\u00e4r\u00e4 j\u00e4\u00e4 170-180 metriin \ud83d\ude42<\/p>\n<p>&nbsp;<\/p>\n","protected":false},"featured_media":3941,"template":"","meta":{"_monsterinsights_skip_tracking":false,"_monsterinsights_sitenote_active":false,"_monsterinsights_sitenote_note":"","_monsterinsights_sitenote_category":0,"_uf_show_specific_survey":0,"_uf_disable_surveys":false},"product_brand":[],"product_cat":[440,441,442],"product_tag":[444,445,443],"class_list":{"0":"post-3957","1":"product","2":"type-product","3":"status-publish","4":"has-post-thumbnail","6":"product_cat-merino400","7":"product_cat-merino400-lace-vahvuus","8":"product_cat-merino400-langyarns2","9":"product_tag-lace-merino","10":"product_tag-ohut-merinolanka","11":"product_tag-pitsivahvuinen-merino","13":"first","14":"instock","15":"taxable","16":"shipping-taxable","17":"purchasable","18":"product-type-simple"},"_links":{"self":[{"href":"https:\/\/lankakauppaihana.fi\/index.php\/wp-json\/wp\/v2\/product\/3957","targetHints":{"allow":["GET"]}}],"collection":[{"href":"https:\/\/lankakauppaihana.fi\/index.php\/wp-json\/wp\/v2\/product"}],"about":[{"href":"https:\/\/lankakauppaihana.fi\/index.php\/wp-json\/wp\/v2\/types\/product"}],"wp:featuredmedia":[{"embeddable":true,"href":"https:\/\/lankakauppaihana.fi\/index.php\/wp-json\/wp\/v2\/media\/3941"}],"wp:attachment":[{"href":"https:\/\/lankakauppaihana.fi\/index.php\/wp-json\/wp\/v2\/media?parent=3957"}],"wp:term":[{"taxonomy":"product_brand","embeddable":true,"href":"https:\/\/lankakauppaihana.fi\/index.php\/wp-json\/wp\/v2\/product_brand?post=3957"},{"taxonomy":"product_cat","embeddable":true,"href":"https:\/\/lankakauppaihana.fi\/index.php\/wp-json\/wp\/v2\/product_cat?post=3957"},{"taxonomy":"product_tag","embeddable":true,"href":"https:\/\/lankakauppaihana.fi\/index.php\/wp-json\/wp\/v2\/product_tag?post=3957"}],"curies":[{"name":"wp","href":"https:\/\/api.w.org\/{rel}","templated":true}]}}