{"id":4011,"date":"2025-10-31T14:39:42","date_gmt":"2025-10-31T12:39:42","guid":{"rendered":"https:\/\/lankakauppaihana.fi\/?post_type=product&#038;p=4011"},"modified":"2025-10-31T15:01:25","modified_gmt":"2025-10-31T13:01:25","slug":"super-soxx-4-ply-0510-oranssi-pinkki-kelta-lila","status":"publish","type":"product","link":"https:\/\/lankakauppaihana.fi\/index.php\/product\/super-soxx-4-ply-0510-oranssi-pinkki-kelta-lila\/","title":{"rendered":"Super Soxx 4-ply 0510 oranssi-pinkki-kelta-lila"},"content":{"rendered":"","protected":false},"excerpt":{"rendered":"<p><strong>75% villa \/\/ 25% nailon<\/strong> * * * <strong>fingering<\/strong> (420m\/100g)* * * <strong>puikot: 2\u00bd-3\u00bd<\/strong><\/p>\n<p>Lang Yarns Super Soxx 4-ply on kest\u00e4v\u00e4 mutta ohut sukkalanka, jota neulot puikoilla 2\u00bd-3\u00bd.<br \/>\nKer\u00e4n koko on 100g ja siin\u00e4 on noin 420m lankaa.<\/p>\n<p>Langan koostumus: 75% villa \/\/ 25% nailon<br \/>\nPesu: hell\u00e4varainen 40C\u00b0 hienopesu<br \/>\nNeuletiheys: 30&#215;41<\/p>\n<p>Super Soxx 4-ply on kehr\u00e4tty Italiassa.<br \/>\nSuper Soxxin villa on Corriedale-lammasrodun villaa, ja per\u00e4isin Chilest\u00e4. Se on pitk\u00e4kuituista ja kest\u00e4v\u00e4\u00e4 eik\u00e4 nukkaannu helposti.<br \/>\nVoit j\u00e4ljitt\u00e4\u00e4 villan alkuper\u00e4n Lang Yarnsin <a href=\"https:\/\/www.langyarns.com\/en\/Stories-by-LANGYARNS\/Trace-your-yarn\/\">Trace you Yarn<\/a> -palvelussa, josta ker\u00e4n tuotekoodilla l\u00f6yd\u00e4t lammasfarmin maantieteellisen sijainnin ja tietoa ja kuvia ko. langan tuotantoprosessista \ud83d\ude42<\/p>\n","protected":false},"featured_media":4016,"template":"","meta":{"_monsterinsights_skip_tracking":false,"_monsterinsights_sitenote_active":false,"_monsterinsights_sitenote_note":"","_monsterinsights_sitenote_category":0,"_uf_show_specific_survey":0,"_uf_disable_surveys":false},"product_brand":[],"product_cat":[155,94,43],"product_tag":[77,69,68,76],"class_list":{"0":"post-4011","1":"product","2":"type-product","3":"status-publish","4":"has-post-thumbnail","6":"product_cat-supersoxx4ply2","7":"product_cat-uutuudet","8":"product_cat-supersoxx4ply","9":"product_tag-lang-yarns","10":"product_tag-ohut-sukkalanka","11":"product_tag-sukkalanka","12":"product_tag-supersoxx","14":"first","15":"instock","16":"taxable","17":"shipping-taxable","18":"purchasable","19":"product-type-simple"},"_links":{"self":[{"href":"https:\/\/lankakauppaihana.fi\/index.php\/wp-json\/wp\/v2\/product\/4011","targetHints":{"allow":["GET"]}}],"collection":[{"href":"https:\/\/lankakauppaihana.fi\/index.php\/wp-json\/wp\/v2\/product"}],"about":[{"href":"https:\/\/lankakauppaihana.fi\/index.php\/wp-json\/wp\/v2\/types\/product"}],"wp:featuredmedia":[{"embeddable":true,"href":"https:\/\/lankakauppaihana.fi\/index.php\/wp-json\/wp\/v2\/media\/4016"}],"wp:attachment":[{"href":"https:\/\/lankakauppaihana.fi\/index.php\/wp-json\/wp\/v2\/media?parent=4011"}],"wp:term":[{"taxonomy":"product_brand","embeddable":true,"href":"https:\/\/lankakauppaihana.fi\/index.php\/wp-json\/wp\/v2\/product_brand?post=4011"},{"taxonomy":"product_cat","embeddable":true,"href":"https:\/\/lankakauppaihana.fi\/index.php\/wp-json\/wp\/v2\/product_cat?post=4011"},{"taxonomy":"product_tag","embeddable":true,"href":"https:\/\/lankakauppaihana.fi\/index.php\/wp-json\/wp\/v2\/product_tag?post=4011"}],"curies":[{"name":"wp","href":"https:\/\/api.w.org\/{rel}","templated":true}]}}