{"id":4018,"date":"2025-10-31T17:03:02","date_gmt":"2025-10-31T15:03:02","guid":{"rendered":"https:\/\/lankakauppaihana.fi\/?post_type=product&#038;p=4018"},"modified":"2025-10-31T17:18:42","modified_gmt":"2025-10-31T15:18:42","slug":"svensk-ull-april-sun","status":"publish","type":"product","link":"https:\/\/lankakauppaihana.fi\/index.php\/product\/svensk-ull-april-sun\/","title":{"rendered":"Svensk Ull, <br>April Sun"},"content":{"rendered":"","protected":false},"excerpt":{"rendered":"<div class=\"woocommerce-product-details__short-description\">\n<p><strong>100% ruotsalainen villa <\/strong>* * *<strong> aran<\/strong> (180m\/100g) * * * <strong>puikot: 4<\/strong><\/p>\n<p>J\u00e4rbon Svensk Ull on rustiikkinen perinteinen villalanka, joka on valmistettu ruotsalaisesta villasta. Svensk Ull -langan s\u00e4vyt ovat kauniin meleeratut (valkoista lukuunottamatta), ja v\u00e4rikartasta l\u00f6ytyy monen monta herkullista yhdistelm\u00e4\u00e4. Svensk Ull on valmistettu p\u00e4\u00e4osin gotlanninlampaan villasta.<\/p>\n<p>Svensk Ull -langan puikkosuositus on 4 (yksist\u00e4\u00e4n), ja kirjoneuleeseen k\u00e4yv\u00e4t puikot 4\u00bd-5\u00bd k\u00e4sialasta riippuen. Svensk Ull sopii hyvin islantilaiselle Lettlopille tai koon 4\u00bd puikoille kirjoitettuihin neuleohjeisiin &#8211; eli villapaitoihin, pipoihin, lapasiin ja s\u00e4\u00e4rystimiin. Voit k\u00e4ytt\u00e4\u00e4 sit\u00e4 my\u00f6s yhdess\u00e4 Lettlopin kanssa samassa neuleessa, koska juoksevuus ja tuntuma ovat kirjoneuleessa hyvin samantyyppiset \ud83d\ude42 Svensk Ull on Lettlopiin verrattuna eritt\u00e4in tasalaatuinen lanka, ja tuntumaltaan puolestaan samantyyppinen kuin suomalainen karstalanka.<\/p>\n<p>Svensk Ull -vyyhdiss\u00e4 on 100g ja 180m lankaa.<br \/>\nLanka on valmistettu Latviassa.<br \/>\nHell\u00e4varainen k\u00e4sinpesu.<\/p>\n<\/div>\n","protected":false},"featured_media":4019,"template":"","meta":{"_monsterinsights_skip_tracking":false,"_monsterinsights_sitenote_active":false,"_monsterinsights_sitenote_note":"","_monsterinsights_sitenote_category":0,"_uf_show_specific_survey":0,"_uf_disable_surveys":false},"product_brand":[],"product_cat":[74,94,285,286],"product_tag":[72,347,348],"class_list":{"0":"post-4018","1":"product","2":"type-product","3":"status-publish","4":"has-post-thumbnail","6":"product_cat-svenskull","7":"product_cat-uutuudet","8":"product_cat-svenskull-ruotsalainenvilla","9":"product_cat-svenskull4","10":"product_tag-jarbo","11":"product_tag-ruotsalainen-villa","12":"product_tag-svensk-ull","14":"first","15":"instock","16":"taxable","17":"shipping-taxable","18":"purchasable","19":"product-type-simple"},"_links":{"self":[{"href":"https:\/\/lankakauppaihana.fi\/index.php\/wp-json\/wp\/v2\/product\/4018","targetHints":{"allow":["GET"]}}],"collection":[{"href":"https:\/\/lankakauppaihana.fi\/index.php\/wp-json\/wp\/v2\/product"}],"about":[{"href":"https:\/\/lankakauppaihana.fi\/index.php\/wp-json\/wp\/v2\/types\/product"}],"wp:featuredmedia":[{"embeddable":true,"href":"https:\/\/lankakauppaihana.fi\/index.php\/wp-json\/wp\/v2\/media\/4019"}],"wp:attachment":[{"href":"https:\/\/lankakauppaihana.fi\/index.php\/wp-json\/wp\/v2\/media?parent=4018"}],"wp:term":[{"taxonomy":"product_brand","embeddable":true,"href":"https:\/\/lankakauppaihana.fi\/index.php\/wp-json\/wp\/v2\/product_brand?post=4018"},{"taxonomy":"product_cat","embeddable":true,"href":"https:\/\/lankakauppaihana.fi\/index.php\/wp-json\/wp\/v2\/product_cat?post=4018"},{"taxonomy":"product_tag","embeddable":true,"href":"https:\/\/lankakauppaihana.fi\/index.php\/wp-json\/wp\/v2\/product_tag?post=4018"}],"curies":[{"name":"wp","href":"https:\/\/api.w.org\/{rel}","templated":true}]}}