{"id":4023,"date":"2025-11-05T12:06:12","date_gmt":"2025-11-05T10:06:12","guid":{"rendered":"https:\/\/lankakauppaihana.fi\/?post_type=product&#038;p=4023"},"modified":"2025-11-05T12:58:45","modified_gmt":"2025-11-05T10:58:45","slug":"kolmen-illan-pipo","status":"publish","type":"product","link":"https:\/\/lankakauppaihana.fi\/index.php\/product\/kolmen-illan-pipo\/","title":{"rendered":"Kolmen illan pipo"},"content":{"rendered":"","protected":false},"excerpt":{"rendered":"<p>Kolmen illan pipo on ihana, l\u00e4mmin ja t\u00e4ysin luonnonkuituinen arkipipo \ud83d\ude42 Kun saat yhden valmiiksi, haluat todenn\u00e4k\u00f6isesti heti aloittaa seuraavan, koska ensimm\u00e4isen ehti jo joku perheenj\u00e4sen tai l\u00e4hipiiril\u00e4inen k\u00e4hvelt\u00e4\u00e4! ;D<\/p>\n<p>Kolmen illan pipo neuloutuu nimens\u00e4 mukaisesti leppoisasti noin kolmessa arki-illassa. Ohje on helppo ja sopii neulomisen perustaidot hallitseville.<\/p>\n<p>Pipo neulotaan ihanasta tweed-nyppyisest\u00e4 <a href=\"https:\/\/lankakauppaihana.fi\/index.php\/product-category\/tuotteet\/langat\/materiaalit\/villa\/merinovilla\/donegal\/\">Lang Yarnsin Donegal<\/a>-langasta, joka on kehr\u00e4tty ja v\u00e4rj\u00e4tty Irlannissa. Donegaliin yhdistet\u00e4\u00e4n pipoon tiiviytt\u00e4 tuomaan <a href=\"https:\/\/lankakauppaihana.fi\/index.php\/product-category\/valmistajat\/langyarns2\/zen2\/\">Lang Yarnsin Zen<\/a>, upea ohuenohut merino-alpakka-silkki-lanka, jota herkk\u00e4hipi\u00e4isetkin ovat siet\u00e4neet eritt\u00e4in hyvin! &lt;3<\/p>\n<p>Ohje sis\u00e4lt\u00e4\u00e4 5 kokoa:<br \/>\n52 \/\/ 4-6 vuotiaat<br \/>\n54 \/\/ pikkukoululaiset<br \/>\n56 \/\/ 58 \/\/ 60 \/\/ aikuiset<\/p>\n<p>Jos ep\u00e4r\u00f6it kokojen v\u00e4lill\u00e4, valitsethan aina pienemm\u00e4n! Jos siis p\u00e4\u00e4si ymp\u00e4rys on 57cm, valitse koko 56 \ud83d\ude42 Pipon on tarkoitus olla uutena napakka, koska se v\u00e4ist\u00e4m\u00e4tt\u00e4 venyy k\u00e4yt\u00f6ss\u00e4.<\/p>\n<p>Pienin eli koko 52 nappaa molempia lankoja yhdet ker\u00e4t (50g Donegal + 25g Zen).<br \/>\nMuiden kokojen langanmenekki on 100g\u00a0 Donegal + 50g Zen.<\/p>\n<p>Isompien kokojen ylij\u00e4\u00e4vist\u00e4 langoista neulot tietysti juuri t\u00e4t\u00e4 lankah\u00e4vikki\u00e4 est\u00e4m\u00e4\u00e4n suunnitellut <strong>Kolmen illan k\u00e4mmekk\u00e4\u00e4t, <\/strong>joiden ohjeen saat automaattisesti <strong>kaupan p\u00e4\u00e4lle <\/strong>tilatessasi pipon ohjeen! &lt;3<\/p>\n<p>Pipo neulotaan koon 3\u00bd py\u00f6r\u00f6puikoilla. Lis\u00e4ksi tarvitset:<br \/>\n&#8211; reunasilmukoiden ker\u00e4\u00e4miseen 2\u00bd-koon (mieluiten) metalliset py\u00f6r\u00f6- tai sukkapuikot<br \/>\n&#8211; silmukkamerkkej\u00e4<\/p>\n<p>Ohje on s\u00e4hk\u00f6inen ladattava pdf-tiedosto, jonka saat k\u00e4ytt\u00f6\u00f6si automaattisesti heti maksettuasi tuotteen.<\/p>\n","protected":false},"featured_media":4026,"template":"","meta":{"_monsterinsights_skip_tracking":false,"_monsterinsights_sitenote_active":false,"_monsterinsights_sitenote_note":"","_monsterinsights_sitenote_category":0,"_uf_show_specific_survey":0,"_uf_disable_surveys":false},"product_brand":[],"product_cat":[61,94],"product_tag":[446,448,447],"class_list":{"0":"post-4023","1":"product","2":"type-product","3":"status-publish","4":"has-post-thumbnail","6":"product_cat-neuleohjeet","7":"product_cat-uutuudet","8":"product_tag-kolmenillanpipo","9":"product_tag-merinopipo","10":"product_tag-pipo","12":"first","13":"instock","14":"downloadable","15":"virtual","16":"taxable","17":"purchasable","18":"product-type-simple"},"_links":{"self":[{"href":"https:\/\/lankakauppaihana.fi\/index.php\/wp-json\/wp\/v2\/product\/4023","targetHints":{"allow":["GET"]}}],"collection":[{"href":"https:\/\/lankakauppaihana.fi\/index.php\/wp-json\/wp\/v2\/product"}],"about":[{"href":"https:\/\/lankakauppaihana.fi\/index.php\/wp-json\/wp\/v2\/types\/product"}],"wp:featuredmedia":[{"embeddable":true,"href":"https:\/\/lankakauppaihana.fi\/index.php\/wp-json\/wp\/v2\/media\/4026"}],"wp:attachment":[{"href":"https:\/\/lankakauppaihana.fi\/index.php\/wp-json\/wp\/v2\/media?parent=4023"}],"wp:term":[{"taxonomy":"product_brand","embeddable":true,"href":"https:\/\/lankakauppaihana.fi\/index.php\/wp-json\/wp\/v2\/product_brand?post=4023"},{"taxonomy":"product_cat","embeddable":true,"href":"https:\/\/lankakauppaihana.fi\/index.php\/wp-json\/wp\/v2\/product_cat?post=4023"},{"taxonomy":"product_tag","embeddable":true,"href":"https:\/\/lankakauppaihana.fi\/index.php\/wp-json\/wp\/v2\/product_tag?post=4023"}],"curies":[{"name":"wp","href":"https:\/\/api.w.org\/{rel}","templated":true}]}}