{"id":4040,"date":"2025-11-07T15:38:20","date_gmt":"2025-11-07T13:38:20","guid":{"rendered":"https:\/\/lankakauppaihana.fi\/?post_type=product&#038;p=4040"},"modified":"2026-04-17T13:38:34","modified_gmt":"2026-04-17T10:38:34","slug":"tvinni-39s-meleeratu-persikka","status":"publish","type":"product","link":"https:\/\/lankakauppaihana.fi\/index.php\/product\/tvinni-39s-meleeratu-persikka\/","title":{"rendered":"Tvinni, 39s meleerattu persikka"},"content":{"rendered":"","protected":false},"excerpt":{"rendered":"<div class=\"woocommerce-product-details__short-description\">\n<div class=\"woocommerce-product-details__short-description\">\n<p><strong>100% merinovilla (karitsa)\u00a0 <\/strong>* * *<strong> light fingering<\/strong> (510m\/100g) * * * <strong>puikot: 2\u00bd-3\u00bd<\/strong><\/p>\n<p>Isagerin Tvinni on ohut Tanskassa kehr\u00e4tty kaksis\u00e4ikeinen neulelanka. Tvinni on valmistettu p\u00e4\u00e4asiassa merinolampaan karitsanvillasta, eli se on pehmeint\u00e4 mahdollista merinovillaa \ud83d\ude42<\/p>\n<p>Tvinni on riittoisaa, sill\u00e4 sen juoksevuus on 510m\/100g. Tvinni myyd\u00e4\u00e4n normaalisti 100g vyyhtein\u00e4, mutta meilt\u00e4 Ihanasta on mahdollisuus tilata my\u00f6s puolet pienempi 50g vyyhti (valitsethan koon alasvetovalikosta), sill\u00e4 vyyhti aukeaa kahdeksi pienemm\u00e4ksi vyyhdiksi.<\/p>\n<p>Neulot Tvinni\u00e4 yksist\u00e4\u00e4n puikoilla 2\u00bd-3\u00bd.<br \/>\nVoit my\u00f6s yhdist\u00e4\u00e4 Tvinnin muihin lankoihin:<br \/>\n&#8211; yhdess\u00e4 Alpaca 2 kanssa puikkosuositus: 5\u00bd<br \/>\n&#8211; yhdess\u00e4 Isagerin silkkimohairin kanssa puikkosuositus: 4-7<\/p>\n<p>Tvinni on kehr\u00e4tty ja v\u00e4rj\u00e4tty Tanskassa \ud83d\ude42<strong><br \/>\n<\/strong>Langas s-v\u00e4rit ovat vivahteikkaan meleerattuja, sill\u00e4 niiss\u00e4 on mukana my\u00f6s tummia kuituja, jotka ovat per\u00e4isin eurooppalaisista gotlanninlampaista \ud83d\ude42<\/p>\n<p>Neulot Tvinnist\u00e4 esimerkiksi:<br \/>\n<strong>Ihanan oman <a href=\"https:\/\/lankakauppaihana.fi\/index.php\/product\/more-is-more-pipo\/\">More is More -pipon<\/a>, <\/strong>johon kuluu 50g Tvinni\u00e4 ja 25g Lang Yarnsin Mohair Luxe -silkkimohairia<br \/>\ntai<br \/>\n<strong>Ihanan<\/strong> <strong><a href=\"https:\/\/lankakauppaihana.fi\/index.php\/product\/sadepaivan-paita-pdf-ohje\/\">Sadep\u00e4iv\u00e4n paidan<\/a><\/strong>, johon S\/M-koossa kuluu 150-200g Tvinni\u00e4 ja 4 ker\u00e4\u00e4 <a href=\"https:\/\/lankakauppaihana.fi\/index.php\/product-category\/valmistajat\/isager\/silkmohair\/\">Isager Silk Mohairia<\/a> tai 5 ker\u00e4\u00e4 <a href=\"https:\/\/lankakauppaihana.fi\/index.php\/product-category\/valmistajat\/langyarns2\/mohairluxe2\/\">Lang Yarns Mohair Luxea<\/a>.<\/p>\n<\/div>\n<\/div>\n","protected":false},"featured_media":4493,"template":"","meta":{"_monsterinsights_skip_tracking":false,"_monsterinsights_sitenote_active":false,"_monsterinsights_sitenote_note":"","_monsterinsights_sitenote_category":0,"_uf_show_specific_survey":0,"_uf_disable_surveys":false},"product_brand":[],"product_cat":[244,94,245,246],"product_tag":[230,248,166,247],"class_list":{"0":"post-4040","1":"product","2":"type-product","3":"status-publish","4":"has-post-thumbnail","6":"product_cat-tvinni","7":"product_cat-uutuudet","8":"product_cat-tvinni2","9":"product_cat-tvinni3","10":"product_tag-isager","11":"product_tag-isagertvinni","12":"product_tag-merinovilla","13":"product_tag-tvinni","15":"first","16":"instock","17":"taxable","18":"shipping-taxable","19":"purchasable","20":"product-type-variable"},"_links":{"self":[{"href":"https:\/\/lankakauppaihana.fi\/index.php\/wp-json\/wp\/v2\/product\/4040","targetHints":{"allow":["GET"]}}],"collection":[{"href":"https:\/\/lankakauppaihana.fi\/index.php\/wp-json\/wp\/v2\/product"}],"about":[{"href":"https:\/\/lankakauppaihana.fi\/index.php\/wp-json\/wp\/v2\/types\/product"}],"wp:featuredmedia":[{"embeddable":true,"href":"https:\/\/lankakauppaihana.fi\/index.php\/wp-json\/wp\/v2\/media\/4493"}],"wp:attachment":[{"href":"https:\/\/lankakauppaihana.fi\/index.php\/wp-json\/wp\/v2\/media?parent=4040"}],"wp:term":[{"taxonomy":"product_brand","embeddable":true,"href":"https:\/\/lankakauppaihana.fi\/index.php\/wp-json\/wp\/v2\/product_brand?post=4040"},{"taxonomy":"product_cat","embeddable":true,"href":"https:\/\/lankakauppaihana.fi\/index.php\/wp-json\/wp\/v2\/product_cat?post=4040"},{"taxonomy":"product_tag","embeddable":true,"href":"https:\/\/lankakauppaihana.fi\/index.php\/wp-json\/wp\/v2\/product_tag?post=4040"}],"curies":[{"name":"wp","href":"https:\/\/api.w.org\/{rel}","templated":true}]}}