{"id":4058,"date":"2025-11-26T14:30:47","date_gmt":"2025-11-26T12:30:47","guid":{"rendered":"https:\/\/lankakauppaihana.fi\/?post_type=product&#038;p=4058"},"modified":"2025-11-26T20:06:17","modified_gmt":"2025-11-26T18:06:17","slug":"ihanan-muhkupipo","status":"publish","type":"product","link":"https:\/\/lankakauppaihana.fi\/index.php\/product\/ihanan-muhkupipo\/","title":{"rendered":"Ihanan muhkupipo"},"content":{"rendered":"<p>Tarvitset:<\/p>\n<p>90g <a href=\"https:\/\/lankakauppaihana.fi\/index.php\/product-category\/valmistajat\/arctic-banana\/fluffybanana\/\">Fluffy Bananaa<\/a> TAI <a href=\"https:\/\/lankakauppaihana.fi\/index.php\/product-category\/tuotteet\/langat\/kotimaisetlangat\/vuonue\/onneli\/\">Vuonue Onnelia<\/a><br \/>\n25g <a href=\"https:\/\/lankakauppaihana.fi\/index.php\/product-category\/valmistajat\/langyarns2\/mohairluxe2\/\">Lang Yarns Mohair Luxea<\/a><\/p>\n<p><span style=\"font-size: 16px; font-family: Zilla Slab;\">40-50cm py\u00f6r\u00f6puikot kokoa 7<\/span><br \/>\n<span style=\"font-size: 16px; font-family: Zilla Slab;\">virkkuukoukun kokoa 3-4<\/span><br \/>\n<span style=\"font-size: 16px; font-family: Zilla Slab;\">sukkapuikot kokoa 3-4 (ja halutessasi my\u00f6s 7)<br \/>\nsilmukkamerkkej\u00e4<\/span><\/p>\n<p>Ostaessasi 100g Fluffy Bananaa tai Vuonue Onnelia sek\u00e4 25g Mohair Luxea tai Isager Silk Mohairia, saat t\u00e4m\u00e4n ohjeen kaupan p\u00e4\u00e4lle! Verkkokauppa laskee alennuksen automaattisesti lis\u00e4tess\u00e4si kaikki tuotteet ostoskoriin ja sy\u00f6tt\u00e4m\u00e4ll\u00e4 kuponkikoodin <strong>MUHKU25<\/strong> \ud83d\ude42<\/p>\n","protected":false},"excerpt":{"rendered":"<p>Ihanan muhkupipo on unelmanpehme\u00e4 arjen sulostuttaja! &lt;3 \ud83d\ude42<\/p>\n<p>Muhkupipo on ilmavaa puolipatenttia, ja se neulotaan kotimaisesta Fluffy Banana -hahtuvalangasta sek\u00e4 silkkimohairista. Ihanan muhkupipossa erityist\u00e4 on se, ett\u00e4 ty\u00f6 aloitetaan <em>p\u00e4\u00e4laelta<\/em> virkkaamalla, jolloin saat k\u00e4ytetty\u00e4 kaiken langan, eik\u00e4 n\u00f6tt\u00f6si\u00e4 j\u00e4\u00e4!<\/p>\n<p>Muhkupipon ohje on helpohko, ja onnistuu perus virkkaus- ja neulontataidoilla.<\/p>\n<p>Ohje on s\u00e4hk\u00f6inen (ladattava pdf-tiedosto), jonka saat k\u00e4ytt\u00f6\u00f6si automaattisesti heti maksettuasi tuotteen \/ tilattuasi langat.<\/p>\n<p>Koodilla <strong>MUHKU25<\/strong> saat pipon ohjeen kaupan p\u00e4\u00e4lle ostaessasi langat (1x Fluffy Banana\/ Onneli sek\u00e4 1x Mohair Luxe \/ Isager Silk Mohair)!<\/p>\n","protected":false},"featured_media":4067,"template":"","meta":{"_monsterinsights_skip_tracking":false,"_monsterinsights_sitenote_active":false,"_monsterinsights_sitenote_note":"","_monsterinsights_sitenote_category":0,"_uf_show_specific_survey":0,"_uf_disable_surveys":false},"product_brand":[],"product_cat":[61,94],"product_tag":[450,449,447],"class_list":{"0":"post-4058","1":"product","2":"type-product","3":"status-publish","4":"has-post-thumbnail","6":"product_cat-neuleohjeet","7":"product_cat-uutuudet","8":"product_tag-ihananmuhkupipo","9":"product_tag-muhkupipo","10":"product_tag-pipo","12":"first","13":"instock","14":"downloadable","15":"virtual","16":"taxable","17":"purchasable","18":"product-type-simple"},"_links":{"self":[{"href":"https:\/\/lankakauppaihana.fi\/index.php\/wp-json\/wp\/v2\/product\/4058","targetHints":{"allow":["GET"]}}],"collection":[{"href":"https:\/\/lankakauppaihana.fi\/index.php\/wp-json\/wp\/v2\/product"}],"about":[{"href":"https:\/\/lankakauppaihana.fi\/index.php\/wp-json\/wp\/v2\/types\/product"}],"wp:featuredmedia":[{"embeddable":true,"href":"https:\/\/lankakauppaihana.fi\/index.php\/wp-json\/wp\/v2\/media\/4067"}],"wp:attachment":[{"href":"https:\/\/lankakauppaihana.fi\/index.php\/wp-json\/wp\/v2\/media?parent=4058"}],"wp:term":[{"taxonomy":"product_brand","embeddable":true,"href":"https:\/\/lankakauppaihana.fi\/index.php\/wp-json\/wp\/v2\/product_brand?post=4058"},{"taxonomy":"product_cat","embeddable":true,"href":"https:\/\/lankakauppaihana.fi\/index.php\/wp-json\/wp\/v2\/product_cat?post=4058"},{"taxonomy":"product_tag","embeddable":true,"href":"https:\/\/lankakauppaihana.fi\/index.php\/wp-json\/wp\/v2\/product_tag?post=4058"}],"curies":[{"name":"wp","href":"https:\/\/api.w.org\/{rel}","templated":true}]}}