{"id":4142,"date":"2026-01-21T15:41:20","date_gmt":"2026-01-21T13:41:20","guid":{"rendered":"https:\/\/lankakauppaihana.fi\/?post_type=product&#038;p=4142"},"modified":"2026-04-09T16:09:44","modified_gmt":"2026-04-09T13:09:44","slug":"highland-paprika","status":"publish","type":"product","link":"https:\/\/lankakauppaihana.fi\/index.php\/product\/highland-paprika\/","title":{"rendered":"Highland, Paprika"},"content":{"rendered":"","protected":false},"excerpt":{"rendered":"<p><strong>100% peruvian highland -rodun villa <\/strong>* * *<strong> light fingering<\/strong> (550m\/100g) * * * <strong>puikot: 2\u00bd-3\u00bd<\/strong><\/p>\n<p>Isagerin Highland on kauniin monivivahteinen kaksis\u00e4ikeinen neulelanka, joka on v\u00e4rj\u00e4tty kuituina ennen kehr\u00e4yst\u00e4. Highland on kehr\u00e4tty peruvian highland -rodun* villasta, eli se on hyvin samantyyppist\u00e4 kuin merinovilla.<\/p>\n<p>Highland on ohut ja riittoisa lanka, josta neulot kevyen pehmeit\u00e4 mutta kest\u00e4vi\u00e4 neuleita, huiveja ja muita asusteita. 50g ker\u00e4ss\u00e4 on jopa 275m lankaa.<\/p>\n<p>Neulot Highlandia joko yksist\u00e4\u00e4n koon 2\u00bd-3\u00bd puikoilla tai toisen langan kanssa:<br \/>\n&#8211; yhdess\u00e4 Isager Alpaca 2 -langan kanssa puikkosuositus: 4-5\u00bd<br \/>\n&#8211; yhdess\u00e4 Isagerin silkkimohairin kanssa puikkosuositus: 4-7<\/p>\n<p>Lanka on kehr\u00e4tty Perussa.<br \/>\n* = <em>Peruvian Highland -rotu on alunperin corriedale- ja merinolampaan risteytys, joka laiduntaa korkealla vuoristoissa mm. Perun ja Argentiinan alueilla \ud83d\ude42<\/em><\/p>\n","protected":false},"featured_media":4407,"template":"","meta":{"_monsterinsights_skip_tracking":false,"_monsterinsights_sitenote_active":false,"_monsterinsights_sitenote_note":"","_monsterinsights_sitenote_category":0,"_uf_show_specific_survey":0,"_uf_disable_surveys":false},"product_brand":[],"product_cat":[236,238,231],"product_tag":[229,230],"class_list":{"0":"post-4142","1":"product","2":"type-product","3":"status-publish","4":"has-post-thumbnail","6":"product_cat-highland2","7":"product_cat-highland3","8":"product_cat-highland","9":"product_tag-highland","10":"product_tag-isager","12":"first","13":"instock","14":"taxable","15":"shipping-taxable","16":"purchasable","17":"product-type-simple"},"_links":{"self":[{"href":"https:\/\/lankakauppaihana.fi\/index.php\/wp-json\/wp\/v2\/product\/4142","targetHints":{"allow":["GET"]}}],"collection":[{"href":"https:\/\/lankakauppaihana.fi\/index.php\/wp-json\/wp\/v2\/product"}],"about":[{"href":"https:\/\/lankakauppaihana.fi\/index.php\/wp-json\/wp\/v2\/types\/product"}],"wp:featuredmedia":[{"embeddable":true,"href":"https:\/\/lankakauppaihana.fi\/index.php\/wp-json\/wp\/v2\/media\/4407"}],"wp:attachment":[{"href":"https:\/\/lankakauppaihana.fi\/index.php\/wp-json\/wp\/v2\/media?parent=4142"}],"wp:term":[{"taxonomy":"product_brand","embeddable":true,"href":"https:\/\/lankakauppaihana.fi\/index.php\/wp-json\/wp\/v2\/product_brand?post=4142"},{"taxonomy":"product_cat","embeddable":true,"href":"https:\/\/lankakauppaihana.fi\/index.php\/wp-json\/wp\/v2\/product_cat?post=4142"},{"taxonomy":"product_tag","embeddable":true,"href":"https:\/\/lankakauppaihana.fi\/index.php\/wp-json\/wp\/v2\/product_tag?post=4142"}],"curies":[{"name":"wp","href":"https:\/\/api.w.org\/{rel}","templated":true}]}}