{"id":424,"date":"2025-09-12T10:40:55","date_gmt":"2025-09-12T07:40:55","guid":{"rendered":"https:\/\/lankakauppaihana.fi\/?post_type=product&#038;p=424"},"modified":"2025-09-12T11:38:34","modified_gmt":"2025-09-12T08:38:34","slug":"onneli-hahtuvalanka-petrooli","status":"publish","type":"product","link":"https:\/\/lankakauppaihana.fi\/index.php\/product\/onneli-hahtuvalanka-petrooli\/","title":{"rendered":"Onneli hahtuvalanka, <br>petrooli"},"content":{"rendered":"","protected":false},"excerpt":{"rendered":"<p><strong>100% suomalainen villa <\/strong>* * *<strong> aran<\/strong> (200m\/100g) * * * <strong>puikot: 4-6<\/strong><\/p>\n<p>Kotimainen Vuonueen Onneli-hahtuvalanka on pumpulinpehme\u00e4 neulelanka. Se on 100% kotimaista villaa. Onneli on nimens\u00e4 mukaisesti lanka, eli se on kierretty\u00e4 (toisin kuin perinteinen hahtuva), eik\u00e4 se katkea neuloessa kovin helposti. Onnelissa yhdistyv\u00e4t hahtuvan ja perinteisen villalangan parhaat puolet! &lt;3<\/p>\n<p>Onnelista neulot yksitt\u00e4in koon 4-5 puikoilla, kirjoneuletta puikoilla 5-6. Onnelilla voit korvata esimerkiksi islantilaisen Lettlopin. Onneli on p\u00f6mpse\u00e4mpi kuin islantilaiset, eli puikkokokoa voi joutua tuunaamaan \u00bd-1 kokoa yl\u00f6sp\u00e4in (etenkin kirjoneuletta neuloessa). Puikkokoon suurenemisen voit kompensoida valitsemalla ohjeesta yht\u00e4 pyk\u00e4l\u00e4\u00e4 pienemm\u00e4n koon \ud83d\ude42<\/p>\n<p>Onnelia voit yhdist\u00e4\u00e4 Arctic Bananan <a href=\"https:\/\/lankakauppaihana.fi\/index.php\/product-category\/yleinen\/langat\/materiaalit\/villa\/suomalainenvilla\/fluffy-banana\/\">Fluffy Bananan<\/a> kanssa (vastaavat ominaisuudet)!<\/p>\n<p>Tuotekuvassa nro2 s\u00e4vyt: tumma petrooli (ylh\u00e4\u00e4ll\u00e4), petrooli (oikealla alhaalla) ja vaalea sinivihre\u00e4 (vasemmalla alhaalla).<\/p>\n","protected":false},"featured_media":1779,"template":"","meta":{"_monsterinsights_skip_tracking":false,"_monsterinsights_sitenote_active":false,"_monsterinsights_sitenote_note":"","_monsterinsights_sitenote_category":0,"_uf_show_specific_survey":0,"_uf_disable_surveys":false},"product_brand":[],"product_cat":[281,282,283,36],"product_tag":[],"class_list":{"0":"post-424","1":"product","2":"type-product","3":"status-publish","4":"has-post-thumbnail","6":"product_cat-vuonueonneli","7":"product_cat-vuonueonneli-suomalainenvilla","8":"product_cat-vuonueonneli-aran","9":"product_cat-onneli","11":"first","12":"outofstock","13":"taxable","14":"shipping-taxable","15":"purchasable","16":"product-type-simple"},"_links":{"self":[{"href":"https:\/\/lankakauppaihana.fi\/index.php\/wp-json\/wp\/v2\/product\/424","targetHints":{"allow":["GET"]}}],"collection":[{"href":"https:\/\/lankakauppaihana.fi\/index.php\/wp-json\/wp\/v2\/product"}],"about":[{"href":"https:\/\/lankakauppaihana.fi\/index.php\/wp-json\/wp\/v2\/types\/product"}],"wp:featuredmedia":[{"embeddable":true,"href":"https:\/\/lankakauppaihana.fi\/index.php\/wp-json\/wp\/v2\/media\/1779"}],"wp:attachment":[{"href":"https:\/\/lankakauppaihana.fi\/index.php\/wp-json\/wp\/v2\/media?parent=424"}],"wp:term":[{"taxonomy":"product_brand","embeddable":true,"href":"https:\/\/lankakauppaihana.fi\/index.php\/wp-json\/wp\/v2\/product_brand?post=424"},{"taxonomy":"product_cat","embeddable":true,"href":"https:\/\/lankakauppaihana.fi\/index.php\/wp-json\/wp\/v2\/product_cat?post=424"},{"taxonomy":"product_tag","embeddable":true,"href":"https:\/\/lankakauppaihana.fi\/index.php\/wp-json\/wp\/v2\/product_tag?post=424"}],"curies":[{"name":"wp","href":"https:\/\/api.w.org\/{rel}","templated":true}]}}