{"id":4258,"date":"2026-03-13T13:44:37","date_gmt":"2026-03-13T11:44:37","guid":{"rendered":"https:\/\/lankakauppaihana.fi\/?post_type=product&#038;p=4258"},"modified":"2026-03-13T14:17:55","modified_gmt":"2026-03-13T12:17:55","slug":"pegulhal-03-punaruskea","status":"publish","type":"product","link":"https:\/\/lankakauppaihana.fi\/index.php\/product\/pegulhal-03-punaruskea\/","title":{"rendered":"Pegulhal, 03 punaruskea"},"content":{"rendered":"<p class=\"font-claude-response-body break-words whitespace-normal leading-[1.7]\"><strong>Retrosaria Rosa Pomarin Pegulhal<\/strong> on aito portugalilainen villalanka, joka on valmistettu Portugalin alkuper\u00e4isrotujen (Campani\u00e7a, sek\u00e4 vaihtelevasti Merino Preto tai Merino Branco) villasta. Lanka on kuituv\u00e4rj\u00e4tty ennen kehruuta, mik\u00e4 antaa sille kauniin, syv\u00e4n s\u00e4vyn ja luonteikkaan meleeratun pinnan.<\/p>\n<p class=\"font-claude-response-body break-words whitespace-normal leading-[1.7]\">Pegulhal sopii hyvin kirjoneuleisiin, kuten Fair Isle- ja pohjoismaisiin malleihin, sek\u00e4 perus-simppeleihin villapaitoihin.<\/p>\n<p class=\"font-claude-response-body break-words whitespace-normal leading-[1.7]\">Rosa Pomarin koko tuotanto \u2013 kasvatus, pesu, kehruu ja v\u00e4rj\u00e4ys \u2013 tapahtuu Portugalissa. Lampaita ei mulesing-k\u00e4sitell\u00e4.<\/p>\n<p class=\"font-claude-response-body break-words whitespace-normal leading-[1.7]\">Pegulhal-lankaa ei ole valkaistu eik\u00e4 superwash-k\u00e4sitelty. Lanka on vain kevyesti pesty ja v\u00e4rj\u00e4tty, joten siin\u00e4 on j\u00e4ljell\u00e4 aidon villan tuntuma ja tuoksu. Ensimm\u00e4isen pesun j\u00e4lkeen lanka pehmenee entisest\u00e4\u00e4n, kuten t\u00e4ysvillaisilla on tapana \ud83d\ude42<\/p>\n<p>Ker\u00e4n koko 50g = n. 220 metri\u00e4.<br \/>\nHell\u00e4varainen k\u00e4sinpesu 30\u00b0C.<\/p>\n","protected":false},"excerpt":{"rendered":"<div class=\"woocommerce-product-details__short-description\">\n<p><strong>100% portugalilainen villa\u00a0 <\/strong>* * *<strong> fingering <\/strong>(440m\/100g) * * * <strong>puikot: 3-4<\/strong><\/p>\n<p class=\"font-claude-response-body break-words whitespace-normal leading-[1.7]\"><strong>Rosa Pomar Pegulhal<\/strong> on aito portugalilainen villalanka, joka on valmistettu Portugalin alkuper\u00e4isrotujen \u2013 Campani\u00e7a- ja Black Merino -lampaiden \u2013 villasta. Lanka on kuituv\u00e4rj\u00e4tty ennen kehruuta, mik\u00e4 antaa sille kauniin, syv\u00e4n s\u00e4vyn ja luonteikkaan meleeratun pinnan.<\/p>\n<p class=\"font-claude-response-body break-words whitespace-normal leading-[1.7]\">Ker\u00e4n koko 50g.<\/p>\n<\/div>\n","protected":false},"featured_media":4259,"template":"","meta":{"_monsterinsights_skip_tracking":false,"_monsterinsights_sitenote_active":false,"_monsterinsights_sitenote_note":"","_monsterinsights_sitenote_category":0,"_uf_show_specific_survey":0,"_uf_disable_surveys":false},"product_brand":[],"product_cat":[456,452,454,94],"product_tag":[],"class_list":{"0":"post-4258","1":"product","2":"type-product","3":"status-publish","4":"has-post-thumbnail","6":"product_cat-pegulhal3","7":"product_cat-pegulhal","8":"product_cat-pegulhal2","9":"product_cat-uutuudet","11":"first","12":"instock","13":"taxable","14":"shipping-taxable","15":"purchasable","16":"product-type-simple"},"_links":{"self":[{"href":"https:\/\/lankakauppaihana.fi\/index.php\/wp-json\/wp\/v2\/product\/4258","targetHints":{"allow":["GET"]}}],"collection":[{"href":"https:\/\/lankakauppaihana.fi\/index.php\/wp-json\/wp\/v2\/product"}],"about":[{"href":"https:\/\/lankakauppaihana.fi\/index.php\/wp-json\/wp\/v2\/types\/product"}],"wp:featuredmedia":[{"embeddable":true,"href":"https:\/\/lankakauppaihana.fi\/index.php\/wp-json\/wp\/v2\/media\/4259"}],"wp:attachment":[{"href":"https:\/\/lankakauppaihana.fi\/index.php\/wp-json\/wp\/v2\/media?parent=4258"}],"wp:term":[{"taxonomy":"product_brand","embeddable":true,"href":"https:\/\/lankakauppaihana.fi\/index.php\/wp-json\/wp\/v2\/product_brand?post=4258"},{"taxonomy":"product_cat","embeddable":true,"href":"https:\/\/lankakauppaihana.fi\/index.php\/wp-json\/wp\/v2\/product_cat?post=4258"},{"taxonomy":"product_tag","embeddable":true,"href":"https:\/\/lankakauppaihana.fi\/index.php\/wp-json\/wp\/v2\/product_tag?post=4258"}],"curies":[{"name":"wp","href":"https:\/\/api.w.org\/{rel}","templated":true}]}}