{"id":4280,"date":"2026-03-14T16:01:00","date_gmt":"2026-03-14T14:01:00","guid":{"rendered":"https:\/\/lankakauppaihana.fi\/?post_type=product&#038;p=4280"},"modified":"2026-03-14T16:03:07","modified_gmt":"2026-03-14T14:03:07","slug":"mondim-c571-kylma-harmaanvihrea","status":"publish","type":"product","link":"https:\/\/lankakauppaihana.fi\/index.php\/product\/mondim-c571-kylma-harmaanvihrea\/","title":{"rendered":"Mondim, C571 kylm\u00e4 harmaanvihre\u00e4"},"content":{"rendered":"<p class=\"font-claude-response-body break-words whitespace-normal leading-[1.7]\"><strong>Retrosaria Rosa Pomarin MONDIM<\/strong> on valmistettu Portugalin alkuper\u00e4isrodun Campanica-lampaan villasta.<\/p>\n<p class=\"font-claude-response-body break-words whitespace-normal leading-[1.7]\">Mondim on tiukkakierteinen 3-s\u00e4ikeinen fingering-vahvuinen lanka, joka sopii niin asusteisiin kuin neuleisiinkin.<\/p>\n<p>Mondim on saanut nimens\u00e4 pienen portugalilaisen kyl\u00e4n mukaan, jossa oltiin aikanaan innokkaita sukanneulojia. My\u00f6s Mondim itsess\u00e4\u00e4n on alunperin valmistettu perinteit\u00e4 kunnioittavaksi vahvikkeettomaksi t\u00e4ysvillaiseksi sukkalangaksi. Voit siis halutessasi neuloa Mondimista my\u00f6s sukat! Etenkin unisukissa vahvikkeeton (muoviton) villa on miellytt\u00e4v\u00e4 vaihtoehto \ud83d\ude42<\/p>\n<p class=\"font-claude-response-body break-words whitespace-normal leading-[1.7]\">Rosa Pomarin koko tuotanto \u2013 kasvatus, pesu, kehruu ja v\u00e4rj\u00e4ys \u2013 tapahtuu Portugalissa. Lampaita ei mulesing-k\u00e4sitell\u00e4.<\/p>\n<p class=\"font-claude-response-body break-words whitespace-normal leading-[1.7]\">Mondim-lankaa ei ole valkaistu eik\u00e4 superwash-k\u00e4sitelty. Ensimm\u00e4isen pesun j\u00e4lkeen lanka pehmenee entisest\u00e4\u00e4n, kuten t\u00e4ysvillaisilla on tapana \ud83d\ude42<\/p>\n<p>Ker\u00e4n koko 100g = n. 385 metri\u00e4.<br \/>\nHell\u00e4varainen k\u00e4sinpesu 30\u00b0C.<\/p>\n","protected":false},"excerpt":{"rendered":"<div class=\"woocommerce-product-details__short-description\">\n<p><strong>100% portugalilainen villa\u00a0 <\/strong>* * *<strong> fingering <\/strong>(385m\/100g) * * * <strong>puikot: 2-4<\/strong><\/p>\n<p class=\"font-claude-response-body break-words whitespace-normal leading-[1.7]\"><strong>Retrosaria Rosa Pomarin MONDIM<\/strong> on valmistettu Portugalin alkuper\u00e4isrodun Campanica-lampaan villasta. Mondim on tiukkakierteinen 3-s\u00e4ikeinen fingering-vahvuinen lanka, joka sopii niin asusteisiin kuin neuleisiinkin.<\/p>\n<p class=\"font-claude-response-body break-words whitespace-normal leading-[1.7]\">Ker\u00e4n koko 100g.<\/p>\n<\/div>\n","protected":false},"featured_media":4281,"template":"","meta":{"_monsterinsights_skip_tracking":false,"_monsterinsights_sitenote_active":false,"_monsterinsights_sitenote_note":"","_monsterinsights_sitenote_category":0,"_uf_show_specific_survey":0,"_uf_disable_surveys":false},"product_brand":[],"product_cat":[470,471,472,473,94],"product_tag":[468,466,461,459,467,469],"class_list":{"0":"post-4280","1":"product","2":"type-product","3":"status-publish","4":"has-post-thumbnail","6":"product_cat-mondim","7":"product_cat-mondim2","8":"product_cat-mondim3","9":"product_cat-mondim4","10":"product_cat-uutuudet","11":"product_tag-mondim","12":"product_tag-muoviton-sukkalanka","13":"product_tag-portugalilainen-villa","14":"product_tag-rosapomar","15":"product_tag-taysvillainen-sukkalanka","16":"product_tag-tiukkakierteinen-sukkalanka","18":"first","19":"instock","20":"taxable","21":"shipping-taxable","22":"purchasable","23":"product-type-simple"},"_links":{"self":[{"href":"https:\/\/lankakauppaihana.fi\/index.php\/wp-json\/wp\/v2\/product\/4280","targetHints":{"allow":["GET"]}}],"collection":[{"href":"https:\/\/lankakauppaihana.fi\/index.php\/wp-json\/wp\/v2\/product"}],"about":[{"href":"https:\/\/lankakauppaihana.fi\/index.php\/wp-json\/wp\/v2\/types\/product"}],"wp:featuredmedia":[{"embeddable":true,"href":"https:\/\/lankakauppaihana.fi\/index.php\/wp-json\/wp\/v2\/media\/4281"}],"wp:attachment":[{"href":"https:\/\/lankakauppaihana.fi\/index.php\/wp-json\/wp\/v2\/media?parent=4280"}],"wp:term":[{"taxonomy":"product_brand","embeddable":true,"href":"https:\/\/lankakauppaihana.fi\/index.php\/wp-json\/wp\/v2\/product_brand?post=4280"},{"taxonomy":"product_cat","embeddable":true,"href":"https:\/\/lankakauppaihana.fi\/index.php\/wp-json\/wp\/v2\/product_cat?post=4280"},{"taxonomy":"product_tag","embeddable":true,"href":"https:\/\/lankakauppaihana.fi\/index.php\/wp-json\/wp\/v2\/product_tag?post=4280"}],"curies":[{"name":"wp","href":"https:\/\/api.w.org\/{rel}","templated":true}]}}