{"id":4301,"date":"2026-03-18T14:55:41","date_gmt":"2026-03-18T12:55:41","guid":{"rendered":"https:\/\/lankakauppaihana.fi\/?post_type=product&#038;p=4301"},"modified":"2026-03-25T16:21:28","modified_gmt":"2026-03-25T14:21:28","slug":"vovo-04-oliivinvihrea","status":"publish","type":"product","link":"https:\/\/lankakauppaihana.fi\/index.php\/product\/vovo-04-oliivinvihrea\/","title":{"rendered":"Vov\u00f3, 04 oliivinvihre\u00e4"},"content":{"rendered":"<p class=\"font-claude-response-body break-words whitespace-normal leading-[1.7]\"><strong>Retrosaria Rosa Pomar Vov\u00f3<\/strong> on aito portugalilainen villalanka, jonka nimi tarkoittaa portugaliksi &#8221;iso\u00e4iti\u00e4&#8221; \u2013 se on nimens\u00e4 veroinen, ajaton ja kest\u00e4v\u00e4 peruslanka arkik\u00e4ytt\u00f6\u00f6n.<\/p>\n<p class=\"font-claude-response-body break-words whitespace-normal leading-[1.7]\">Vov\u00f3 on valmistettu p\u00e4\u00e4asiassa Serra da Estrela -alkuper\u00e4isrodun villasta. Se on nelis\u00e4ikeinen sport-vahvuinen (286m\/100g) lanka, joka sopii erinomaisesti villapaitoihin, neuletakkeihin ja muihin arkineuleisiin, joilta vaaditaan kest\u00e4vyytt\u00e4.<\/p>\n<p class=\"font-claude-response-body break-words whitespace-normal leading-[1.7]\">Kaikki Rosa Pomarin tuotanto \u2013 kasvatus, pesu, kehruu ja v\u00e4rj\u00e4ys \u2013 tapahtuu Portugalissa. Lampaita ei mulesing-k\u00e4sitell\u00e4. Lankaa ei ole valkaistu eik\u00e4 superwash-k\u00e4sitelty \u2013 se puhdasta villaa parhaimmillaan &lt;3<\/p>\n<p>Ker\u00e4n koko 50g = n. 143 metri\u00e4.<br \/>\nHell\u00e4varainen k\u00e4sinpesu 30\u00b0C.<\/p>\n","protected":false},"excerpt":{"rendered":"<div class=\"woocommerce-product-details__short-description\">\n<p><strong>100% portugalilainen villa\u00a0 <\/strong>* * *<strong> sport <\/strong>(286m\/100g) * * * <strong>puikot: 3\u00bd-4\u00bd<\/strong><\/p>\n<p class=\"font-claude-response-body break-words whitespace-normal leading-[1.7]\"><strong>Retrosaria Rosa Pomar\u00a0Vov\u00f3<\/strong> on valmistettu aidosta portugalilaisesta villasta. Vov\u00f3 on 3-s\u00e4ikeinen sport-vahvuinen lanka, joka\u00a0sopii erinomaisesti villapaitoihin, neuletakkeihin ja muihin arkineuleisiin, joilta vaaditaan kest\u00e4vyytt\u00e4 ja pitk\u00e4\u00e4 ik\u00e4\u00e4 \ud83d\ude42<\/p>\n<p class=\"font-claude-response-body break-words whitespace-normal leading-[1.7]\">Ker\u00e4n koko 50g.<\/p>\n<\/div>\n","protected":false},"featured_media":4303,"template":"","meta":{"_monsterinsights_skip_tracking":false,"_monsterinsights_sitenote_active":false,"_monsterinsights_sitenote_note":"","_monsterinsights_sitenote_category":0,"_uf_show_specific_survey":0,"_uf_disable_surveys":false},"product_brand":[],"product_cat":[474,475,476,94],"product_tag":[477,461,459,478],"class_list":{"0":"post-4301","1":"product","2":"type-product","3":"status-publish","4":"has-post-thumbnail","6":"product_cat-vovo","7":"product_cat-vovo2","8":"product_cat-vovo3","9":"product_cat-uutuudet","10":"product_tag-neulelanka","11":"product_tag-portugalilainen-villa","12":"product_tag-rosapomar","13":"product_tag-rosapomarvovo","15":"first","16":"instock","17":"taxable","18":"shipping-taxable","19":"purchasable","20":"product-type-simple"},"_links":{"self":[{"href":"https:\/\/lankakauppaihana.fi\/index.php\/wp-json\/wp\/v2\/product\/4301","targetHints":{"allow":["GET"]}}],"collection":[{"href":"https:\/\/lankakauppaihana.fi\/index.php\/wp-json\/wp\/v2\/product"}],"about":[{"href":"https:\/\/lankakauppaihana.fi\/index.php\/wp-json\/wp\/v2\/types\/product"}],"wp:featuredmedia":[{"embeddable":true,"href":"https:\/\/lankakauppaihana.fi\/index.php\/wp-json\/wp\/v2\/media\/4303"}],"wp:attachment":[{"href":"https:\/\/lankakauppaihana.fi\/index.php\/wp-json\/wp\/v2\/media?parent=4301"}],"wp:term":[{"taxonomy":"product_brand","embeddable":true,"href":"https:\/\/lankakauppaihana.fi\/index.php\/wp-json\/wp\/v2\/product_brand?post=4301"},{"taxonomy":"product_cat","embeddable":true,"href":"https:\/\/lankakauppaihana.fi\/index.php\/wp-json\/wp\/v2\/product_cat?post=4301"},{"taxonomy":"product_tag","embeddable":true,"href":"https:\/\/lankakauppaihana.fi\/index.php\/wp-json\/wp\/v2\/product_tag?post=4301"}],"curies":[{"name":"wp","href":"https:\/\/api.w.org\/{rel}","templated":true}]}}