{"id":4365,"date":"2026-03-20T16:40:06","date_gmt":"2026-03-20T14:40:06","guid":{"rendered":"https:\/\/lankakauppaihana.fi\/?post_type=product&#038;p=4365"},"modified":"2026-03-20T17:06:18","modified_gmt":"2026-03-20T15:06:18","slug":"paillettes-0009-roosa","status":"publish","type":"product","link":"https:\/\/lankakauppaihana.fi\/index.php\/product\/paillettes-0009-roosa\/","title":{"rendered":"Paillettes, 0009 roosa"},"content":{"rendered":"<p class=\"font-claude-response-body break-words whitespace-normal leading-[1.7]\"><strong>Lang Yarns Paillettes<\/strong> on Italiassa valmistettu efektilanka, joka tuo glamouria mihin tahansa neulepintaan! Langassa on pienenpieni\u00e4 paljetteja, jotka heijastavat upeasti valoa joka suunnasta &lt;3<\/p>\n<p class=\"font-claude-response-body break-words whitespace-normal leading-[1.7]\">Paillettes on suunniteltu k\u00e4ytett\u00e4v\u00e4ksi yhdess\u00e4 jonkun toisen langan kanssa. Hyvin\u00e4 vaihtoehtoina ovat esimerkiksi:<br \/>\n&#8211; <a href=\"https:\/\/lankakauppaihana.fi\/index.php\/product-category\/tuotteet\/langat\/kotimaisetlangat\/vuonue\/wilhelmikampalanka\/\">Vuonue Wilhelmi-kampalanka<\/a><br \/>\n&#8211; <a href=\"https:\/\/lankakauppaihana.fi\/index.php\/product-category\/valmistajat\/langyarns2\/merino400-langyarns2\/\">Lang Yarns Merino400<\/a><br \/>\n&#8211; <a href=\"https:\/\/lankakauppaihana.fi\/index.php\/product-category\/valmistajat\/isager\/alpaca12\/\">Isager Alpaca 1<\/a><br \/>\n&#8230;tai silkkimohairit kuten <a href=\"https:\/\/lankakauppaihana.fi\/index.php\/product-category\/tuotteet\/langat\/materiaalit\/silkkimohair\/mohairluxe3\/\">Lang Yarns Mohair Luxe<\/a> tai <a href=\"https:\/\/lankakauppaihana.fi\/index.php\/product-category\/tuotteet\/langat\/materiaalit\/silkkimohair\/silkmohair-silkkimohair\/\">Isager Silk Mohair<\/a>.<\/p>\n<p>Paillettes-langan k\u00e4yt\u00f6ss\u00e4 vain mielikuvitus on rajana! Se toimii efektilankana neuleissa, huiveissa, laukuissa ja juhla-asusteissa. Paillettes sopii sek\u00e4 neulottavaksi ett\u00e4 virkattavaksi!<\/p>\n<p class=\"font-claude-response-body break-words whitespace-normal leading-[1.7]\">Katso kaikki s\u00e4vyt <a href=\"https:\/\/lankakauppaihana.fi\/index.php\/product-category\/valmistajat\/langyarns2\/paillettes3\/\">T\u00c4\u00c4LT\u00c4<\/a>.<\/p>\n<p>Ker\u00e4n koko 25g = n. 112 metri\u00e4.<br \/>\nHell\u00e4varainen k\u00e4sinpesu 30\u00b0C. Eth\u00e4n k\u00e4yt\u00e4 huuhteluainetta!<br \/>\nValmistettu Italiassa.<\/p>\n","protected":false},"excerpt":{"rendered":"<div class=\"woocommerce-product-details__short-description\">\n<p><strong>55% polyamidi \/ 45% polyesteri\u00a0 <\/strong>* * *<strong> fingering <\/strong>(448m\/100g) * * * <strong>puikot: 2-6<\/strong><\/p>\n<p><strong>Lang Yarns Paillettes<\/strong> on Italiassa valmistettu ohut efektilanka, joka tuo glamouria mihin tahansa neulepintaan! Langassa on pienenpieni\u00e4 paljetteja, jotka heijastavat upeasti valoa joka suunnasta &lt;3<\/p>\n<\/div>\n","protected":false},"featured_media":4369,"template":"","meta":{"_monsterinsights_skip_tracking":false,"_monsterinsights_sitenote_active":false,"_monsterinsights_sitenote_note":"","_monsterinsights_sitenote_category":0,"_uf_show_specific_survey":0,"_uf_disable_surveys":false},"product_brand":[],"product_cat":[486,487,488,94],"product_tag":[492,290,490,491,489],"class_list":{"0":"post-4365","1":"product","2":"type-product","3":"status-publish","4":"has-post-thumbnail","6":"product_cat-paillettes","7":"product_cat-paillettes2","8":"product_cat-paillettes3","9":"product_cat-uutuudet","10":"product_tag-efektilanka","11":"product_tag-langyarns","12":"product_tag-langyarnspaillettes","13":"product_tag-paillettes","14":"product_tag-paljettilanka","16":"first","17":"instock","18":"taxable","19":"shipping-taxable","20":"purchasable","21":"product-type-simple"},"_links":{"self":[{"href":"https:\/\/lankakauppaihana.fi\/index.php\/wp-json\/wp\/v2\/product\/4365","targetHints":{"allow":["GET"]}}],"collection":[{"href":"https:\/\/lankakauppaihana.fi\/index.php\/wp-json\/wp\/v2\/product"}],"about":[{"href":"https:\/\/lankakauppaihana.fi\/index.php\/wp-json\/wp\/v2\/types\/product"}],"wp:featuredmedia":[{"embeddable":true,"href":"https:\/\/lankakauppaihana.fi\/index.php\/wp-json\/wp\/v2\/media\/4369"}],"wp:attachment":[{"href":"https:\/\/lankakauppaihana.fi\/index.php\/wp-json\/wp\/v2\/media?parent=4365"}],"wp:term":[{"taxonomy":"product_brand","embeddable":true,"href":"https:\/\/lankakauppaihana.fi\/index.php\/wp-json\/wp\/v2\/product_brand?post=4365"},{"taxonomy":"product_cat","embeddable":true,"href":"https:\/\/lankakauppaihana.fi\/index.php\/wp-json\/wp\/v2\/product_cat?post=4365"},{"taxonomy":"product_tag","embeddable":true,"href":"https:\/\/lankakauppaihana.fi\/index.php\/wp-json\/wp\/v2\/product_tag?post=4365"}],"curies":[{"name":"wp","href":"https:\/\/api.w.org\/{rel}","templated":true}]}}