{"id":4400,"date":"2026-03-26T15:30:47","date_gmt":"2026-03-26T13:30:47","guid":{"rendered":"https:\/\/lankakauppaihana.fi\/?post_type=product&#038;p=4400"},"modified":"2026-03-26T15:42:16","modified_gmt":"2026-03-26T13:42:16","slug":"infinity-0004","status":"publish","type":"product","link":"https:\/\/lankakauppaihana.fi\/index.php\/product\/infinity-0004\/","title":{"rendered":"Infinity, 0004"},"content":{"rendered":"<p><strong>Lang Yarns Infinity<\/strong> on pehme\u00e4 yksis\u00e4ikeinen worsted-vahvuinen merinolanka, jonka v\u00e4rimaailma ei toistu koskaan t\u00e4ysin samanlaisena \u2013 ei ker\u00e4ss\u00e4 eik\u00e4 neuleessa. Sama v\u00e4ripaletti kiert\u00e4\u00e4 l\u00e4pi koko langan, mutta v\u00e4rien j\u00e4rjestys, intensiteetti ja rytmi vaihtelevat ep\u00e4s\u00e4\u00e4nn\u00f6llisesti, joten jokainen Infinityst\u00e4 neulottu pinta on ainutlaatuinen.<\/p>\n<div class=\"flex-1 flex flex-col px-4 max-w-3xl mx-auto w-full pt-1\">\n<div data-test-render-count=\"2\">\n<div class=\"group\">\n<div class=\"contents\">\n<div class=\"group relative relative pb-3\" data-is-streaming=\"false\">\n<div class=\"font-claude-response relative leading-[1.65rem] [&amp;_pre&gt;div]:bg-bg-000\/50 [&amp;_pre&gt;div]:border-0.5 [&amp;_pre&gt;div]:border-border-400 [&amp;_.ignore-pre-bg&gt;div]:bg-transparent [&amp;_.standard-markdown_:is(p,blockquote,h1,h2,h3,h4,h5,h6)]:pl-2 [&amp;_.standard-markdown_:is(p,blockquote,ul,ol,h1,h2,h3,h4,h5,h6)]:pr-8 [&amp;_.progressive-markdown_:is(p,blockquote,h1,h2,h3,h4,h5,h6)]:pl-2 [&amp;_.progressive-markdown_:is(p,blockquote,ul,ol,h1,h2,h3,h4,h5,h6)]:pr-8\">\n<div>\n<div class=\"grid grid-rows-[auto_auto] min-w-0\">\n<div class=\"row-start-2 col-start-1 relative grid isolate min-w-0\">\n<div class=\"row-start-1 col-start-1 relative z-[2] min-w-0\">\n<div>\n<div class=\"standard-markdown grid-cols-1 grid [&amp;_&gt;_*]:min-w-0 gap-3 standard-markdown\">\n<p class=\"font-claude-response-body break-words whitespace-normal leading-[1.7]\">Infinity\u00e4 neulot koon 4,5\u20135 mm puikoilla. Lanka on valmistettu 100 % mulesing-vapaasta extrafine merino -villasta, joka on erityisen pehme\u00e4\u00e4 ja mukavaa ihoa vasten.<\/p>\n<p class=\"font-claude-response-body break-words whitespace-normal leading-[1.7]\">Lanka p\u00e4\u00e4see oikeuksiinsa erityisesti isommissa projekteissa, kuten neuleissa, villatakeissa ja vilteiss\u00e4, joissa upeasti vaihtuvat v\u00e4rit n\u00e4kyv\u00e4t parhaiten. Huivit ja pipot onnistuvat toki my\u00f6s! Infinity sopii my\u00f6s hyvin tehostelangaksi esimerkiksi erilaisiin pintaneuleisiin.<\/p>\n<p class=\"font-claude-response-body break-words whitespace-normal leading-[1.7]\">Ker\u00e4n koko 100 g = n. 260 m. Superwash-k\u00e4sitelty, eli valmis ty\u00f6 kest\u00e4\u00e4 hell\u00e4varaisen 30 \u00b0C konepesun. Eth\u00e4n k\u00e4yt\u00e4 huuhteluainetta!<\/p>\n<p class=\"font-claude-response-body break-words whitespace-normal leading-[1.7]\">Kehr\u00e4tty Italiassa.<\/p>\n<\/div>\n<\/div>\n<\/div>\n<\/div>\n<\/div>\n<\/div>\n<\/div>\n<\/div>\n<\/div>\n<\/div>\n<\/div>\n<\/div>\n","protected":false},"excerpt":{"rendered":"<p><strong>100% merinovilla<\/strong>\u00a0* * * <strong>worsted\u00a0<\/strong> (260m\/100g)* * * <strong>puikot: 4\u00bd-5<\/strong><\/p>\n<p><strong>Lang Yarns Infinity<\/strong> on pehme\u00e4 yksis\u00e4ikeinen worsted-vahvuinen merinolanka, jonka v\u00e4rimaailma ei toistu koskaan t\u00e4ysin samanlaisena \u2013 ei ker\u00e4ss\u00e4 eik\u00e4 neuleessa. Sama v\u00e4ripaletti kiert\u00e4\u00e4 l\u00e4pi koko langan, mutta v\u00e4rien j\u00e4rjestys, intensiteetti ja rytmi vaihtelevat ep\u00e4s\u00e4\u00e4nn\u00f6llisesti, joten jokainen Infinityst\u00e4 neulottu pinta on ainutlaatuinen.<\/p>\n","protected":false},"featured_media":4401,"template":"","meta":{"_monsterinsights_skip_tracking":false,"_monsterinsights_sitenote_active":false,"_monsterinsights_sitenote_note":"","_monsterinsights_sitenote_category":0,"_uf_show_specific_survey":0,"_uf_disable_surveys":false},"product_brand":[],"product_cat":[494,495,496,94],"product_tag":[497,498],"class_list":{"0":"post-4400","1":"product","2":"type-product","3":"status-publish","4":"has-post-thumbnail","6":"product_cat-infinity","7":"product_cat-infinity2","8":"product_cat-infinity3","9":"product_cat-uutuudet","10":"product_tag-langyarnsinfinity","11":"product_tag-liukuvarjatty-merinovilla","13":"first","14":"instock","15":"taxable","16":"shipping-taxable","17":"purchasable","18":"product-type-simple"},"_links":{"self":[{"href":"https:\/\/lankakauppaihana.fi\/index.php\/wp-json\/wp\/v2\/product\/4400","targetHints":{"allow":["GET"]}}],"collection":[{"href":"https:\/\/lankakauppaihana.fi\/index.php\/wp-json\/wp\/v2\/product"}],"about":[{"href":"https:\/\/lankakauppaihana.fi\/index.php\/wp-json\/wp\/v2\/types\/product"}],"wp:featuredmedia":[{"embeddable":true,"href":"https:\/\/lankakauppaihana.fi\/index.php\/wp-json\/wp\/v2\/media\/4401"}],"wp:attachment":[{"href":"https:\/\/lankakauppaihana.fi\/index.php\/wp-json\/wp\/v2\/media?parent=4400"}],"wp:term":[{"taxonomy":"product_brand","embeddable":true,"href":"https:\/\/lankakauppaihana.fi\/index.php\/wp-json\/wp\/v2\/product_brand?post=4400"},{"taxonomy":"product_cat","embeddable":true,"href":"https:\/\/lankakauppaihana.fi\/index.php\/wp-json\/wp\/v2\/product_cat?post=4400"},{"taxonomy":"product_tag","embeddable":true,"href":"https:\/\/lankakauppaihana.fi\/index.php\/wp-json\/wp\/v2\/product_tag?post=4400"}],"curies":[{"name":"wp","href":"https:\/\/api.w.org\/{rel}","templated":true}]}}