{"id":4422,"date":"2026-04-08T16:29:12","date_gmt":"2026-04-08T13:29:12","guid":{"rendered":"https:\/\/lankakauppaihana.fi\/?post_type=product&#038;p=4422"},"modified":"2026-04-08T16:36:35","modified_gmt":"2026-04-08T13:36:35","slug":"bella-0275-light-pink","status":"publish","type":"product","link":"https:\/\/lankakauppaihana.fi\/index.php\/product\/bella-0275-light-pink\/","title":{"rendered":"Bella, 0275 Light Pink"},"content":{"rendered":"<p class=\"font-claude-response-body break-words whitespace-normal leading-[1.7]\"><strong>Bella by Permin<\/strong> on paksu ja p\u00f6rr\u00f6inen kid mohair -lanka, josta neulot yksist\u00e4\u00e4n jopa koon 6 puikoilla.<\/p>\n<p class=\"font-claude-response-body break-words whitespace-normal leading-[1.7]\">Bella on bulky-vahvuinen mohairlanka, jonka juoksevuus on 290m\/100g.\u00a0 Bellaa voi k\u00e4ytt\u00e4\u00e4 yksin tai yhdistettyn\u00e4 toiseen lankaan tuomaan lis\u00e4\u00e4 pehmeytt\u00e4 ja volyymi\u00e4 \u2013 kokeile esimerkiksi yhdist\u00e4\u00e4 se ohuempaan villalankaan!<\/p>\n<p>Bellaa l\u00f6ytyy kahden eri tyyppisen\u00e4: t\u00e4ysin yksiv\u00e4rinen Bella sek\u00e4 moniv\u00e4rinen Bella COLOR \ud83d\ude42<\/p>\n<p class=\"font-claude-response-body break-words whitespace-normal leading-[1.7]\">Ker\u00e4n koko 50 g = n. 145 m. Hell\u00e4varainen k\u00e4sinpesu 30 \u00b0C.<\/p>\n<p>Valmistettu Italiassa.<\/p>\n<p>Neuletiheys 14&#215;22.<\/p>\n","protected":false},"excerpt":{"rendered":"<p><strong>75% kid mohair \/\/ 20% villa \/\/ 5% polyamidi\u00a0 <\/strong>* * *<strong> bulky <\/strong>(290m\/100g) * * * <strong>puikot: 6<\/strong><\/p>\n<p class=\"font-claude-response-body break-words whitespace-normal leading-[1.7]\"><strong>Bella by Permin<\/strong> on paksu ja p\u00f6rr\u00f6inen kid mohair -lanka, josta neulot yksist\u00e4\u00e4n jopa koon 6 puikoilla.<\/p>\n<p class=\"font-claude-response-body break-words whitespace-normal leading-[1.7]\">Bella on bulky-vahvuinen mohairlanka, jonka juoksevuus on 290m\/100g.\u00a0 Bellaa voi k\u00e4ytt\u00e4\u00e4 yksin tai yhdistettyn\u00e4 toiseen lankaan tuomaan lis\u00e4\u00e4 pehmeytt\u00e4 ja volyymi\u00e4 \u2013 kokeile esimerkiksi yhdist\u00e4\u00e4 se ohuempaan villalankaan!<\/p>\n<p><strong>\u00a0<\/strong><\/p>\n","protected":false},"featured_media":4423,"template":"","meta":{"_monsterinsights_skip_tracking":false,"_monsterinsights_sitenote_active":false,"_monsterinsights_sitenote_note":"","_monsterinsights_sitenote_category":0,"_uf_show_specific_survey":0,"_uf_disable_surveys":false},"product_brand":[],"product_cat":[499,500,502,94],"product_tag":[503,504,505,506],"class_list":{"0":"post-4422","1":"product","2":"type-product","3":"status-publish","4":"has-post-thumbnail","6":"product_cat-bellabypermin","7":"product_cat-bellabypermin2","8":"product_cat-bellabypermin-mohair","9":"product_cat-uutuudet","10":"product_tag-bella-by-permin","11":"product_tag-bella-color","12":"product_tag-mohairlanka","13":"product_tag-paksu-mohairlanka","15":"first","16":"instock","17":"taxable","18":"shipping-taxable","19":"purchasable","20":"product-type-simple"},"_links":{"self":[{"href":"https:\/\/lankakauppaihana.fi\/index.php\/wp-json\/wp\/v2\/product\/4422","targetHints":{"allow":["GET"]}}],"collection":[{"href":"https:\/\/lankakauppaihana.fi\/index.php\/wp-json\/wp\/v2\/product"}],"about":[{"href":"https:\/\/lankakauppaihana.fi\/index.php\/wp-json\/wp\/v2\/types\/product"}],"wp:featuredmedia":[{"embeddable":true,"href":"https:\/\/lankakauppaihana.fi\/index.php\/wp-json\/wp\/v2\/media\/4423"}],"wp:attachment":[{"href":"https:\/\/lankakauppaihana.fi\/index.php\/wp-json\/wp\/v2\/media?parent=4422"}],"wp:term":[{"taxonomy":"product_brand","embeddable":true,"href":"https:\/\/lankakauppaihana.fi\/index.php\/wp-json\/wp\/v2\/product_brand?post=4422"},{"taxonomy":"product_cat","embeddable":true,"href":"https:\/\/lankakauppaihana.fi\/index.php\/wp-json\/wp\/v2\/product_cat?post=4422"},{"taxonomy":"product_tag","embeddable":true,"href":"https:\/\/lankakauppaihana.fi\/index.php\/wp-json\/wp\/v2\/product_tag?post=4422"}],"curies":[{"name":"wp","href":"https:\/\/api.w.org\/{rel}","templated":true}]}}