{"id":444,"date":"2025-11-05T09:27:03","date_gmt":"2025-11-05T07:27:03","guid":{"rendered":"https:\/\/lankakauppaihana.fi\/?post_type=product&#038;p=444"},"modified":"2025-11-05T12:05:56","modified_gmt":"2025-11-05T10:05:56","slug":"magic-of-north-lapaset-pdf-ohje","status":"publish","type":"product","link":"https:\/\/lankakauppaihana.fi\/index.php\/product\/magic-of-north-lapaset-pdf-ohje\/","title":{"rendered":"Magic of North -lapaset (PDF-ohje)"},"content":{"rendered":"<p><!--more-->T\u00e4ll\u00e4 ohjeella neulot Magic of North -lapaset! &lt;3<\/p>\n<p>Lapasiin tarvitset:<br \/>\n&#8211; 50 grammaa Baby Banana &#8217;HILPPA&#8217; -karitsanvillalankaa (kuvan lapasissa s\u00e4vy 042 Space Between Us)<br \/>\n&#8211; 25 grammaa LangYarns Mohair Luxe -silkkimohairlankaa (kuvan lapasissa s\u00e4vy 0060 punainen)<\/p>\n<p>&#8211; 4kpl koon 4,5 sukkapuikkoja ja 4kpl koon 3,5 sukkapuikkoja<\/p>\n<p>Ohje toimitetaan s-postiisi pdf-muodossa. Valitse t\u00e4ll\u00f6in toimitukseksi &#8221;nouto&#8221;, niin et turhaan maksa toimituskuluja \ud83d\ude42 Mik\u00e4li tilaat ohjeen lis\u00e4ksi lankoja, saat neuleohjeen my\u00f6s paperisena versiona \ud83d\ude42<\/p>\n","protected":false},"excerpt":{"rendered":"","protected":false},"featured_media":470,"template":"","meta":{"_monsterinsights_skip_tracking":false,"_monsterinsights_sitenote_active":false,"_monsterinsights_sitenote_note":"","_monsterinsights_sitenote_category":0,"_uf_show_specific_survey":0,"_uf_disable_surveys":false},"product_brand":[],"product_cat":[61],"product_tag":[],"class_list":{"0":"post-444","1":"product","2":"type-product","3":"status-publish","4":"has-post-thumbnail","6":"product_cat-neuleohjeet","8":"first","9":"instock","10":"downloadable","11":"taxable","12":"shipping-taxable","13":"purchasable","14":"product-type-simple"},"_links":{"self":[{"href":"https:\/\/lankakauppaihana.fi\/index.php\/wp-json\/wp\/v2\/product\/444","targetHints":{"allow":["GET"]}}],"collection":[{"href":"https:\/\/lankakauppaihana.fi\/index.php\/wp-json\/wp\/v2\/product"}],"about":[{"href":"https:\/\/lankakauppaihana.fi\/index.php\/wp-json\/wp\/v2\/types\/product"}],"wp:featuredmedia":[{"embeddable":true,"href":"https:\/\/lankakauppaihana.fi\/index.php\/wp-json\/wp\/v2\/media\/470"}],"wp:attachment":[{"href":"https:\/\/lankakauppaihana.fi\/index.php\/wp-json\/wp\/v2\/media?parent=444"}],"wp:term":[{"taxonomy":"product_brand","embeddable":true,"href":"https:\/\/lankakauppaihana.fi\/index.php\/wp-json\/wp\/v2\/product_brand?post=444"},{"taxonomy":"product_cat","embeddable":true,"href":"https:\/\/lankakauppaihana.fi\/index.php\/wp-json\/wp\/v2\/product_cat?post=444"},{"taxonomy":"product_tag","embeddable":true,"href":"https:\/\/lankakauppaihana.fi\/index.php\/wp-json\/wp\/v2\/product_tag?post=444"}],"curies":[{"name":"wp","href":"https:\/\/api.w.org\/{rel}","templated":true}]}}