{"id":4472,"date":"2026-04-10T16:25:50","date_gmt":"2026-04-10T13:25:50","guid":{"rendered":"https:\/\/lankakauppaihana.fi\/?post_type=product&#038;p=4472"},"modified":"2026-04-16T12:41:45","modified_gmt":"2026-04-16T09:41:45","slug":"trio1-strawberry","status":"publish","type":"product","link":"https:\/\/lankakauppaihana.fi\/index.php\/product\/trio1-strawberry\/","title":{"rendered":"Trio 1, Strawberry"},"content":{"rendered":"<p><strong>Isagerin Trio 1<\/strong> on ohuenohut kasvikuituinen kes\u00e4lanka, johon lyocell (selluloosakuitu) tuo upean kuullon.<\/p>\n<p>Trio 1 -lankaa k\u00e4yt\u00e4t joko yksin- tai kaksinkertaisena, tai voit yhdist\u00e4\u00e4 sen esimerkiksi kokonaan toiseen lankaan kuten <a href=\"https:\/\/lankakauppaihana.fi\/index.php\/product-category\/tuotteet\/langat\/materiaalit\/silkkimohair\/\">silkkimohairiin<\/a> tai <a href=\"https:\/\/lankakauppaihana.fi\/index.php\/product-category\/tuotteet\/langat\/vahvuus\/lace-vahvuus\/merino400-lace-vahvuus\/\">Merino400<\/a>:en.<\/p>\n<p>Trio 1 on eritt\u00e4in riittoisaa, eli yhdess\u00e4 50g ker\u00e4ss\u00e4 on 350m lankaa.<\/p>\n","protected":false},"excerpt":{"rendered":"<div class=\"woocommerce-product-details__short-description\">\n<div class=\"woocommerce-product-details__short-description\">\n<p><strong>80% pellava \/\/ 30% puuvilla \/\/ 20% lyocell (tencel)\u00a0 <\/strong>* * *<strong> lace<\/strong> (700m\/100g) * * * <strong>puikot: 2\u00bd<\/strong><\/p>\n<p><strong>Isagerin Trio 1<\/strong> on ohuenohut kasvikuituinen kes\u00e4lanka, johon lyocell (selluloosakuitu) tuo upean kuullon.<\/p>\n<p>Trio 1 -lankaa k\u00e4yt\u00e4t joko yksin- tai kaksinkertaisena, tai voit yhdist\u00e4\u00e4 sen esimerkiksi kokonaan toiseen lankaan kuten <a href=\"https:\/\/lankakauppaihana.fi\/index.php\/product-category\/tuotteet\/langat\/materiaalit\/silkkimohair\/\">silkkimohairiin<\/a> tai <a href=\"https:\/\/lankakauppaihana.fi\/index.php\/product-category\/tuotteet\/langat\/vahvuus\/lace-vahvuus\/merino400-lace-vahvuus\/\">Merino400<\/a>:en.<\/p>\n<p>Trio 1 on eritt\u00e4in riittoisaa, eli yhdess\u00e4 50g ker\u00e4ss\u00e4 on 350m lankaa.<\/p>\n<\/div>\n<\/div>\n","protected":false},"featured_media":4477,"template":"","meta":{"_monsterinsights_skip_tracking":false,"_monsterinsights_sitenote_active":false,"_monsterinsights_sitenote_note":"","_monsterinsights_sitenote_category":0,"_uf_show_specific_survey":0,"_uf_disable_surveys":false},"product_brand":[],"product_cat":[513,514,515,516,517,94],"product_tag":[230,519,520,518],"class_list":{"0":"post-4472","1":"product","2":"type-product","3":"status-publish","4":"has-post-thumbnail","6":"product_cat-trio1","7":"product_cat-trio11","8":"product_cat-trio111","9":"product_cat-trio1111","10":"product_cat-trio11111","11":"product_cat-uutuudet","12":"product_tag-isager","13":"product_tag-isagertrio1","14":"product_tag-pellavalanka","15":"product_tag-trio1","17":"first","18":"instock","19":"taxable","20":"shipping-taxable","21":"purchasable","22":"product-type-simple"},"_links":{"self":[{"href":"https:\/\/lankakauppaihana.fi\/index.php\/wp-json\/wp\/v2\/product\/4472","targetHints":{"allow":["GET"]}}],"collection":[{"href":"https:\/\/lankakauppaihana.fi\/index.php\/wp-json\/wp\/v2\/product"}],"about":[{"href":"https:\/\/lankakauppaihana.fi\/index.php\/wp-json\/wp\/v2\/types\/product"}],"wp:featuredmedia":[{"embeddable":true,"href":"https:\/\/lankakauppaihana.fi\/index.php\/wp-json\/wp\/v2\/media\/4477"}],"wp:attachment":[{"href":"https:\/\/lankakauppaihana.fi\/index.php\/wp-json\/wp\/v2\/media?parent=4472"}],"wp:term":[{"taxonomy":"product_brand","embeddable":true,"href":"https:\/\/lankakauppaihana.fi\/index.php\/wp-json\/wp\/v2\/product_brand?post=4472"},{"taxonomy":"product_cat","embeddable":true,"href":"https:\/\/lankakauppaihana.fi\/index.php\/wp-json\/wp\/v2\/product_cat?post=4472"},{"taxonomy":"product_tag","embeddable":true,"href":"https:\/\/lankakauppaihana.fi\/index.php\/wp-json\/wp\/v2\/product_tag?post=4472"}],"curies":[{"name":"wp","href":"https:\/\/api.w.org\/{rel}","templated":true}]}}