{"id":448,"date":"2025-11-05T09:36:49","date_gmt":"2025-11-05T07:36:49","guid":{"rendered":"https:\/\/lankakauppaihana.fi\/?post_type=product&#038;p=448"},"modified":"2025-11-05T12:05:40","modified_gmt":"2025-11-05T10:05:40","slug":"hymn-for-her-sukat-pdf-ohje","status":"publish","type":"product","link":"https:\/\/lankakauppaihana.fi\/index.php\/product\/hymn-for-her-sukat-pdf-ohje\/","title":{"rendered":"Hymn for Her -sukat (PDF-ohje)"},"content":{"rendered":"<p><strong>Hymn for Her -sukkien ohje pdf-muodossa.<br \/>\n<\/strong><\/p>\n<p><strong>Tilatessasi vain ohjeen, valitsethan toimitustavaksi &#8221;NOUTO&#8221;.<\/strong> (Muutoin verkkokauppa veloittaa postikulut.)<\/p>\n<p align=\"center\"><em>N\u00e4m\u00e4 sukat ovat kunnianosoitus kaikille el\u00e4m\u00e4si naisille. He ovat niit\u00e4, jotka eiv\u00e4t per\u00e4\u00e4nny luotasi vaikeimpinakaan hetkin\u00e4, vaikka juuri silloin olisi helpointa vain k\u00e4\u00e4nt\u00e4\u00e4 selk\u00e4. He ovat niit\u00e4, joiden kanssa voit jakaa el\u00e4m\u00e4si t\u00e4htihetket pelk\u00e4\u00e4m\u00e4tt\u00e4, ett\u00e4 aiheutat ilollasi vain turhaa kateutta ja pahaa mielt\u00e4. He ovat niit\u00e4, jotka ovat vilpitt\u00f6m\u00e4sti iloisia puolestasi, kannustavat sinua jatkamaan omalla polullasi ja luovat sinuun uskoa.<br \/>\n<\/em><\/p>\n<p align=\"center\"><em>Hymn for Her -sukat on tarkoitettu neulottavaksi KIITOKSEKSI sellaiselle naiselle, joka on pysynyt el\u00e4m\u00e4ss\u00e4si mukana yl\u00e4- ja alam\u00e4iss\u00e4!<\/em><\/p>\n<p>Sukkia varten tarvitset:<br \/>\n&#8211; 100 grammaa tencel-vahvisteista sukkalankaa (Another Banana tai Vuonue Pentti)<br \/>\n&#8211; 20 grammaa Arctic Banana -kampalankaa<br \/>\n&#8211; 5kpl koon 3,5 sukkapuikkoja<\/p>\n<p>Sukat voi neuloa esimerkiksi kuvissa olevista v\u00e4riyhdistelmist\u00e4:<\/p>\n<p>&#8211; 01 Definitely a Daydreamer (kuviov\u00e4ri: Gotta Come Together)<br \/>\n&#8211; 02 Vuonue Pentti vaaleanharmaa (kuviov\u00e4ri: Floating)<br \/>\n&#8211; 03 Vuonue Pentti keskiharmaa (kuviov\u00e4ri: I Did it Twice)<br \/>\n&#8211; 04 I Did it Twice (kuviov\u00e4ri: Floating)<br \/>\n&#8211; 05 Autumn Vibes (kuviov\u00e4ri: Wayah)<br \/>\n&#8211; 06 Wayah (kuviov\u00e4ri: luonnonbeige)<\/p>\n","protected":false},"excerpt":{"rendered":"<p>Hymn for Her -sukkien ohje pdf-muodossa. Tilatessasi vain ohjeen, valitsethan toimitustavaksi &#8221;NOUTO&#8221;. (Muutoin verkkokauppa veloittaa postikulut.) N\u00e4m\u00e4 sukat ovat kunnianosoitus kaikille el\u00e4m\u00e4si naisille. He ovat niit\u00e4, jotka eiv\u00e4t per\u00e4\u00e4nny luotasi vaikeimpinakaan hetkin\u00e4, vaikka juuri silloin olisi helpointa vain k\u00e4\u00e4nt\u00e4\u00e4 selk\u00e4. He ovat niit\u00e4, joiden kanssa voit jakaa el\u00e4m\u00e4si t\u00e4htihetket pelk\u00e4\u00e4m\u00e4tt\u00e4, ett\u00e4 aiheutat ilollasi vain turhaa kateutta ja pahaa mielt\u00e4. He ovat niit\u00e4, jotka ovat vilpitt\u00f6m\u00e4sti iloisia puolestasi, kannustavat sinua jatkamaan omalla polullasi ja luovat sinuun uskoa. Hymn for Her -sukat on tarkoitettu neulottavaksi KIITOKSEKSI sellaiselle naiselle, joka on pysynyt el\u00e4m\u00e4ss\u00e4si mukana yl\u00e4- ja alam\u00e4iss\u00e4! Sukkia varten tarvitset: &#8211; 100 grammaa tencel-vahvisteista sukkalankaa (Another Banana tai Vuonue Pentti) &#8211; 20 grammaa Arctic Banana -kampalankaa &#8211; 5kpl koon 3,5 sukkapuikkoja Sukat voi neuloa esimerkiksi kuvissa olevista v\u00e4riyhdistelmist\u00e4: &#8211; 01 Definitely a Daydreamer (kuviov\u00e4ri: Gotta Come Together) &#8211; 02 Vuonue Pentti vaaleanharmaa (kuviov\u00e4ri: Floating) &#8211; 03 Vuonue Pentti keskiharmaa (kuviov\u00e4ri: I Did it Twice) &#8211; 04 I Did it Twice (kuviov\u00e4ri: Floating) &#8211; 05 Autumn Vibes (kuviov\u00e4ri: Wayah) &#8211; 06 Wayah (kuviov\u00e4ri: luonnonbeige)<\/p>\n","protected":false},"featured_media":463,"template":"","meta":{"_monsterinsights_skip_tracking":false,"_monsterinsights_sitenote_active":false,"_monsterinsights_sitenote_note":"","_monsterinsights_sitenote_category":0,"_uf_show_specific_survey":0,"_uf_disable_surveys":false},"product_brand":[],"product_cat":[61],"product_tag":[],"class_list":{"0":"post-448","1":"product","2":"type-product","3":"status-publish","4":"has-post-thumbnail","6":"product_cat-neuleohjeet","8":"first","9":"instock","10":"downloadable","11":"taxable","12":"shipping-taxable","13":"purchasable","14":"product-type-simple"},"_links":{"self":[{"href":"https:\/\/lankakauppaihana.fi\/index.php\/wp-json\/wp\/v2\/product\/448","targetHints":{"allow":["GET"]}}],"collection":[{"href":"https:\/\/lankakauppaihana.fi\/index.php\/wp-json\/wp\/v2\/product"}],"about":[{"href":"https:\/\/lankakauppaihana.fi\/index.php\/wp-json\/wp\/v2\/types\/product"}],"wp:featuredmedia":[{"embeddable":true,"href":"https:\/\/lankakauppaihana.fi\/index.php\/wp-json\/wp\/v2\/media\/463"}],"wp:attachment":[{"href":"https:\/\/lankakauppaihana.fi\/index.php\/wp-json\/wp\/v2\/media?parent=448"}],"wp:term":[{"taxonomy":"product_brand","embeddable":true,"href":"https:\/\/lankakauppaihana.fi\/index.php\/wp-json\/wp\/v2\/product_brand?post=448"},{"taxonomy":"product_cat","embeddable":true,"href":"https:\/\/lankakauppaihana.fi\/index.php\/wp-json\/wp\/v2\/product_cat?post=448"},{"taxonomy":"product_tag","embeddable":true,"href":"https:\/\/lankakauppaihana.fi\/index.php\/wp-json\/wp\/v2\/product_tag?post=448"}],"curies":[{"name":"wp","href":"https:\/\/api.w.org\/{rel}","templated":true}]}}