{"id":449,"date":"2025-11-05T09:40:56","date_gmt":"2025-11-05T07:40:56","guid":{"rendered":"https:\/\/lankakauppaihana.fi\/?post_type=product&#038;p=449"},"modified":"2025-11-05T12:05:20","modified_gmt":"2025-11-05T10:05:20","slug":"more-is-more-sukat-pdf-ohje","status":"publish","type":"product","link":"https:\/\/lankakauppaihana.fi\/index.php\/product\/more-is-more-sukat-pdf-ohje\/","title":{"rendered":"More is More -sukat (PDF-ohje)"},"content":{"rendered":"<p>More is More -sukkien ohje pdf-muodossa.<\/p>\n<p>Mallia varten tarvitset:<br \/>\n&#8211; 100g Another Banana -tencel-vahvisteista sukkalankaa<br \/>\n&#8211; 3kpl koon 3 sukkapuikkoa<br \/>\n&#8211; 5kpl koon 3,5 sukkapuikkoa<\/p>\n<p>Tilatessasi 100g Another Banana -lankaa, <u>saat t\u00e4m\u00e4n ohjeen ilmaiseksi<\/u> ja pakettiin mukaan my\u00f6s tulostetun ohjeen (s\u00e4hk\u00f6isen pdf-tiedoston lis\u00e4ksi).<\/p>\n<p>Kuvissa olevat v\u00e4rivaihtoehto-esimerkit ovat seuraavat (v\u00e4rikartta kuvassa 2):<br \/>\n&#8211; 032 Summer Heloisa<br \/>\n&#8211; 033 Miss You Baby<br \/>\n&#8211; 034 Join My Sunday<br \/>\n&#8211; 035 Beach Peaches<br \/>\n&#8211; 036 Definitely a Daydreamer<br \/>\n&#8211; 1802 Vuonue Pentti vaaleanharmaa<br \/>\n&#8211; 1803 Vuonue Pentti keskiharmaa<\/p>\n<p>Kuvassa 1\/5 olevat sukat on neulottu Vuonueen Pentti-langasta s\u00e4vyss\u00e4 keskiharmaa.<\/p>\n<p>Muissa kuvissa olevat persikan v\u00e4riset sukat ovat Another Banana -lankaa s\u00e4vyss\u00e4 Beach Peaches \ud83d\ude42 Pitsipampula-kuvio n\u00e4kyy parhaiten langan vaaleissa s\u00e4vyiss\u00e4, mutta n\u00e4m\u00e4 sukat voi tietysti neuloa mist\u00e4 tahansa mieluisasta Another Banana &#8211; tai Vuonueen Pentti -langasta, joissa molemmissa juoksevuus on 240m\/100g.<\/p>\n<p><strong>Tilatessasi vain ohjeen, valitsethan toimitustavaksi &#8221;NOUTO&#8221;.<\/strong> (Muutoin verkkokauppa veloittaa postikulut.)<\/p>\n","protected":false},"excerpt":{"rendered":"<p>More is More -sukkien ohje pdf-muodossa. Mallia varten tarvitset: &#8211; 100g Another Banana -tencel-vahvisteista sukkalankaa &#8211; 3kpl koon 3 sukkapuikkoa &#8211; 5kpl koon 3,5 sukkapuikkoa Tilatessasi 100g Another Banana -lankaa, saat t\u00e4m\u00e4n ohjeen ilmaiseksi ja pakettiin mukaan my\u00f6s tulostetun ohjeen (s\u00e4hk\u00f6isen pdf-tiedoston lis\u00e4ksi). Kuvissa olevat v\u00e4rivaihtoehto-esimerkit ovat seuraavat (v\u00e4rikartta kuvassa 2): &#8211; 032 Summer Heloisa &#8211; 033 Miss You Baby &#8211; 034 Join My Sunday &#8211; 035 Beach Peaches &#8211; 036 Definitely a Daydreamer &#8211; 1802 Vuonue Pentti vaaleanharmaa &#8211; 1803 Vuonue Pentti keskiharmaa Kuvassa 1\/5 olevat sukat on neulottu Vuonueen Pentti-langasta s\u00e4vyss\u00e4 keskiharmaa. Muissa kuvissa olevat persikan v\u00e4riset sukat ovat Another Banana -lankaa s\u00e4vyss\u00e4 Beach Peaches \ud83d\ude42 Pitsipampula-kuvio n\u00e4kyy parhaiten langan vaaleissa s\u00e4vyiss\u00e4, mutta n\u00e4m\u00e4 sukat voi tietysti neuloa mist\u00e4 tahansa mieluisasta Another Banana &#8211; tai Vuonueen Pentti -langasta, joissa molemmissa juoksevuus on 240m\/100g. Tilatessasi vain ohjeen, valitsethan toimitustavaksi &#8221;NOUTO&#8221;. (Muutoin verkkokauppa veloittaa postikulut.)<\/p>\n","protected":false},"featured_media":462,"template":"","meta":{"_monsterinsights_skip_tracking":false,"_monsterinsights_sitenote_active":false,"_monsterinsights_sitenote_note":"","_monsterinsights_sitenote_category":0,"_uf_show_specific_survey":0,"_uf_disable_surveys":false},"product_brand":[],"product_cat":[61],"product_tag":[],"class_list":{"0":"post-449","1":"product","2":"type-product","3":"status-publish","4":"has-post-thumbnail","6":"product_cat-neuleohjeet","8":"first","9":"instock","10":"downloadable","11":"taxable","12":"shipping-taxable","13":"purchasable","14":"product-type-simple"},"_links":{"self":[{"href":"https:\/\/lankakauppaihana.fi\/index.php\/wp-json\/wp\/v2\/product\/449","targetHints":{"allow":["GET"]}}],"collection":[{"href":"https:\/\/lankakauppaihana.fi\/index.php\/wp-json\/wp\/v2\/product"}],"about":[{"href":"https:\/\/lankakauppaihana.fi\/index.php\/wp-json\/wp\/v2\/types\/product"}],"wp:featuredmedia":[{"embeddable":true,"href":"https:\/\/lankakauppaihana.fi\/index.php\/wp-json\/wp\/v2\/media\/462"}],"wp:attachment":[{"href":"https:\/\/lankakauppaihana.fi\/index.php\/wp-json\/wp\/v2\/media?parent=449"}],"wp:term":[{"taxonomy":"product_brand","embeddable":true,"href":"https:\/\/lankakauppaihana.fi\/index.php\/wp-json\/wp\/v2\/product_brand?post=449"},{"taxonomy":"product_cat","embeddable":true,"href":"https:\/\/lankakauppaihana.fi\/index.php\/wp-json\/wp\/v2\/product_cat?post=449"},{"taxonomy":"product_tag","embeddable":true,"href":"https:\/\/lankakauppaihana.fi\/index.php\/wp-json\/wp\/v2\/product_tag?post=449"}],"curies":[{"name":"wp","href":"https:\/\/api.w.org\/{rel}","templated":true}]}}