{"id":450,"date":"2025-11-05T09:42:24","date_gmt":"2025-11-05T07:42:24","guid":{"rendered":"https:\/\/lankakauppaihana.fi\/?post_type=product&#038;p=450"},"modified":"2026-02-28T14:30:01","modified_gmt":"2026-02-28T12:30:01","slug":"suolaulu-talvi-pdf-ohje","status":"publish","type":"product","link":"https:\/\/lankakauppaihana.fi\/index.php\/product\/suolaulu-talvi-pdf-ohje\/","title":{"rendered":"Suolaulu Talvi (PDF-ohje)"},"content":{"rendered":"<p><em>&#8221;Kalevalan kolmannessa runossa V\u00e4in\u00e4m\u00f6inen ja Joukahainen ovat<br \/>\nkilvoittelemassa tietojaan ja taitojaan ja V\u00e4in\u00e4m\u00f6inen laulaa Joukahaisen<br \/>\nsuohon. H\u00e4diss\u00e4\u00e4n Joukahainen lupaa sisarensa V\u00e4in\u00e4m\u00f6iselle puolisoksi. Joukahaisen<br \/>\n\u00e4iti ilahtuu siit\u00e4, ett\u00e4 tyt\u00e4r naitetaan suurelle ja t\u00e4rke\u00e4lle miehelle, mutta Joukahaisen<br \/>\nsisar ei ole yht\u00e4 innostunut menem\u00e4\u00e4n vaimoksi vanhalle, harmaapartaiselle<br \/>\nV\u00e4in\u00e4m\u00f6iselle.&#8221;<\/em><\/p>\n<p>Suolaulu talvi on kaarrokeversio Suolauluvillapaidasta. Mallin<br \/>\nkuviot perustuvat norjalaisiin lumikidekuvioihin sek\u00e4 luonnosta ammentaviin kukka-<br \/>\nja kasviaiheisiin.<\/p>\n<p>Suolaulu talvi -paita neulotaan suomalaisesta karstalangasta, joka on juoksevuudeltaan 230m\/100g. Voit k\u00e4ytt\u00e4\u00e4 siihen kuitenkin my\u00f6s mit\u00e4 tahansa muuta vastaavaa lankaa, kuten <a href=\"https:\/\/lankakauppaihana.fi\/index.php\/product-category\/valmistajat\/arctic-banana\/arcticbanana\/\">Arctic Bananan ihanan pehme\u00e4\u00e4 kampalankaa<\/a> (juoksevuus 210m\/100g).<br \/>\n<u><br \/>\nLangan menekki:<\/u><br \/>\npohjav\u00e4ri: (XS-S 500g) M-XL 600g (2XL-3XL 700g)<br \/>\nkuviov\u00e4ri: kaikki koot 100g<\/p>\n<p>Koko XS (S, M, L, XL, 2XL, 3XL)<\/p>\n<p>Rinnanymp\u00e4rys 89 (94, 100, 109, 114, 120, 129) cm<\/p>\n<p><u>metrim\u00e4\u00e4r\u00e4t:<\/u><br \/>\nPohjav\u00e4ri: 1012 (1095, 1184, 1309, 1375, 1481, 1599) m<br \/>\nKuviov\u00e4ri: 133 (144, 156, 172, 181, 195, 210) m<\/p>\n<p>Neuletiheys 18 silmukkaa x 22 kerrosta = 10 x 10 cm sile\u00e4\u00e4 neuletta<br \/>\npuikoilla nro 4 mm<\/p>\n<p><u>Lis\u00e4ksi tarvitset:<\/u><br \/>\n40cm py\u00f6r\u00f6puikot koossa 3,5 ja 4<\/p>\n<p>80cm py\u00f6r\u00f6puikot koossa 3,5 ja 4<\/p>\n<p>sukkapuikot 3,5<\/p>\n<p>silmukkamerkkej\u00e4<\/p>\n<p>apulankaa<\/p>\n","protected":false},"excerpt":{"rendered":"<p>T\u00e4m\u00e4 on s\u00e4hk\u00f6inen pdf-ohje Jenna Kostetin iki-ihanasta Suolaulu Talvi -villapaidasta. Tilatessasi ohjeen, saat s\u00e4hk\u00f6postiisi linkin tiedoston latausta varten \ud83d\ude42<br \/>\nLinkki on voimassa rajoittamattomasti, mutta tiedosto on ladattavissa linkist\u00e4 vain kerran.<\/p>\n","protected":false},"featured_media":460,"template":"","meta":{"_monsterinsights_skip_tracking":false,"_monsterinsights_sitenote_active":false,"_monsterinsights_sitenote_note":"","_monsterinsights_sitenote_category":0,"_uf_show_specific_survey":0,"_uf_disable_surveys":false},"product_brand":[],"product_cat":[61],"product_tag":[406,407,403,404,405],"class_list":{"0":"post-450","1":"product","2":"type-product","3":"status-publish","4":"has-post-thumbnail","6":"product_cat-neuleohjeet","7":"product_tag-jenna-kostet","8":"product_tag-neulottu-kalevala","9":"product_tag-suolaulu","10":"product_tag-suolaulu-talvi","11":"product_tag-suolaulukaarroke","13":"first","14":"instock","15":"downloadable","16":"virtual","17":"taxable","18":"purchasable","19":"product-type-simple"},"_links":{"self":[{"href":"https:\/\/lankakauppaihana.fi\/index.php\/wp-json\/wp\/v2\/product\/450","targetHints":{"allow":["GET"]}}],"collection":[{"href":"https:\/\/lankakauppaihana.fi\/index.php\/wp-json\/wp\/v2\/product"}],"about":[{"href":"https:\/\/lankakauppaihana.fi\/index.php\/wp-json\/wp\/v2\/types\/product"}],"wp:featuredmedia":[{"embeddable":true,"href":"https:\/\/lankakauppaihana.fi\/index.php\/wp-json\/wp\/v2\/media\/460"}],"wp:attachment":[{"href":"https:\/\/lankakauppaihana.fi\/index.php\/wp-json\/wp\/v2\/media?parent=450"}],"wp:term":[{"taxonomy":"product_brand","embeddable":true,"href":"https:\/\/lankakauppaihana.fi\/index.php\/wp-json\/wp\/v2\/product_brand?post=450"},{"taxonomy":"product_cat","embeddable":true,"href":"https:\/\/lankakauppaihana.fi\/index.php\/wp-json\/wp\/v2\/product_cat?post=450"},{"taxonomy":"product_tag","embeddable":true,"href":"https:\/\/lankakauppaihana.fi\/index.php\/wp-json\/wp\/v2\/product_tag?post=450"}],"curies":[{"name":"wp","href":"https:\/\/api.w.org\/{rel}","templated":true}]}}