{"id":4501,"date":"2026-04-17T14:36:55","date_gmt":"2026-04-17T11:36:55","guid":{"rendered":"https:\/\/lankakauppaihana.fi\/?post_type=product&#038;p=4501"},"modified":"2026-04-17T14:45:41","modified_gmt":"2026-04-17T11:45:41","slug":"trio-2-bordeaux","status":"publish","type":"product","link":"https:\/\/lankakauppaihana.fi\/index.php\/product\/trio-2-bordeaux\/","title":{"rendered":"Trio 2, Bordeaux"},"content":{"rendered":"<p><strong>Isagerin Trio 2<\/strong> on fingering-vahvuinen kasvikuituinen kes\u00e4lanka, johon lyocell (selluloosakuitu) tuo upean kuullon. Pellava-puuvilla-lyocell-sekoite toimii eritt\u00e4in hyvin kes\u00e4kuumalla ja tuntuu mukavalta paljasta ihoa vasten \ud83d\ude42<\/p>\n<p>Trio 2 -lankaa k\u00e4yt\u00e4t joko yksin- tai kaksinkertaisena, tai voit yhdist\u00e4\u00e4 sen esimerkiksi kokonaan toiseen lankaan kuten <a href=\"https:\/\/lankakauppaihana.fi\/index.php\/product-category\/tuotteet\/langat\/materiaalit\/silkkimohair\/\">silkkimohairiin<\/a> tai <a href=\"https:\/\/lankakauppaihana.fi\/index.php\/product-category\/tuotteet\/langat\/vahvuus\/lace-vahvuus\/merino400-lace-vahvuus\/\">Merino400<\/a>:en.<\/p>\n<p>Trio 2 on koostumukseltaan tismalleen sama mutta kaksi kertaa paksumpi kuin <a href=\"https:\/\/lankakauppaihana.fi\/index.php\/product-category\/tuotteet\/langat\/materiaalit\/pellava\/trio1\/\">Isagerin Trio 1<\/a>.<\/p>\n<p>Trio 2 on juoksevuudeltaan 350m\/100g, eli yhdess\u00e4 50g ker\u00e4ss\u00e4 on 175 metri\u00e4 lankaa \ud83d\ude42<\/p>\n","protected":false},"excerpt":{"rendered":"<div class=\"woocommerce-product-details__short-description\">\n<div class=\"woocommerce-product-details__short-description\">\n<p><strong>50% pellava \/\/ 30% puuvilla \/\/ 20% lyocell (tencel)\u00a0 <\/strong>* * *<strong> lace<\/strong> (350m\/100g) * * * <strong>puikot: 3\u00bd<\/strong><\/p>\n<p><strong>Isagerin Trio 2<\/strong> on fingering-vahvuinen kasvikuituinen kes\u00e4lanka, johon lyocell (selluloosakuitu) tuo upean kuullon. Pellava-puuvilla-lyocell-sekoite toimii eritt\u00e4in hyvin kes\u00e4kuumalla ja tuntuu mukavalta paljasta ihoa vasten \ud83d\ude42<\/p>\n<\/div>\n<\/div>\n","protected":false},"featured_media":4502,"template":"","meta":{"_monsterinsights_skip_tracking":false,"_monsterinsights_sitenote_active":false,"_monsterinsights_sitenote_note":"","_monsterinsights_sitenote_category":0,"_uf_show_specific_survey":0,"_uf_disable_surveys":false},"product_brand":[],"product_cat":[522,523,524,525,526,94],"product_tag":[230,519,520,518],"class_list":{"0":"post-4501","1":"product","2":"type-product","3":"status-publish","4":"has-post-thumbnail","6":"product_cat-trio2","7":"product_cat-trio2-2","8":"product_cat-trio2-3","9":"product_cat-trio2-4","10":"product_cat-trio2-5","11":"product_cat-uutuudet","12":"product_tag-isager","13":"product_tag-isagertrio1","14":"product_tag-pellavalanka","15":"product_tag-trio1","17":"first","18":"instock","19":"taxable","20":"shipping-taxable","21":"purchasable","22":"product-type-simple"},"_links":{"self":[{"href":"https:\/\/lankakauppaihana.fi\/index.php\/wp-json\/wp\/v2\/product\/4501","targetHints":{"allow":["GET"]}}],"collection":[{"href":"https:\/\/lankakauppaihana.fi\/index.php\/wp-json\/wp\/v2\/product"}],"about":[{"href":"https:\/\/lankakauppaihana.fi\/index.php\/wp-json\/wp\/v2\/types\/product"}],"wp:featuredmedia":[{"embeddable":true,"href":"https:\/\/lankakauppaihana.fi\/index.php\/wp-json\/wp\/v2\/media\/4502"}],"wp:attachment":[{"href":"https:\/\/lankakauppaihana.fi\/index.php\/wp-json\/wp\/v2\/media?parent=4501"}],"wp:term":[{"taxonomy":"product_brand","embeddable":true,"href":"https:\/\/lankakauppaihana.fi\/index.php\/wp-json\/wp\/v2\/product_brand?post=4501"},{"taxonomy":"product_cat","embeddable":true,"href":"https:\/\/lankakauppaihana.fi\/index.php\/wp-json\/wp\/v2\/product_cat?post=4501"},{"taxonomy":"product_tag","embeddable":true,"href":"https:\/\/lankakauppaihana.fi\/index.php\/wp-json\/wp\/v2\/product_tag?post=4501"}],"curies":[{"name":"wp","href":"https:\/\/api.w.org\/{rel}","templated":true}]}}