{"id":451,"date":"2025-11-05T09:46:31","date_gmt":"2025-11-05T07:46:31","guid":{"rendered":"https:\/\/lankakauppaihana.fi\/?post_type=product&#038;p=451"},"modified":"2025-11-05T12:04:31","modified_gmt":"2025-11-05T10:04:31","slug":"sakura-pipo-pdf-ohje","status":"publish","type":"product","link":"https:\/\/lankakauppaihana.fi\/index.php\/product\/sakura-pipo-pdf-ohje\/","title":{"rendered":"Magic of North -lapaset (ohje kampalangalle)"},"content":{"rendered":"<div class=\"product-addition-content\">\n<p>T\u00e4ll\u00e4 ohjeella neulot Magic of North -lapaset kampalangasta! &lt;3<br \/>\n(Saat mukana my\u00f6s alkuper\u00e4isen Baby Banana -karitsanvillalle suunnitellun ohjeen.)<\/p>\n<p><u>Lapasiin tarvitset:<\/u><\/p>\n<p>&#8211; 100 grammaa Arctic Banana -kampalankaa<br \/>\n&#8211; 25 grammaa LangYarns Mohair Luxe -silkkimohairlankaa<\/p>\n<p>&#8211; 4kpl koon 4,5 sukkapuikkoja ja 4kpl koon 3,5 sukkapuikkoja<\/p>\n<p>Ohje toimitetaan s-postiisi pdf-muodossa. Mik\u00e4li tilaat ohjeen lis\u00e4ksi lankoja, saat neuleohjeen my\u00f6s paperisena versiona \ud83d\ude42<\/p>\n<\/div>\n","protected":false},"excerpt":{"rendered":"<p>T\u00e4ll\u00e4 ohjeella neulot Magic of North -lapaset kampalangasta! &lt;3 (Saat mukana my\u00f6s alkuper\u00e4isen Baby Banana -karitsanvillalle suunnitellun ohjeen.) Lapasiin tarvitset: &#8211; 100 grammaa Arctic Banana -kampalankaa &#8211; 25 grammaa LangYarns Mohair Luxe -silkkimohairlankaa &#8211; 4kpl koon 4,5 sukkapuikkoja ja 4kpl koon 3,5 sukkapuikkoja Ohje toimitetaan s-postiisi pdf-muodossa. Mik\u00e4li tilaat ohjeen lis\u00e4ksi lankoja, saat neuleohjeen my\u00f6s paperisena versiona \ud83d\ude42<\/p>\n","protected":false},"featured_media":457,"template":"","meta":{"_monsterinsights_skip_tracking":false,"_monsterinsights_sitenote_active":false,"_monsterinsights_sitenote_note":"","_monsterinsights_sitenote_category":0,"_uf_show_specific_survey":0,"_uf_disable_surveys":false},"product_brand":[],"product_cat":[61],"product_tag":[],"class_list":{"0":"post-451","1":"product","2":"type-product","3":"status-publish","4":"has-post-thumbnail","6":"product_cat-neuleohjeet","8":"first","9":"instock","10":"downloadable","11":"taxable","12":"shipping-taxable","13":"purchasable","14":"product-type-simple"},"_links":{"self":[{"href":"https:\/\/lankakauppaihana.fi\/index.php\/wp-json\/wp\/v2\/product\/451","targetHints":{"allow":["GET"]}}],"collection":[{"href":"https:\/\/lankakauppaihana.fi\/index.php\/wp-json\/wp\/v2\/product"}],"about":[{"href":"https:\/\/lankakauppaihana.fi\/index.php\/wp-json\/wp\/v2\/types\/product"}],"wp:featuredmedia":[{"embeddable":true,"href":"https:\/\/lankakauppaihana.fi\/index.php\/wp-json\/wp\/v2\/media\/457"}],"wp:attachment":[{"href":"https:\/\/lankakauppaihana.fi\/index.php\/wp-json\/wp\/v2\/media?parent=451"}],"wp:term":[{"taxonomy":"product_brand","embeddable":true,"href":"https:\/\/lankakauppaihana.fi\/index.php\/wp-json\/wp\/v2\/product_brand?post=451"},{"taxonomy":"product_cat","embeddable":true,"href":"https:\/\/lankakauppaihana.fi\/index.php\/wp-json\/wp\/v2\/product_cat?post=451"},{"taxonomy":"product_tag","embeddable":true,"href":"https:\/\/lankakauppaihana.fi\/index.php\/wp-json\/wp\/v2\/product_tag?post=451"}],"curies":[{"name":"wp","href":"https:\/\/api.w.org\/{rel}","templated":true}]}}