{"id":519,"date":"2025-09-24T12:34:50","date_gmt":"2025-09-24T09:34:50","guid":{"rendered":"https:\/\/lankakauppaihana.fi\/?post_type=product&#038;p=519"},"modified":"2025-09-25T12:27:23","modified_gmt":"2025-09-25T09:27:23","slug":"jawoll-sukkalanka-0022-vaalea-harmaanruskea","status":"publish","type":"product","link":"https:\/\/lankakauppaihana.fi\/index.php\/product\/jawoll-sukkalanka-0022-vaalea-harmaanruskea\/","title":{"rendered":"Jawoll-sukkalanka 0022 vaalea harmaanruskea"},"content":{"rendered":"","protected":false},"excerpt":{"rendered":"<p>Lang Yarns Jawoll on kest\u00e4v\u00e4 fingering-vahvuinen (420m\/100g) sukkalanka, jossa on 75% (corriedale)villaa ja 25% nylonia.<br \/>\nNeulot Jawollia puikoilla 2\u00bd-3\u00bd, ja voit pest\u00e4 sen 40\u00b0C hienopesuohjelmalla.<\/p>\n<p>Jawoll-ker\u00e4n sis\u00e4ll\u00e4 on saman s\u00e4vyinen 5g painoinen lankarulla, jolla voit vahvistaa esimerkiksi sukkiesi kantap\u00e4\u00e4t \ud83d\ude42<\/p>\n<p>Ker\u00e4n koko 50g.<\/p>\n","protected":false},"featured_media":3872,"template":"","meta":{"_monsterinsights_skip_tracking":false,"_monsterinsights_sitenote_active":false,"_monsterinsights_sitenote_note":"","_monsterinsights_sitenote_category":0,"_uf_show_specific_survey":0,"_uf_disable_surveys":false},"product_brand":[],"product_cat":[176,147,154,62],"product_tag":[140,69,68],"class_list":{"0":"post-519","1":"product","2":"type-product","3":"status-publish","4":"has-post-thumbnail","6":"product_cat-jawoll4","7":"product_cat-jawoll-corriedale","8":"product_cat-jawoll3","9":"product_cat-jawoll","10":"product_tag-corriedale","11":"product_tag-ohut-sukkalanka","12":"product_tag-sukkalanka","14":"first","15":"instock","16":"taxable","17":"shipping-taxable","18":"purchasable","19":"product-type-simple"},"_links":{"self":[{"href":"https:\/\/lankakauppaihana.fi\/index.php\/wp-json\/wp\/v2\/product\/519","targetHints":{"allow":["GET"]}}],"collection":[{"href":"https:\/\/lankakauppaihana.fi\/index.php\/wp-json\/wp\/v2\/product"}],"about":[{"href":"https:\/\/lankakauppaihana.fi\/index.php\/wp-json\/wp\/v2\/types\/product"}],"wp:featuredmedia":[{"embeddable":true,"href":"https:\/\/lankakauppaihana.fi\/index.php\/wp-json\/wp\/v2\/media\/3872"}],"wp:attachment":[{"href":"https:\/\/lankakauppaihana.fi\/index.php\/wp-json\/wp\/v2\/media?parent=519"}],"wp:term":[{"taxonomy":"product_brand","embeddable":true,"href":"https:\/\/lankakauppaihana.fi\/index.php\/wp-json\/wp\/v2\/product_brand?post=519"},{"taxonomy":"product_cat","embeddable":true,"href":"https:\/\/lankakauppaihana.fi\/index.php\/wp-json\/wp\/v2\/product_cat?post=519"},{"taxonomy":"product_tag","embeddable":true,"href":"https:\/\/lankakauppaihana.fi\/index.php\/wp-json\/wp\/v2\/product_tag?post=519"}],"curies":[{"name":"wp","href":"https:\/\/api.w.org\/{rel}","templated":true}]}}