{"id":80,"date":"2024-02-16T14:49:03","date_gmt":"2024-02-16T12:49:03","guid":{"rendered":"http:\/\/localhost\/woocommerce\/?post_type=product&amp;p=80"},"modified":"2024-02-16T14:49:03","modified_gmt":"2024-02-16T12:49:03","slug":"fade-setti-3-shades-of-breathe","status":"publish","type":"product","link":"https:\/\/lankakauppaihana.fi\/index.php\/product\/fade-setti-3-shades-of-breathe\/","title":{"rendered":"FADE-setti (3 shades of Breathe)"},"content":{"rendered":"<p>N\u00e4m\u00e4 FADE-setit ovat 100% suomalaista\u00a0<a href=\"https:\/\/arctic-banana.vilkas.shop\/c\/tuotteet\/arctic-banana-tuoteperhe-lue-lisaa\" target=\"_blank\" rel=\"noopener\">kampalankaa<\/a>, joka on valmistettu maamme alkuper\u00e4isrotujen villasta.<\/p>\n<p>Settej\u00e4 on saatavilla kolmena eri vaihtoehtona:<\/p>\n<p><strong>&#8211; 3 x 20g (v\u00e4rj\u00e4tyt s\u00e4vyt Breathe, Untrue ja Peacebird)<\/strong><br \/>\n<em>T\u00e4m\u00e4 m\u00e4\u00e4r\u00e4 (60g) sopii esimerkiksi lapasten raidoitukseen.<\/em><\/p>\n<p><strong>&#8211; 4 x 20g (s\u00e4vyt Breathe, Untrue ja Peacebird sek\u00e4 lampaan oma valkoinen luonnons\u00e4vy)<\/strong><br \/>\n<em>T\u00e4m\u00e4 m\u00e4\u00e4r\u00e4 (80g) sopii esimerkiksi kokonaisiin lapasiin.<\/em><\/p>\n<p><strong>&#8211; 3 x 20g (s\u00e4vyt Breathe, Untrue ja Peacebird) + 100g lampaan oma valkoinen luonnons\u00e4vy<br \/>\n<\/strong><\/p>\n<p><em>T\u00e4m\u00e4 m\u00e4\u00e4r\u00e4 (160g) sopii esimerkiksi pipoon, jolloin v\u00e4rj\u00e4tyt s\u00e4vyt ovat kuviov\u00e4rej\u00e4 ja lampaan luonnons\u00e4vy pohjav\u00e4ri\u00e4 \ud83d\ude42<br \/>\n<\/em><br \/>\nNeulot FADE-seteist\u00e4 esimerkiksi kirjoneuletta puikoilla nro 4,5, sile\u00e4\u00e4 raitaa puolestaan k\u00e4sialasta riippuen puikoilla nro 3\u00bd-4.<\/p>\n","protected":false},"excerpt":{"rendered":"<p>N\u00e4m\u00e4 FADE-setit ovat 100% suomalaista\u00a0kampalankaa, joka on valmistettu maamme alkuper\u00e4isrotujen villasta. Settej\u00e4 on saatavilla kolmena eri vaihtoehtona: &#8211; 3 x 20g (v\u00e4rj\u00e4tyt s\u00e4vyt Breathe, Untrue ja Peacebird) T\u00e4m\u00e4 m\u00e4\u00e4r\u00e4 (60g) sopii esimerkiksi lapasten raidoitukseen. &#8211; 4 x 20g (s\u00e4vyt Breathe, Untrue ja Peacebird sek\u00e4 lampaan oma valkoinen luonnons\u00e4vy) T\u00e4m\u00e4 m\u00e4\u00e4r\u00e4 (80g) sopii esimerkiksi kokonaisiin lapasiin. &#8211; 3 x 20g (s\u00e4vyt Breathe, Untrue ja Peacebird) + 100g lampaan oma valkoinen luonnons\u00e4vy T\u00e4m\u00e4 m\u00e4\u00e4r\u00e4 (160g) sopii esimerkiksi pipoon, jolloin v\u00e4rj\u00e4tyt s\u00e4vyt ovat kuviov\u00e4rej\u00e4 ja lampaan luonnons\u00e4vy pohjav\u00e4ri\u00e4 \ud83d\ude42 Neulot FADE-seteist\u00e4 esimerkiksi kirjoneuletta puikoilla nro 4,5, sile\u00e4\u00e4 raitaa puolestaan k\u00e4sialasta riippuen puikoilla nro 3\u00bd-4.<\/p>\n","protected":false},"featured_media":81,"template":"","meta":{"_monsterinsights_skip_tracking":false,"_monsterinsights_sitenote_active":false,"_monsterinsights_sitenote_note":"","_monsterinsights_sitenote_category":0,"_uf_show_specific_survey":0,"_uf_disable_surveys":false},"product_brand":[],"product_cat":[20],"product_tag":[],"class_list":{"0":"post-80","1":"product","2":"type-product","3":"status-publish","4":"has-post-thumbnail","6":"product_cat-langat","8":"first","9":"instock","10":"taxable","11":"shipping-taxable","12":"product-type-simple"},"_links":{"self":[{"href":"https:\/\/lankakauppaihana.fi\/index.php\/wp-json\/wp\/v2\/product\/80","targetHints":{"allow":["GET"]}}],"collection":[{"href":"https:\/\/lankakauppaihana.fi\/index.php\/wp-json\/wp\/v2\/product"}],"about":[{"href":"https:\/\/lankakauppaihana.fi\/index.php\/wp-json\/wp\/v2\/types\/product"}],"wp:featuredmedia":[{"embeddable":true,"href":"https:\/\/lankakauppaihana.fi\/index.php\/wp-json\/"}],"wp:attachment":[{"href":"https:\/\/lankakauppaihana.fi\/index.php\/wp-json\/wp\/v2\/media?parent=80"}],"wp:term":[{"taxonomy":"product_brand","embeddable":true,"href":"https:\/\/lankakauppaihana.fi\/index.php\/wp-json\/wp\/v2\/product_brand?post=80"},{"taxonomy":"product_cat","embeddable":true,"href":"https:\/\/lankakauppaihana.fi\/index.php\/wp-json\/wp\/v2\/product_cat?post=80"},{"taxonomy":"product_tag","embeddable":true,"href":"https:\/\/lankakauppaihana.fi\/index.php\/wp-json\/wp\/v2\/product_tag?post=80"}],"curies":[{"name":"wp","href":"https:\/\/api.w.org\/{rel}","templated":true}]}}