{"id":842,"date":"2024-06-10T22:47:40","date_gmt":"2024-06-10T19:47:40","guid":{"rendered":"https:\/\/lankakauppaihana.fi\/?post_type=product&#038;p=842"},"modified":"2024-09-19T16:13:27","modified_gmt":"2024-09-19T13:13:27","slug":"raggi-charcoal-black","status":"publish","type":"product","link":"https:\/\/lankakauppaihana.fi\/index.php\/product\/raggi-charcoal-black\/","title":{"rendered":"Raggi Charcoal Black"},"content":{"rendered":"","protected":false},"excerpt":{"rendered":"<p>J\u00e4rbo Raggi on paksu ja kest\u00e4v\u00e4 sukkalanka, jota neulot puikoilla 4\u00bd.<\/p>\n<p>Raggi sis\u00e4lt\u00e4\u00e4 70% villaa ja 30% nailonia.<br \/>\nRaggin juoksevuus on 150m\/100g.<br \/>\nKer\u00e4n koko 100g.<\/p>\n","protected":false},"featured_media":769,"template":"","meta":{"_monsterinsights_skip_tracking":false,"_monsterinsights_sitenote_active":false,"_monsterinsights_sitenote_note":"","_monsterinsights_sitenote_category":0,"_uf_show_specific_survey":0,"_uf_disable_surveys":false},"product_brand":[],"product_cat":[234,158,73],"product_tag":[72,75,68],"class_list":{"0":"post-842","1":"product","2":"type-product","3":"status-publish","4":"has-post-thumbnail","6":"product_cat-raggi4","7":"product_cat-raggi3","8":"product_cat-raggi","9":"product_tag-jarbo","10":"product_tag-raggi","11":"product_tag-sukkalanka","13":"first","14":"instock","15":"taxable","16":"shipping-taxable","17":"purchasable","18":"product-type-simple"},"_links":{"self":[{"href":"https:\/\/lankakauppaihana.fi\/index.php\/wp-json\/wp\/v2\/product\/842","targetHints":{"allow":["GET"]}}],"collection":[{"href":"https:\/\/lankakauppaihana.fi\/index.php\/wp-json\/wp\/v2\/product"}],"about":[{"href":"https:\/\/lankakauppaihana.fi\/index.php\/wp-json\/wp\/v2\/types\/product"}],"wp:featuredmedia":[{"embeddable":true,"href":"https:\/\/lankakauppaihana.fi\/index.php\/wp-json\/wp\/v2\/media\/769"}],"wp:attachment":[{"href":"https:\/\/lankakauppaihana.fi\/index.php\/wp-json\/wp\/v2\/media?parent=842"}],"wp:term":[{"taxonomy":"product_brand","embeddable":true,"href":"https:\/\/lankakauppaihana.fi\/index.php\/wp-json\/wp\/v2\/product_brand?post=842"},{"taxonomy":"product_cat","embeddable":true,"href":"https:\/\/lankakauppaihana.fi\/index.php\/wp-json\/wp\/v2\/product_cat?post=842"},{"taxonomy":"product_tag","embeddable":true,"href":"https:\/\/lankakauppaihana.fi\/index.php\/wp-json\/wp\/v2\/product_tag?post=842"}],"curies":[{"name":"wp","href":"https:\/\/api.w.org\/{rel}","templated":true}]}}