{"id":899,"date":"2024-06-11T16:21:38","date_gmt":"2024-06-11T13:21:38","guid":{"rendered":"https:\/\/lankakauppaihana.fi\/?post_type=product&#038;p=899"},"modified":"2026-03-25T17:02:34","modified_gmt":"2026-03-25T15:02:34","slug":"super-soxx-6-ply-0088-siniharmaa","status":"publish","type":"product","link":"https:\/\/lankakauppaihana.fi\/index.php\/product\/super-soxx-6-ply-0088-siniharmaa\/","title":{"rendered":"Super Soxx 6-ply 0088 siniharmaa"},"content":{"rendered":"","protected":false},"excerpt":{"rendered":"<p><strong>75% villa \/\/ 25% nailon<\/strong> * * * <strong>DK<\/strong> (270m\/100g)* * * <strong>puikot: 3-4<\/strong><\/p>\n<p>Lang Yarns Super Soxx 6-ply on dk-vahvuinen kest\u00e4v\u00e4 sukkalanka, jota neulot puikoilla 3-4.<br \/>\nKer\u00e4n koko on 150g ja siin\u00e4 on noin 410m lankaa (juoksevuus ~270m\/100g), josta neulot isommatkin sukat!<\/p>\n<p>Langan koostumus: 75% villa \/\/ 25% nailon<br \/>\nPesu: hell\u00e4varainen 40C\u00b0 hienopesu<br \/>\nNeuletiheys: 22&#215;33<\/p>\n<p>Super Soxx 6-ply on kehr\u00e4tty Italiassa.<br \/>\nSuper Soxxin villa on Corriedale-lammasrodun villaa, ja per\u00e4isin Chilest\u00e4. Se on pitk\u00e4kuituista ja kest\u00e4v\u00e4\u00e4 eik\u00e4 nukkaannu helposti.<br \/>\nVoit j\u00e4ljitt\u00e4\u00e4 villan alkuper\u00e4n Lang Yarnsin <a href=\"https:\/\/www.langyarns.com\/en\/Stories-by-LANGYARNS\/Trace-your-yarn\/\">Trace you Yarn<\/a> -palvelussa, josta ker\u00e4n tuotekoodilla l\u00f6yd\u00e4t lammasfarmin maantieteellisen sijainnin ja tietoa ja kuvia ko. langan tuotantoprosessista \ud83d\ude42<\/p>\n","protected":false},"featured_media":795,"template":"","meta":{"_monsterinsights_skip_tracking":false,"_monsterinsights_sitenote_active":false,"_monsterinsights_sitenote_note":"","_monsterinsights_sitenote_category":0,"_uf_show_specific_survey":0,"_uf_disable_surveys":false},"product_brand":[],"product_cat":[149,42],"product_tag":[84,77,68,76],"class_list":{"0":"post-899","1":"product","2":"type-product","3":"status-publish","4":"has-post-thumbnail","6":"product_cat-supersoxx6ply2","7":"product_cat-supersoxx6ply","8":"product_tag-dk-sukkalanka","9":"product_tag-lang-yarns","10":"product_tag-sukkalanka","11":"product_tag-supersoxx","13":"first","14":"instock","15":"taxable","16":"shipping-taxable","17":"purchasable","18":"product-type-simple"},"_links":{"self":[{"href":"https:\/\/lankakauppaihana.fi\/index.php\/wp-json\/wp\/v2\/product\/899","targetHints":{"allow":["GET"]}}],"collection":[{"href":"https:\/\/lankakauppaihana.fi\/index.php\/wp-json\/wp\/v2\/product"}],"about":[{"href":"https:\/\/lankakauppaihana.fi\/index.php\/wp-json\/wp\/v2\/types\/product"}],"wp:featuredmedia":[{"embeddable":true,"href":"https:\/\/lankakauppaihana.fi\/index.php\/wp-json\/wp\/v2\/media\/795"}],"wp:attachment":[{"href":"https:\/\/lankakauppaihana.fi\/index.php\/wp-json\/wp\/v2\/media?parent=899"}],"wp:term":[{"taxonomy":"product_brand","embeddable":true,"href":"https:\/\/lankakauppaihana.fi\/index.php\/wp-json\/wp\/v2\/product_brand?post=899"},{"taxonomy":"product_cat","embeddable":true,"href":"https:\/\/lankakauppaihana.fi\/index.php\/wp-json\/wp\/v2\/product_cat?post=899"},{"taxonomy":"product_tag","embeddable":true,"href":"https:\/\/lankakauppaihana.fi\/index.php\/wp-json\/wp\/v2\/product_tag?post=899"}],"curies":[{"name":"wp","href":"https:\/\/api.w.org\/{rel}","templated":true}]}}