{"id":905,"date":"2024-06-11T17:42:51","date_gmt":"2024-06-11T14:42:51","guid":{"rendered":"https:\/\/lankakauppaihana.fi\/?post_type=product&#038;p=905"},"modified":"2025-02-21T11:40:01","modified_gmt":"2025-02-21T09:40:01","slug":"jawoll-magic-degrade-0118-vihrea-lila-sininen","status":"publish","type":"product","link":"https:\/\/lankakauppaihana.fi\/index.php\/product\/jawoll-magic-degrade-0118-vihrea-lila-sininen\/","title":{"rendered":"Jawoll Magic Degrade 0118 vihre\u00e4\/lila\/sininen"},"content":{"rendered":"","protected":false},"excerpt":{"rendered":"<p><strong>75% villa \/\/ 25% nailon<\/strong> * * * <strong>fingering<\/strong> (400m\/100g)* * * <strong>puikot: 2\u00bd-3\u00bd<\/strong><\/p>\n<p>Jawoll Magic Degrade on ohut fingering-vahvuinen sukkalanka, jota neulot puikoilla 2\u00bd-3\u00bd.<br \/>\nKer\u00e4n koko on 100g ja siin\u00e4 on noin 400m lankaa (juoksevuus ~400m\/100g).<\/p>\n<p>Langan koostumus: 75% villa \/\/ 25% nailon<br \/>\nPesu: hell\u00e4varainen 40C\u00b0 hienopesu (Eth\u00e4n k\u00e4yt\u00e4 huuhteluainetta!)<br \/>\nNeuletiheys: 28&#215;40<\/p>\n<p>Kehr\u00e4tty Italiassa.<\/p>\n<p>Voit yhdist\u00e4\u00e4 t\u00e4t\u00e4 lankaa esimerkiksi <a href=\"https:\/\/lankakauppaihana.fi\/index.php\/product-category\/yleinen\/langat\/sukkalangat\/ohuetsukkalangat\/jawoll\/\">Lang Yarns Jawoll<\/a> -langan kanssa \ud83d\ude42<\/p>\n","protected":false},"featured_media":777,"template":"","meta":{"_monsterinsights_skip_tracking":false,"_monsterinsights_sitenote_active":false,"_monsterinsights_sitenote_note":"","_monsterinsights_sitenote_category":0,"_uf_show_specific_survey":0,"_uf_disable_surveys":false},"product_brand":[],"product_cat":[174,175,63],"product_tag":[86,77,85,69,68],"class_list":{"0":"post-905","1":"product","2":"type-product","3":"status-publish","4":"has-post-thumbnail","6":"product_cat-jawollmagicdegrade-langyarns2","7":"product_cat-jawollmagicdegrade2","8":"product_cat-jawollmagicdegrade","9":"product_tag-jawoll","10":"product_tag-lang-yarns","11":"product_tag-liukuvarjatty","12":"product_tag-ohut-sukkalanka","13":"product_tag-sukkalanka","15":"first","16":"outofstock","17":"taxable","18":"shipping-taxable","19":"purchasable","20":"product-type-simple"},"_links":{"self":[{"href":"https:\/\/lankakauppaihana.fi\/index.php\/wp-json\/wp\/v2\/product\/905","targetHints":{"allow":["GET"]}}],"collection":[{"href":"https:\/\/lankakauppaihana.fi\/index.php\/wp-json\/wp\/v2\/product"}],"about":[{"href":"https:\/\/lankakauppaihana.fi\/index.php\/wp-json\/wp\/v2\/types\/product"}],"wp:featuredmedia":[{"embeddable":true,"href":"https:\/\/lankakauppaihana.fi\/index.php\/wp-json\/wp\/v2\/media\/777"}],"wp:attachment":[{"href":"https:\/\/lankakauppaihana.fi\/index.php\/wp-json\/wp\/v2\/media?parent=905"}],"wp:term":[{"taxonomy":"product_brand","embeddable":true,"href":"https:\/\/lankakauppaihana.fi\/index.php\/wp-json\/wp\/v2\/product_brand?post=905"},{"taxonomy":"product_cat","embeddable":true,"href":"https:\/\/lankakauppaihana.fi\/index.php\/wp-json\/wp\/v2\/product_cat?post=905"},{"taxonomy":"product_tag","embeddable":true,"href":"https:\/\/lankakauppaihana.fi\/index.php\/wp-json\/wp\/v2\/product_tag?post=905"}],"curies":[{"name":"wp","href":"https:\/\/api.w.org\/{rel}","templated":true}]}}