{"id":908,"date":"2024-06-11T18:14:14","date_gmt":"2024-06-11T15:14:14","guid":{"rendered":"https:\/\/lankakauppaihana.fi\/?post_type=product&#038;p=908"},"modified":"2024-12-04T14:39:19","modified_gmt":"2024-12-04T12:39:19","slug":"mille-colori-socks-lace-luxe-0063-tummanpunainen","status":"publish","type":"product","link":"https:\/\/lankakauppaihana.fi\/index.php\/product\/mille-colori-socks-lace-luxe-0063-tummanpunainen\/","title":{"rendered":"Mille Colori Socks &#038; Lace Luxe 0063 tummanpunainen"},"content":{"rendered":"","protected":false},"excerpt":{"rendered":"<p><strong>73% villa \/\/ 25% nailon \/\/ 2% polyesteri<\/strong> * * * <strong>fingering<\/strong> (400m\/100g)* * * <strong>puikot: 2\u00bd-3\u00bd<\/strong><\/p>\n<p>Lang Yarns Mille Colori Socks &amp; Lace Luxe -langassa jokainen ker\u00e4 on uniikki &lt;3 Lanka sis\u00e4lt\u00e4\u00e4 kimalletta, ja se on upeasti liukuv\u00e4rj\u00e4tty &#8211; l\u00e4helt\u00e4 katsottuna ker\u00e4 on jo itsess\u00e4\u00e4n kuin pieni taideteos!<\/p>\n<p>Mille Colori Socks &amp; Lace Luxe on fingering-vahvuinen sukkalanka, jota neulot puikoilla 2\u00bd-3\u00bd.<br \/>\nKer\u00e4n koko on 100g ja siin\u00e4 on noin 400m lankaa (juoksevuus ~400m\/100g).<\/p>\n<p>Langan koostumus: 75% villa \/\/ 25% nailon \/\/ 2% polyesteri<br \/>\nPesu: hell\u00e4varainen 30C\u00b0 hienopesu (Eth\u00e4n k\u00e4yt\u00e4 huuhteluainetta!)<br \/>\nNeuletiheys: 28&#215;40<\/p>\n<p>Mille Colori Socks &amp; Lace Luxesta ja Lang Yarnsin Mohair Luxe -langasta voit neuloa my\u00f6s <a href=\"https:\/\/www.petiteknit.com\/en\/collections\/huer\/products\/oslohuen-mohair-edition\">Petite Knitin Oslo-pipon mohair-version<\/a> \ud83d\ude42 (Kts. kolmas tuotekuva!)<\/p>\n","protected":false},"featured_media":755,"template":"","meta":{"_monsterinsights_skip_tracking":false,"_monsterinsights_sitenote_active":false,"_monsterinsights_sitenote_note":"","_monsterinsights_sitenote_category":0,"_uf_show_specific_survey":0,"_uf_disable_surveys":false},"product_brand":[],"product_cat":[172,173,88],"product_tag":[77,87,69,68],"class_list":{"0":"post-908","1":"product","2":"type-product","3":"status-publish","4":"has-post-thumbnail","6":"product_cat-millecolorisocks2","7":"product_cat-millecolorisocks3","8":"product_cat-millecolorisocks","9":"product_tag-lang-yarns","10":"product_tag-mille-colori","11":"product_tag-ohut-sukkalanka","12":"product_tag-sukkalanka","14":"first","15":"outofstock","16":"taxable","17":"shipping-taxable","18":"purchasable","19":"product-type-simple"},"_links":{"self":[{"href":"https:\/\/lankakauppaihana.fi\/index.php\/wp-json\/wp\/v2\/product\/908","targetHints":{"allow":["GET"]}}],"collection":[{"href":"https:\/\/lankakauppaihana.fi\/index.php\/wp-json\/wp\/v2\/product"}],"about":[{"href":"https:\/\/lankakauppaihana.fi\/index.php\/wp-json\/wp\/v2\/types\/product"}],"wp:featuredmedia":[{"embeddable":true,"href":"https:\/\/lankakauppaihana.fi\/index.php\/wp-json\/wp\/v2\/media\/755"}],"wp:attachment":[{"href":"https:\/\/lankakauppaihana.fi\/index.php\/wp-json\/wp\/v2\/media?parent=908"}],"wp:term":[{"taxonomy":"product_brand","embeddable":true,"href":"https:\/\/lankakauppaihana.fi\/index.php\/wp-json\/wp\/v2\/product_brand?post=908"},{"taxonomy":"product_cat","embeddable":true,"href":"https:\/\/lankakauppaihana.fi\/index.php\/wp-json\/wp\/v2\/product_cat?post=908"},{"taxonomy":"product_tag","embeddable":true,"href":"https:\/\/lankakauppaihana.fi\/index.php\/wp-json\/wp\/v2\/product_tag?post=908"}],"curies":[{"name":"wp","href":"https:\/\/api.w.org\/{rel}","templated":true}]}}