{"id":935,"date":"2024-06-11T22:23:44","date_gmt":"2024-06-11T19:23:44","guid":{"rendered":"https:\/\/lankakauppaihana.fi\/?post_type=product&#038;p=935"},"modified":"2026-04-04T13:14:59","modified_gmt":"2026-04-04T10:14:59","slug":"liberty-0007-lila","status":"publish","type":"product","link":"https:\/\/lankakauppaihana.fi\/index.php\/product\/liberty-0007-lila\/","title":{"rendered":"Liberty 0007 lila"},"content":{"rendered":"","protected":false},"excerpt":{"rendered":"<p><strong>100% puuvilla \/<\/strong> * * * <strong>chunky\u00a0<\/strong> (120m\/100g)* * * <strong>puikot: 6<\/strong><\/p>\n<p>WoolAddictsin muhkea Liberty-boucle-puuvillalanka on paksuudestaan huolimatta unelmankevytt\u00e4 ja v\u00e4rit superherkullisia! Neulot tai virkkaat t\u00e4st\u00e4 erilaisia pienempi\u00e4 asusteita tai ihan vain sile\u00e4\u00e4 neulosta &#8211; pinnasta tulee joka tapauksessa upea!<\/p>\n<p>Liberty on chunky-vahvuinen herkkulanka, jota neulot koon 6 puikoilla.<br \/>\nKer\u00e4n koko on 50g ja siin\u00e4 on noin 60m lankaa (juoksevuus ~120m\/100g).<\/p>\n<p>Langan koostumus: 100% (pima)puuvilla<br \/>\nPesu: hell\u00e4varainen 30C\u00b0 hienopesu (Eth\u00e4n k\u00e4yt\u00e4 huuhteluainetta!)<\/p>\n<p>Kehr\u00e4tty Italiassa.<br \/>\nWoolAddicts on Lang Yarnsin alainen br\u00e4ndi, eli laatu on taattua \ud83d\ude42<\/p>\n","protected":false},"featured_media":602,"template":"","meta":{"_monsterinsights_skip_tracking":false,"_monsterinsights_sitenote_active":false,"_monsterinsights_sitenote_note":"","_monsterinsights_sitenote_category":0,"_uf_show_specific_survey":0,"_uf_disable_surveys":false},"product_brand":[],"product_cat":[161,115,160],"product_tag":[113,112,91,114],"class_list":{"0":"post-935","1":"product","2":"type-product","3":"status-publish","4":"has-post-thumbnail","6":"product_cat-liberty","7":"product_cat-liberty2","8":"product_cat-liberty3","9":"product_tag-bulky","10":"product_tag-chunky","11":"product_tag-puuvillalangat","12":"product_tag-wooladdicts","14":"first","15":"instock","16":"taxable","17":"shipping-taxable","18":"purchasable","19":"product-type-simple"},"_links":{"self":[{"href":"https:\/\/lankakauppaihana.fi\/index.php\/wp-json\/wp\/v2\/product\/935","targetHints":{"allow":["GET"]}}],"collection":[{"href":"https:\/\/lankakauppaihana.fi\/index.php\/wp-json\/wp\/v2\/product"}],"about":[{"href":"https:\/\/lankakauppaihana.fi\/index.php\/wp-json\/wp\/v2\/types\/product"}],"wp:featuredmedia":[{"embeddable":true,"href":"https:\/\/lankakauppaihana.fi\/index.php\/wp-json\/wp\/v2\/media\/602"}],"wp:attachment":[{"href":"https:\/\/lankakauppaihana.fi\/index.php\/wp-json\/wp\/v2\/media?parent=935"}],"wp:term":[{"taxonomy":"product_brand","embeddable":true,"href":"https:\/\/lankakauppaihana.fi\/index.php\/wp-json\/wp\/v2\/product_brand?post=935"},{"taxonomy":"product_cat","embeddable":true,"href":"https:\/\/lankakauppaihana.fi\/index.php\/wp-json\/wp\/v2\/product_cat?post=935"},{"taxonomy":"product_tag","embeddable":true,"href":"https:\/\/lankakauppaihana.fi\/index.php\/wp-json\/wp\/v2\/product_tag?post=935"}],"curies":[{"name":"wp","href":"https:\/\/api.w.org\/{rel}","templated":true}]}}