{"id":957,"date":"2024-06-15T19:06:59","date_gmt":"2024-06-15T16:06:59","guid":{"rendered":"https:\/\/lankakauppaihana.fi\/?post_type=product&#038;p=957"},"modified":"2025-08-27T12:59:50","modified_gmt":"2025-08-27T09:59:50","slug":"honor-0065-fuksia","status":"publish","type":"product","link":"https:\/\/lankakauppaihana.fi\/index.php\/product\/honor-0065-fuksia\/","title":{"rendered":"Honor 0065 fuksia"},"content":{"rendered":"","protected":false},"excerpt":{"rendered":"<p><strong>50% alpakka (suri) \/\/ 50% merino\u00a0<\/strong> * * * <strong>aran<\/strong> (200m\/100g)* * * <strong>puikot: 5\u00bd-6<\/strong><\/p>\n<p>WoolAddicts Honor on pumpulinpehme\u00e4 ja p\u00f6rr\u00f6inen lanka, joka on 50% alpakkaa ja 50% merinovillaa.<\/p>\n<p>Honor on aran-vahvuinen lanka, jota neulot puikoilla 5\u00bd-6.<br \/>\nKer\u00e4n koko on 50g ja siin\u00e4 on noin 100m lankaa (juoksevuus ~200m\/100g).<\/p>\n<p>Langan koostumus: 50% alpakka \/\/ 50% merinovilla<br \/>\nPesu: k\u00e4sinpesu (Eth\u00e4n k\u00e4yt\u00e4 huuhteluainetta!)<br \/>\nNeuletiheys: 17\u00d722<\/p>\n<p>Menekki (neule):<br \/>\nnaisten M-koko 400g<br \/>\nmiesten M-koko 550g<br \/>\n10-vuotias 300g<\/p>\n<p>Kehr\u00e4tty Italiassa.<\/p>\n","protected":false},"featured_media":741,"template":"","meta":{"_monsterinsights_skip_tracking":false,"_monsterinsights_sitenote_active":false,"_monsterinsights_sitenote_note":"","_monsterinsights_sitenote_category":0,"_uf_show_specific_survey":0,"_uf_disable_surveys":false},"product_brand":[],"product_cat":[65,121,95,98,120],"product_tag":[122,124,126,125,123,114],"class_list":{"0":"post-957","1":"product","2":"type-product","3":"status-publish","4":"has-post-thumbnail","6":"product_cat-wooladdicts","7":"product_cat-honor2","8":"product_cat-materiaalit","9":"product_cat-alpakka","10":"product_cat-honor","11":"product_tag-alpakka","12":"product_tag-alpakkamerino","13":"product_tag-aran","14":"product_tag-honor","15":"product_tag-merino","16":"product_tag-wooladdicts","18":"first","19":"outofstock","20":"taxable","21":"shipping-taxable","22":"purchasable","23":"product-type-simple"},"_links":{"self":[{"href":"https:\/\/lankakauppaihana.fi\/index.php\/wp-json\/wp\/v2\/product\/957","targetHints":{"allow":["GET"]}}],"collection":[{"href":"https:\/\/lankakauppaihana.fi\/index.php\/wp-json\/wp\/v2\/product"}],"about":[{"href":"https:\/\/lankakauppaihana.fi\/index.php\/wp-json\/wp\/v2\/types\/product"}],"wp:featuredmedia":[{"embeddable":true,"href":"https:\/\/lankakauppaihana.fi\/index.php\/wp-json\/wp\/v2\/media\/741"}],"wp:attachment":[{"href":"https:\/\/lankakauppaihana.fi\/index.php\/wp-json\/wp\/v2\/media?parent=957"}],"wp:term":[{"taxonomy":"product_brand","embeddable":true,"href":"https:\/\/lankakauppaihana.fi\/index.php\/wp-json\/wp\/v2\/product_brand?post=957"},{"taxonomy":"product_cat","embeddable":true,"href":"https:\/\/lankakauppaihana.fi\/index.php\/wp-json\/wp\/v2\/product_cat?post=957"},{"taxonomy":"product_tag","embeddable":true,"href":"https:\/\/lankakauppaihana.fi\/index.php\/wp-json\/wp\/v2\/product_tag?post=957"}],"curies":[{"name":"wp","href":"https:\/\/api.w.org\/{rel}","templated":true}]}}