{"id":989,"date":"2024-07-25T19:55:47","date_gmt":"2024-07-25T16:55:47","guid":{"rendered":"https:\/\/lankakauppaihana.fi\/?post_type=product&#038;p=989"},"modified":"2024-07-26T00:45:39","modified_gmt":"2024-07-25T21:45:39","slug":"sucka-banana-joku-vari","status":"publish","type":"product","link":"https:\/\/lankakauppaihana.fi\/index.php\/product\/sucka-banana-joku-vari\/","title":{"rendered":"Sucka Banana TULOSSA!"},"content":{"rendered":"","protected":false},"excerpt":{"rendered":"<p><strong>85% kotimainen villa \/\/ 15% nailon <\/strong>* * *<strong>dk \/ worsted<\/strong> (230m\/100g)* * * <strong>puikot: 3-3\u00bd<\/strong><\/p>\n<p>SYKSYLL\u00c4 2024 TULOSSA OLEVA TUOTE!<\/p>\n<p>Arctic Bananan Sucka Banana on t\u00e4ysin kotimainen sukkalanka. Siin\u00e4 on 85% suomalaista villaa ja 15% nailonia.<\/p>\n<p>Sucka Banana on k\u00e4sinv\u00e4rj\u00e4tty Rovaniemell\u00e4. Langan juoksevuus on 230m\/100g ja neulot sit\u00e4 puikoilla 3-3\u00bd.<\/p>\n<p>Pesu: k\u00e4sinpesu (Eth\u00e4n k\u00e4yt\u00e4 huuhteluainetta!)<\/p>\n","protected":false},"featured_media":2679,"template":"","meta":{"_monsterinsights_skip_tracking":false,"_monsterinsights_sitenote_active":false,"_monsterinsights_sitenote_note":"","_monsterinsights_sitenote_category":0,"_uf_show_specific_survey":0,"_uf_disable_surveys":false},"product_brand":[],"product_cat":[410,411,363,32,131],"product_tag":[129,128,127,130,68],"class_list":{"0":"post-989","1":"product","2":"type-product","3":"status-publish","4":"has-post-thumbnail","6":"product_cat-sucka-banana","7":"product_cat-sucka-banana-suomalainenvilla","8":"product_cat-tulossa","9":"product_cat-suckabanana","10":"product_cat-suckabanana2","11":"product_tag-arctic-banana","12":"product_tag-dksukkalanka","13":"product_tag-kotimainensukkalanka","14":"product_tag-sucka-banana","15":"product_tag-sukkalanka","17":"first","18":"outofstock","19":"taxable","20":"shipping-taxable","21":"purchasable","22":"product-type-simple"},"_links":{"self":[{"href":"https:\/\/lankakauppaihana.fi\/index.php\/wp-json\/wp\/v2\/product\/989","targetHints":{"allow":["GET"]}}],"collection":[{"href":"https:\/\/lankakauppaihana.fi\/index.php\/wp-json\/wp\/v2\/product"}],"about":[{"href":"https:\/\/lankakauppaihana.fi\/index.php\/wp-json\/wp\/v2\/types\/product"}],"wp:featuredmedia":[{"embeddable":true,"href":"https:\/\/lankakauppaihana.fi\/index.php\/wp-json\/wp\/v2\/media\/2679"}],"wp:attachment":[{"href":"https:\/\/lankakauppaihana.fi\/index.php\/wp-json\/wp\/v2\/media?parent=989"}],"wp:term":[{"taxonomy":"product_brand","embeddable":true,"href":"https:\/\/lankakauppaihana.fi\/index.php\/wp-json\/wp\/v2\/product_brand?post=989"},{"taxonomy":"product_cat","embeddable":true,"href":"https:\/\/lankakauppaihana.fi\/index.php\/wp-json\/wp\/v2\/product_cat?post=989"},{"taxonomy":"product_tag","embeddable":true,"href":"https:\/\/lankakauppaihana.fi\/index.php\/wp-json\/wp\/v2\/product_tag?post=989"}],"curies":[{"name":"wp","href":"https:\/\/api.w.org\/{rel}","templated":true}]}}